{"id":14805,"date":"2020-01-19T01:20:18","date_gmt":"2020-01-19T06:20:18","guid":{"rendered":"https:\/\/kundel.com\/produits\/"},"modified":"2024-02-28T10:48:09","modified_gmt":"2024-02-28T15:48:09","slug":"produits","status":"publish","type":"page","link":"https:\/\/kundel.com\/fr\/produits\/","title":{"rendered":"Produits"},"content":{"rendered":"<p>[et_pb_section fb_built=\u00a0\u00bb1&Prime; _builder_version=\u00a0\u00bb4.19.5&Prime; _module_preset=\u00a0\u00bbdefault\u00a0\u00bb global_colors_info=\u00a0\u00bb{}\u00a0\u00bb][et_pb_row module_class=\u00a0\u00bbk-txt-hdr-u-img\u00a0\u00bb _builder_version=\u00a0\u00bb4.19.5&Prime; custom_margin_tablet=\u00a0\u00bb\u00a0\u00bb custom_margin_phone=\u00a0\u00bb10px||||false|false\u00a0\u00bb custom_margin_last_edited=\u00a0\u00bbon|phone\u00a0\u00bb locked=\u00a0\u00bboff\u00a0\u00bb global_colors_info=\u00a0\u00bb{}\u00a0\u00bb][et_pb_column type=\u00a0\u00bb4_4&Prime; _builder_version=\u00a0\u00bb4.16&Prime; global_colors_info=\u00a0\u00bb{}\u00a0\u00bb][et_pb_text _builder_version=\u00a0\u00bb4.19.5&Prime; global_colors_info=\u00a0\u00bb{}\u00a0\u00bb]<\/p>\n<h1 class=\"custom-page-title\">KUNDEL INDUSTRIES INC. PRODUITS<\/h1>\n<p class=\"custom-page-sub\">\u00c9quipement de s\u00e9curit\u00e9 pour la classe ouvri\u00e8re.<\/p>\n<p>[\/et_pb_text][\/et_pb_column][\/et_pb_row][\/et_pb_section]<\/p>\n<script language='javascript' type='text\/javascript'>function getWR360PopupSkin(){return 'light_clean';}<\/script>","protected":false},"excerpt":{"rendered":"<p>KUNDEL INDUSTRIES INC. PRODUITS \u00c9quipement de s\u00e9curit\u00e9 pour la classe ouvri\u00e8re.<\/p>\n","protected":false},"author":1,"featured_media":13480,"parent":0,"menu_order":0,"comment_status":"closed","ping_status":"closed","template":"","meta":{"_acf_changed":false,"_et_pb_use_builder":"on","_et_pb_old_content":"","_et_gb_content_width":"","footnotes":""},"class_list":["post-14805","page","type-page","status-publish","has-post-thumbnail","hentry"],"acf":[],"yoast_head":"<!-- This site is optimized with the Yoast SEO plugin v27.4 - https:\/\/yoast.com\/product\/yoast-seo-wordpress\/ -->\n<title>KUNDEL | Produits<\/title>\n<meta name=\"description\" content=\"Kundel Ind. fournit des produits de premi\u00e8re qualit\u00e9 avec un facteur de s\u00e9curit\u00e9 de 10 pour 1 sur tous les produits de grue et de blindage de tranch\u00e9e. Essayez la nouvelle norme.\" \/>\n<meta name=\"robots\" content=\"index, follow, max-snippet:-1, max-image-preview:large, max-video-preview:-1\" \/>\n<link rel=\"canonical\" href=\"https:\/\/kundel.com\/fr\/produits\/\" \/>\n<meta property=\"og:locale\" content=\"fr_FR\" \/>\n<meta property=\"og:type\" content=\"article\" \/>\n<meta property=\"og:title\" content=\"KUNDEL | Produits\" \/>\n<meta property=\"og:description\" content=\"Kundel Ind. fournit des produits de premi\u00e8re qualit\u00e9 avec un facteur de s\u00e9curit\u00e9 de 10 pour 1 sur tous les produits de grue et de blindage de tranch\u00e9e. Essayez la nouvelle norme.\" \/>\n<meta property=\"og:url\" content=\"https:\/\/kundel.com\/fr\/produits\/\" \/>\n<meta property=\"og:site_name\" content=\"KUNDEL\" \/>\n<meta property=\"article:publisher\" content=\"https:\/\/www.facebook.com\/profile.php?id=100064046048542\" \/>\n<meta property=\"article:modified_time\" content=\"2024-02-28T15:48:09+00:00\" \/>\n<meta property=\"og:image\" content=\"https:\/\/kundel.com\/wp-content\/uploads\/2020\/02\/kundel-titan-specialty-trench-box.jpg\" \/>\n\t<meta property=\"og:image:width\" content=\"774\" \/>\n\t<meta property=\"og:image:height\" content=\"483\" \/>\n\t<meta property=\"og:image:type\" content=\"image\/jpeg\" \/>\n<meta name=\"twitter:card\" content=\"summary_large_image\" \/>\n<meta name=\"twitter:site\" content=\"@KundelBoxes\" \/>\n<script type=\"application\/ld+json\" class=\"yoast-schema-graph\">{\"@context\":\"https:\\\/\\\/schema.org\",\"@graph\":[{\"@type\":\"WebPage\",\"@id\":\"https:\\\/\\\/kundel.com\\\/fr\\\/produits\\\/\",\"url\":\"https:\\\/\\\/kundel.com\\\/fr\\\/produits\\\/\",\"name\":\"KUNDEL | Produits\",\"isPartOf\":{\"@id\":\"https:\\\/\\\/kundel.com\\\/fr\\\/#website\"},\"primaryImageOfPage\":{\"@id\":\"https:\\\/\\\/kundel.com\\\/fr\\\/produits\\\/#primaryimage\"},\"image\":{\"@id\":\"https:\\\/\\\/kundel.com\\\/fr\\\/produits\\\/#primaryimage\"},\"thumbnailUrl\":\"https:\\\/\\\/kundel.com\\\/wp-content\\\/uploads\\\/2020\\\/02\\\/kundel-titan-specialty-trench-box.jpg\",\"datePublished\":\"2020-01-19T06:20:18+00:00\",\"dateModified\":\"2024-02-28T15:48:09+00:00\",\"description\":\"Kundel Ind. fournit des produits de premi\u00e8re qualit\u00e9 avec un facteur de s\u00e9curit\u00e9 de 10 pour 1 sur tous les produits de grue et de blindage de tranch\u00e9e. Essayez la nouvelle norme.\",\"breadcrumb\":{\"@id\":\"https:\\\/\\\/kundel.com\\\/fr\\\/produits\\\/#breadcrumb\"},\"inLanguage\":\"fr-FR\",\"potentialAction\":[{\"@type\":\"ReadAction\",\"target\":[\"https:\\\/\\\/kundel.com\\\/fr\\\/produits\\\/\"]}]},{\"@type\":\"ImageObject\",\"inLanguage\":\"fr-FR\",\"@id\":\"https:\\\/\\\/kundel.com\\\/fr\\\/produits\\\/#primaryimage\",\"url\":\"https:\\\/\\\/kundel.com\\\/wp-content\\\/uploads\\\/2020\\\/02\\\/kundel-titan-specialty-trench-box.jpg\",\"contentUrl\":\"https:\\\/\\\/kundel.com\\\/wp-content\\\/uploads\\\/2020\\\/02\\\/kundel-titan-specialty-trench-box.jpg\",\"width\":774,\"height\":483},{\"@type\":\"BreadcrumbList\",\"@id\":\"https:\\\/\\\/kundel.com\\\/fr\\\/produits\\\/#breadcrumb\",\"itemListElement\":[{\"@type\":\"ListItem\",\"position\":1,\"name\":\"Home\",\"item\":\"https:\\\/\\\/kundel.com\\\/fr\\\/\"},{\"@type\":\"ListItem\",\"position\":2,\"name\":\"Produits\"}]},{\"@type\":\"WebSite\",\"@id\":\"https:\\\/\\\/kundel.com\\\/fr\\\/#website\",\"url\":\"https:\\\/\\\/kundel.com\\\/fr\\\/\",\"name\":\"KUNDEL\",\"description\":\"Manufacturer of Production Safety Equipment including Overhead cranes, Jib Cranes, Trench Shoring and Bedding Boxes\",\"publisher\":{\"@id\":\"https:\\\/\\\/kundel.com\\\/fr\\\/#organization\"},\"potentialAction\":[{\"@type\":\"SearchAction\",\"target\":{\"@type\":\"EntryPoint\",\"urlTemplate\":\"https:\\\/\\\/kundel.com\\\/fr\\\/?s={search_term_string}\"},\"query-input\":{\"@type\":\"PropertyValueSpecification\",\"valueRequired\":true,\"valueName\":\"search_term_string\"}}],\"inLanguage\":\"fr-FR\"},{\"@type\":\"Organization\",\"@id\":\"https:\\\/\\\/kundel.com\\\/fr\\\/#organization\",\"name\":\"Kundel Industries Inc.\",\"alternateName\":\"Kundel\",\"url\":\"https:\\\/\\\/kundel.com\\\/fr\\\/\",\"logo\":{\"@type\":\"ImageObject\",\"inLanguage\":\"fr-FR\",\"@id\":\"https:\\\/\\\/kundel.com\\\/fr\\\/#\\\/schema\\\/logo\\\/image\\\/\",\"url\":\"https:\\\/\\\/kundel.com\\\/wp-content\\\/uploads\\\/2023\\\/02\\\/Schema-Kundel-Logo.jpg\",\"contentUrl\":\"https:\\\/\\\/kundel.com\\\/wp-content\\\/uploads\\\/2023\\\/02\\\/Schema-Kundel-Logo.jpg\",\"width\":696,\"height\":696,\"caption\":\"Kundel Industries Inc.\"},\"image\":{\"@id\":\"https:\\\/\\\/kundel.com\\\/fr\\\/#\\\/schema\\\/logo\\\/image\\\/\"},\"sameAs\":[\"https:\\\/\\\/www.facebook.com\\\/profile.php?id=100064046048542\",\"https:\\\/\\\/x.com\\\/KundelBoxes\",\"https:\\\/\\\/www.instagram.com\\\/kundelindustries\\\/\",\"https:\\\/\\\/www.linkedin.com\\\/company\\\/kundelindustries\\\/\",\"https:\\\/\\\/www.youtube.com\\\/channel\\\/UCaTKXbyOyIQwt89ySWg1VMw\"]}]}<\/script>\n<!-- \/ Yoast SEO plugin. -->","yoast_head_json":{"title":"KUNDEL | Produits","description":"Kundel Ind. fournit des produits de premi\u00e8re qualit\u00e9 avec un facteur de s\u00e9curit\u00e9 de 10 pour 1 sur tous les produits de grue et de blindage de tranch\u00e9e. Essayez la nouvelle norme.","robots":{"index":"index","follow":"follow","max-snippet":"max-snippet:-1","max-image-preview":"max-image-preview:large","max-video-preview":"max-video-preview:-1"},"canonical":"https:\/\/kundel.com\/fr\/produits\/","og_locale":"fr_FR","og_type":"article","og_title":"KUNDEL | Produits","og_description":"Kundel Ind. fournit des produits de premi\u00e8re qualit\u00e9 avec un facteur de s\u00e9curit\u00e9 de 10 pour 1 sur tous les produits de grue et de blindage de tranch\u00e9e. Essayez la nouvelle norme.","og_url":"https:\/\/kundel.com\/fr\/produits\/","og_site_name":"KUNDEL","article_publisher":"https:\/\/www.facebook.com\/profile.php?id=100064046048542","article_modified_time":"2024-02-28T15:48:09+00:00","og_image":[{"width":774,"height":483,"url":"https:\/\/kundel.com\/wp-content\/uploads\/2020\/02\/kundel-titan-specialty-trench-box.jpg","type":"image\/jpeg"}],"twitter_card":"summary_large_image","twitter_site":"@KundelBoxes","schema":{"@context":"https:\/\/schema.org","@graph":[{"@type":"WebPage","@id":"https:\/\/kundel.com\/fr\/produits\/","url":"https:\/\/kundel.com\/fr\/produits\/","name":"KUNDEL | Produits","isPartOf":{"@id":"https:\/\/kundel.com\/fr\/#website"},"primaryImageOfPage":{"@id":"https:\/\/kundel.com\/fr\/produits\/#primaryimage"},"image":{"@id":"https:\/\/kundel.com\/fr\/produits\/#primaryimage"},"thumbnailUrl":"https:\/\/kundel.com\/wp-content\/uploads\/2020\/02\/kundel-titan-specialty-trench-box.jpg","datePublished":"2020-01-19T06:20:18+00:00","dateModified":"2024-02-28T15:48:09+00:00","description":"Kundel Ind. fournit des produits de premi\u00e8re qualit\u00e9 avec un facteur de s\u00e9curit\u00e9 de 10 pour 1 sur tous les produits de grue et de blindage de tranch\u00e9e. Essayez la nouvelle norme.","breadcrumb":{"@id":"https:\/\/kundel.com\/fr\/produits\/#breadcrumb"},"inLanguage":"fr-FR","potentialAction":[{"@type":"ReadAction","target":["https:\/\/kundel.com\/fr\/produits\/"]}]},{"@type":"ImageObject","inLanguage":"fr-FR","@id":"https:\/\/kundel.com\/fr\/produits\/#primaryimage","url":"https:\/\/kundel.com\/wp-content\/uploads\/2020\/02\/kundel-titan-specialty-trench-box.jpg","contentUrl":"https:\/\/kundel.com\/wp-content\/uploads\/2020\/02\/kundel-titan-specialty-trench-box.jpg","width":774,"height":483},{"@type":"BreadcrumbList","@id":"https:\/\/kundel.com\/fr\/produits\/#breadcrumb","itemListElement":[{"@type":"ListItem","position":1,"name":"Home","item":"https:\/\/kundel.com\/fr\/"},{"@type":"ListItem","position":2,"name":"Produits"}]},{"@type":"WebSite","@id":"https:\/\/kundel.com\/fr\/#website","url":"https:\/\/kundel.com\/fr\/","name":"KUNDEL","description":"Manufacturer of Production Safety Equipment including Overhead cranes, Jib Cranes, Trench Shoring and Bedding Boxes","publisher":{"@id":"https:\/\/kundel.com\/fr\/#organization"},"potentialAction":[{"@type":"SearchAction","target":{"@type":"EntryPoint","urlTemplate":"https:\/\/kundel.com\/fr\/?s={search_term_string}"},"query-input":{"@type":"PropertyValueSpecification","valueRequired":true,"valueName":"search_term_string"}}],"inLanguage":"fr-FR"},{"@type":"Organization","@id":"https:\/\/kundel.com\/fr\/#organization","name":"Kundel Industries Inc.","alternateName":"Kundel","url":"https:\/\/kundel.com\/fr\/","logo":{"@type":"ImageObject","inLanguage":"fr-FR","@id":"https:\/\/kundel.com\/fr\/#\/schema\/logo\/image\/","url":"https:\/\/kundel.com\/wp-content\/uploads\/2023\/02\/Schema-Kundel-Logo.jpg","contentUrl":"https:\/\/kundel.com\/wp-content\/uploads\/2023\/02\/Schema-Kundel-Logo.jpg","width":696,"height":696,"caption":"Kundel Industries Inc."},"image":{"@id":"https:\/\/kundel.com\/fr\/#\/schema\/logo\/image\/"},"sameAs":["https:\/\/www.facebook.com\/profile.php?id=100064046048542","https:\/\/x.com\/KundelBoxes","https:\/\/www.instagram.com\/kundelindustries\/","https:\/\/www.linkedin.com\/company\/kundelindustries\/","https:\/\/www.youtube.com\/channel\/UCaTKXbyOyIQwt89ySWg1VMw"]}]}},"_links":{"self":[{"href":"https:\/\/kundel.com\/fr\/wp-json\/wp\/v2\/pages\/14805","targetHints":{"allow":["GET"]}}],"collection":[{"href":"https:\/\/kundel.com\/fr\/wp-json\/wp\/v2\/pages"}],"about":[{"href":"https:\/\/kundel.com\/fr\/wp-json\/wp\/v2\/types\/page"}],"author":[{"embeddable":true,"href":"https:\/\/kundel.com\/fr\/wp-json\/wp\/v2\/users\/1"}],"replies":[{"embeddable":true,"href":"https:\/\/kundel.com\/fr\/wp-json\/wp\/v2\/comments?post=14805"}],"version-history":[{"count":13,"href":"https:\/\/kundel.com\/fr\/wp-json\/wp\/v2\/pages\/14805\/revisions"}],"predecessor-version":[{"id":16601,"href":"https:\/\/kundel.com\/fr\/wp-json\/wp\/v2\/pages\/14805\/revisions\/16601"}],"wp:featuredmedia":[{"embeddable":true,"href":"https:\/\/kundel.com\/fr\/wp-json\/wp\/v2\/media\/13480"}],"wp:attachment":[{"href":"https:\/\/kundel.com\/fr\/wp-json\/wp\/v2\/media?parent=14805"}],"curies":[{"name":"wp","href":"https:\/\/api.w.org\/{rel}","templated":true}]}}