{"id":15836,"date":"2021-03-05T11:01:53","date_gmt":"2021-03-05T16:01:53","guid":{"rendered":"https:\/\/kundel.com\/produits\/serie-safeguard-boites-de-tranchee-en-aluminium\/safeguard-vue-360o\/"},"modified":"2024-02-17T13:11:28","modified_gmt":"2024-02-17T18:11:28","slug":"safeguard-vue-360o","status":"publish","type":"page","link":"https:\/\/kundel.com\/fr\/produits\/serie-safeguard-boites-de-tranchee-en-aluminium\/safeguard-vue-360o\/","title":{"rendered":"SafeGuard Vue 360\u00ba"},"content":{"rendered":"<p>[et_pb_section fb_built=\u00a0\u00bb1&Prime; _builder_version=\u00a0\u00bb4.16&Prime; _module_preset=\u00a0\u00bbdefault\u00a0\u00bb custom_margin=\u00a0\u00bb|||-2px||\u00a0\u00bb global_colors_info=\u00a0\u00bb{}\u00a0\u00bb][et_pb_row module_class=\u00a0\u00bbpagestoppad\u00a0\u00bb _builder_version=\u00a0\u00bb4.16&Prime; custom_margin=\u00a0\u00bb||||false|false\u00a0\u00bb custom_padding=\u00a0\u00bb||||false|false\u00a0\u00bb locked=\u00a0\u00bboff\u00a0\u00bb global_colors_info=\u00a0\u00bb{}\u00a0\u00bb][et_pb_column type=\u00a0\u00bb4_4&Prime; _builder_version=\u00a0\u00bb4.16&Prime; global_colors_info=\u00a0\u00bb{}\u00a0\u00bb][et_pb_text _builder_version=\u00a0\u00bb4.19.5&Prime; global_colors_info=\u00a0\u00bb{}\u00a0\u00bb]<\/p>\n<h1 class=\"custom-page-title\">S\u00c9RIE SAFEGUARD &#8211; BO\u00ceTES DE TRANCH\u00c9ES ET \u00c9TAIEMENT EN ALUMINIUM &#8211; VUE 360\u00ba<\/h1>\n<p class=\"custom-page-sub\">Exp\u00e9rience de Visualisation 3D de Haute Qualit\u00e9<\/p>\n<p>[\/et_pb_text][\/et_pb_column][\/et_pb_row][et_pb_row _builder_version=\u00a0\u00bb4.16&Prime; _module_preset=\u00a0\u00bbdefault\u00a0\u00bb global_colors_info=\u00a0\u00bb{}\u00a0\u00bb][et_pb_column type=\u00a0\u00bb4_4&Prime; _builder_version=\u00a0\u00bb4.16&Prime; _module_preset=\u00a0\u00bbdefault\u00a0\u00bb global_colors_info=\u00a0\u00bb{}\u00a0\u00bb][et_pb_text _builder_version=\u00a0\u00bb4.19.5&Prime; global_colors_info=\u00a0\u00bb{}\u00a0\u00bb]<\/p>\n<div class=\"protopmenu\" style=\"text-align: center;\"><a class=\"promenuoff safemenu\" href=\"https:\/\/kundel.com\/fr\/produits\/serie-safeguard-boites-de-tranchee-en-aluminium\/serie-shorelite\/\">Shorelite<\/a><a class=\"promenuoff safemenu\" href=\"https:\/\/kundel.com\/fr\/produits\/serie-safeguard-boites-de-tranchee-en-aluminium\/v-panel\/\">V-Panel<\/a><a class=\"promenuoff safemenu\" href=\"https:\/\/kundel.com\/fr\/produits\/serie-safeguard-boites-de-tranchee-en-aluminium\/serie-trenshore\/\">Trenshore<\/a><a class=\"promenuoff safemenu\" href=\"https:\/\/kundel.com\/fr\/produits\/serie-safeguard-boites-de-tranchee-en-aluminium\/timbershore\/\">Timbershore<\/a><a class=\"promenuoff safemenu\" href=\"https:\/\/kundel.com\/fr\/produits\/serie-safeguard-boites-de-tranchee-en-aluminium\/multishore\/\">Multishore<\/a><a class=\"promenuoff safemenu\" href=\"https:\/\/kundel.com\/fr\/produits\/serie-safeguard-boites-de-tranchee-en-aluminium\/tuffguy\/\">Tuffguy<\/a><a class=\"promenuon safemenu\" href=\"https:\/\/kundel.com\/fr\/produits\/serie-safeguard-boites-de-tranchee-en-aluminium\/safeguard-vue-360o\/\">Vue 360\u00ba<\/a><\/div>\n<p>[\/et_pb_text][\/et_pb_column][\/et_pb_row][et_pb_row column_structure=\u00a0\u00bb1_5,1_5,1_5,1_5,1_5&Prime; _builder_version=\u00a0\u00bb4.16&Prime; _module_preset=\u00a0\u00bbdefault\u00a0\u00bb global_colors_info=\u00a0\u00bb{}\u00a0\u00bb][et_pb_column type=\u00a0\u00bb1_5&Prime; _builder_version=\u00a0\u00bb4.16&Prime; _module_preset=\u00a0\u00bbdefault\u00a0\u00bb global_colors_info=\u00a0\u00bb{}\u00a0\u00bb][et_pb_text module_class=\u00a0\u00bbk-pro-card\u00a0\u00bb _builder_version=\u00a0\u00bb4.19.5&Prime; link_option_url=\u00a0\u00bbhttps:\/\/kundel.com\/Media\/Kundel360\/ShoreLite\/\u00a0\u00bb link_option_url_new_window=\u00a0\u00bbon\u00a0\u00bb global_colors_info=\u00a0\u00bb{}\u00a0\u00bb]<img decoding=\"async\" src=\"https:\/\/kundel.com\/wp-content\/uploads\/2020\/08\/SLP-6X8x4-3Sided-Sprd-SquareConn-2-221x300.png\" width=\"221\" height=\"300\" alt=\"Panneau Shorelite 6X8x4 \u00e0 connecteurs carr\u00e9s \u00e0 3 c\u00f4t\u00e9s - \u00c9tais - \u00c9tais de tranch\u00e9e - Bo\u00eete d'\u00e9taiement - Mur d'\u00e9taiement - S\u00e9curit\u00e9 des tranch\u00e9es\" class=\"wp-image-4340 size-medium\" srcset=\"https:\/\/kundel.com\/wp-content\/uploads\/2020\/08\/SLP-6X8x4-3Sided-Sprd-SquareConn-2-221x300.png 221w, https:\/\/kundel.com\/wp-content\/uploads\/2020\/08\/SLP-6X8x4-3Sided-Sprd-SquareConn-2.png 360w\" sizes=\"(max-width: 221px) 100vw, 221px\" \/>    <a href=\"\/Media\/Kundel360\/ShoreLite\/\"><\/a><\/p>\n<div class=\"promaincont\">\n<p class=\"product-name rtecenter\"><a href=\"\/Media\/Kundel360\/ShoreLite\/\">Shorelite<\/a><\/p>\n<p class=\"product-name rtecenter\">&#8211; Connecteurs Carr\u00e9s<\/p>\n<p class=\"product-name rtecenter\">&#8211; Embouts de Capuchon d&rsquo;Extr\u00e9mit\u00e9<\/p>\n<div class=\"probutdiv\">\n<p class=\"featmore\"><a class=\"views-more-link\" href=\"\/Media\/Kundel360\/ShoreLite\/\">Vue 360\u00ba<\/a><\/p>\n<\/div>\n<\/div>\n<p>[\/et_pb_text][\/et_pb_column][et_pb_column type=\u00a0\u00bb1_5&Prime; _builder_version=\u00a0\u00bb4.16&Prime; _module_preset=\u00a0\u00bbdefault\u00a0\u00bb global_colors_info=\u00a0\u00bb{}\u00a0\u00bb][et_pb_text module_class=\u00a0\u00bbk-pro-card\u00a0\u00bb _builder_version=\u00a0\u00bb4.19.5&Prime; link_option_url=\u00a0\u00bbhttps:\/\/kundel.com\/Media\/Kundel360\/ShoreLite-Lite\/\u00a0\u00bb link_option_url_new_window=\u00a0\u00bbon\u00a0\u00bb global_colors_info=\u00a0\u00bb{}\u00a0\u00bb]<img decoding=\"async\" src=\"https:\/\/kundel.com\/wp-content\/uploads\/2021\/03\/ShorLiteLite_W_Ajust_Wheels_SW2019-V2-221x300.png\" width=\"221\" height=\"300\" alt=\"\" class=\"wp-image-5665 alignnone size-medium\" srcset=\"https:\/\/kundel.com\/wp-content\/uploads\/2021\/03\/ShorLiteLite_W_Ajust_Wheels_SW2019-V2-221x300.png 221w, https:\/\/kundel.com\/wp-content\/uploads\/2021\/03\/ShorLiteLite_W_Ajust_Wheels_SW2019-V2.png 360w\" sizes=\"(max-width: 221px) 100vw, 221px\" \/>   <a href=\"\/Media\/Kundel360\/ShoreLite-Lite\/\"><\/a><\/p>\n<div class=\"promaincont\">\n<p class=\"product-name rtecenter\"><a href=\"\/Media\/Kundel360\/ShoreLite-Lite\/\">Shorelite Lite<\/a><\/p>\n<p class=\"product-name rtecenter\">&#8211; Ajusteurs d&rsquo;\u00c9cartement<\/p>\n<p class=\"product-name rtecenter\">&#8211; Kit de Roues<\/p>\n<div class=\"probutdiv\">\n<p class=\"featmore\"><a class=\"views-more-link\" href=\"\/Media\/Kundel360\/ShoreLite-Lite\/\">Vue 360\u00ba<\/a><\/p>\n<\/div>\n<\/div>\n<p>[\/et_pb_text][\/et_pb_column][et_pb_column type=\u00a0\u00bb1_5&Prime; _builder_version=\u00a0\u00bb4.16&Prime; _module_preset=\u00a0\u00bbdefault\u00a0\u00bb global_colors_info=\u00a0\u00bb{}\u00a0\u00bb][et_pb_text module_class=\u00a0\u00bbk-pro-card\u00a0\u00bb _builder_version=\u00a0\u00bb4.19.5&Prime; link_option_url=\u00a0\u00bbhttps:\/\/kundel.com\/Media\/Kundel360\/ShoreLite-Shield\/\u00a0\u00bb link_option_url_new_window=\u00a0\u00bbon\u00a0\u00bb global_colors_info=\u00a0\u00bb{}\u00a0\u00bb]<img decoding=\"async\" src=\"https:\/\/kundel.com\/wp-content\/uploads\/2020\/07\/SLAS-8X10-w-cutout-Assem-221x300.png\" width=\"221\" height=\"300\" alt=\"Bouclier en aluminium Shorelight 8x10 avec d\u00e9coupe - \u00c9taiement - \u00c9taiement de tranch\u00e9e - Bo\u00eete d'\u00e9taiement - Mur d'\u00e9taiement - Bouclier de tranch\u00e9e Kundel - Bouclier de tranch\u00e9e - Bouclier\" class=\"wp-image-4189 size-medium\" srcset=\"https:\/\/kundel.com\/wp-content\/uploads\/2020\/07\/SLAS-8X10-w-cutout-Assem-221x300.png 221w, https:\/\/kundel.com\/wp-content\/uploads\/2020\/07\/SLAS-8X10-w-cutout-Assem.png 360w\" sizes=\"(max-width: 221px) 100vw, 221px\" \/>     <a href=\"\/Media\/Kundel360\/ShoreLite-Shield\/\"><\/a><\/p>\n<div class=\"promaincont\">\n<p class=\"product-name rtecenter\"><a href=\"\/Media\/Kundel360\/ShoreLite-Shield\/\">Shorelite Shield<\/a><\/p>\n<p class=\"product-name rtecenter\">&#8211; D\u00e9coupe<\/p>\n<div class=\"probutdiv\">\n<p class=\"featmore\"><a class=\"views-more-link\" href=\"\/Media\/Kundel360\/ShoreLite-Shield\/\">Vue 360\u00ba<\/a><\/p>\n<\/div>\n<\/div>\n<p>&nbsp;[\/et_pb_text][\/et_pb_column][et_pb_column type=\u00a0\u00bb1_5&Prime; _builder_version=\u00a0\u00bb4.16&Prime; _module_preset=\u00a0\u00bbdefault\u00a0\u00bb global_colors_info=\u00a0\u00bb{}\u00a0\u00bb][et_pb_text module_class=\u00a0\u00bbk-pro-card\u00a0\u00bb _builder_version=\u00a0\u00bb4.19.5&Prime; link_option_url=\u00a0\u00bbhttps:\/\/kundel.com\/Media\/Kundel360\/V-Panel\/\u00a0\u00bb link_option_url_new_window=\u00a0\u00bbon\u00a0\u00bb global_colors_info=\u00a0\u00bb{}\u00a0\u00bb]<\/p>\n<p><img decoding=\"async\" src=\"https:\/\/kundel.com\/wp-content\/uploads\/2020\/07\/VP-8X8-K_V2-6-221x300.png\" width=\"221\" height=\"300\" alt=\"Panneau en V 8x8 avec bord de couteau - \u00c9taiement - \u00c9taiement de tranch\u00e9e - Bo\u00eete d'\u00e9taiement - Mur d'\u00e9taiement - Bouclier de tranch\u00e9e Kundel - Bouclier de tranch\u00e9e - Bouclier\" class=\"wp-image-4192 size-medium\" srcset=\"https:\/\/kundel.com\/wp-content\/uploads\/2020\/07\/VP-8X8-K_V2-6-221x300.png 221w, https:\/\/kundel.com\/wp-content\/uploads\/2020\/07\/VP-8X8-K_V2-6.png 360w\" sizes=\"(max-width: 221px) 100vw, 221px\" \/>   <a href=\"\/Media\/Kundel360\/V-Panel\/\"><\/a><\/p>\n<div class=\"promaincont\">\n<p class=\"product-name rtecenter\"><a href=\"\/Media\/Kundel360\/V-Panel\/\">V-Panel<\/a><\/p>\n<div class=\"probutdiv\">\n<p class=\"featmore\"><a class=\"views-more-link\" href=\"\/Media\/Kundel360\/V-Panel\/\">Vue 360\u00ba<\/a><\/p>\n<\/div>\n<\/div>\n<p>[\/et_pb_text][\/et_pb_column][et_pb_column type=\u00a0\u00bb1_5&Prime; _builder_version=\u00a0\u00bb4.16&Prime; _module_preset=\u00a0\u00bbdefault\u00a0\u00bb global_colors_info=\u00a0\u00bb{}\u00a0\u00bb][et_pb_text module_class=\u00a0\u00bbk-pro-card\u00a0\u00bb _builder_version=\u00a0\u00bb4.19.5&Prime; link_option_url=\u00a0\u00bbhttps:\/\/kundel.com\/Media\/Kundel360\/TimberShore\/\u00a0\u00bb link_option_url_new_window=\u00a0\u00bbon\u00a0\u00bb global_colors_info=\u00a0\u00bb{}\u00a0\u00bb]<\/p>\n<p><img decoding=\"async\" src=\"https:\/\/kundel.com\/wp-content\/uploads\/2020\/07\/Timber-Shore-270x300.png\" width=\"270\" height=\"300\" alt=\"Rivage en bois - \u00c9taiement - \u00c9taiement de tranch\u00e9e - Bo\u00eete d'\u00e9taiement - Mur d'\u00e9taiement - Bouclier de tranch\u00e9e Kundel - Bouclier de tranch\u00e9e - Bouclier\" class=\"wp-image-4226 size-medium\" srcset=\"https:\/\/kundel.com\/wp-content\/uploads\/2020\/07\/Timber-Shore-270x300.png 270w, https:\/\/kundel.com\/wp-content\/uploads\/2020\/07\/Timber-Shore.png 360w\" sizes=\"(max-width: 270px) 100vw, 270px\" \/>      <a href=\"\/Media\/Kundel360\/TimberShore\/\"><\/a><\/p>\n<div class=\"promaincont\">\n<p class=\"product-name rtecenter\"><a href=\"\/Media\/Kundel360\/TimberShore\/\">Timber Shore<\/a><\/p>\n<div class=\"probutdiv\">\n<p class=\"featmore\"><a class=\"views-more-link\" href=\"\/Media\/Kundel360\/TimberShore\/\">Vue 360\u00ba<\/a><\/p>\n<\/div>\n<\/div>\n<p>[\/et_pb_text][\/et_pb_column][\/et_pb_row][et_pb_row column_structure=\u00a0\u00bb1_5,1_5,1_5,1_5,1_5&Prime; _builder_version=\u00a0\u00bb4.16&Prime; _module_preset=\u00a0\u00bbdefault\u00a0\u00bb global_colors_info=\u00a0\u00bb{}\u00a0\u00bb][et_pb_column type=\u00a0\u00bb1_5&Prime; _builder_version=\u00a0\u00bb4.16&Prime; _module_preset=\u00a0\u00bbdefault\u00a0\u00bb global_colors_info=\u00a0\u00bb{}\u00a0\u00bb][et_pb_text module_class=\u00a0\u00bbk-pro-card\u00a0\u00bb _builder_version=\u00a0\u00bb4.19.5&Prime; link_option_url=\u00a0\u00bbhttps:\/\/kundel.com\/Media\/Kundel360\/TuffGuy\/\u00a0\u00bb link_option_url_new_window=\u00a0\u00bbon\u00a0\u00bb global_colors_info=\u00a0\u00bb{}\u00a0\u00bb]<\/p>\n<p><img decoding=\"async\" src=\"https:\/\/kundel.com\/wp-content\/uploads\/2020\/08\/TuffGuy6X6-4X6_Stacked_LegKit_Sprd_Pins_Assem-2-221x300.png\" width=\"221\" height=\"300\" alt=\"Tuff Guy 6x6 - Kit de pieds empil\u00e9s 4x6 et goupilles d'\u00e9cartement - \u00c9taiement - \u00c9taiement de tranch\u00e9e - Bo\u00eete d'\u00e9taiement - Mur d'\u00e9taiement - Bouclier de tranch\u00e9e Kundel - Bouclier de tranch\u00e9e - Bouclier\" class=\"wp-image-4255 size-medium\" srcset=\"https:\/\/kundel.com\/wp-content\/uploads\/2020\/08\/TuffGuy6X6-4X6_Stacked_LegKit_Sprd_Pins_Assem-2-221x300.png 221w, https:\/\/kundel.com\/wp-content\/uploads\/2020\/08\/TuffGuy6X6-4X6_Stacked_LegKit_Sprd_Pins_Assem-2.png 360w\" sizes=\"(max-width: 221px) 100vw, 221px\" \/>   <a href=\"\/Media\/Kundel360\/TuffGuy\/\"><\/a><\/p>\n<div class=\"promaincont\">\n<p class=\"product-name rtecenter\"><a href=\"\/Media\/Kundel360\/TuffGuy\/\">TuffGuy<\/a><\/p>\n<p class=\"product-name rtecenter\">&#8211; Empil\u00e9 avec Kit de Pieds<\/p>\n<div class=\"probutdiv\">\n<p class=\"featmore\"><a class=\"views-more-link\" href=\"\/Media\/Kundel360\/TuffGuy\/\">Vue 360\u00ba<\/a><\/p>\n<\/div>\n<\/div>\n<p>[\/et_pb_text][\/et_pb_column][et_pb_column type=\u00a0\u00bb1_5&Prime; _builder_version=\u00a0\u00bb4.16&Prime; _module_preset=\u00a0\u00bbdefault\u00a0\u00bb global_colors_info=\u00a0\u00bb{}\u00a0\u00bb][\/et_pb_column][et_pb_column type=\u00a0\u00bb1_5&Prime; _builder_version=\u00a0\u00bb4.16&Prime; _module_preset=\u00a0\u00bbdefault\u00a0\u00bb global_colors_info=\u00a0\u00bb{}\u00a0\u00bb][\/et_pb_column][et_pb_column type=\u00a0\u00bb1_5&Prime; _builder_version=\u00a0\u00bb4.16&Prime; _module_preset=\u00a0\u00bbdefault\u00a0\u00bb global_colors_info=\u00a0\u00bb{}\u00a0\u00bb][\/et_pb_column][et_pb_column type=\u00a0\u00bb1_5&Prime; _builder_version=\u00a0\u00bb4.16&Prime; _module_preset=\u00a0\u00bbdefault\u00a0\u00bb global_colors_info=\u00a0\u00bb{}\u00a0\u00bb][\/et_pb_column][\/et_pb_row][\/et_pb_section]<\/p>\n<script language='javascript' type='text\/javascript'>function getWR360PopupSkin(){return 'light_clean';}<\/script>","protected":false},"excerpt":{"rendered":"<p>S\u00c9RIE SAFEGUARD &#8211; BO\u00ceTES DE TRANCH\u00c9ES ET \u00c9TAIEMENT EN ALUMINIUM &#8211; VUE 360\u00ba Exp\u00e9rience de Visualisation 3D de Haute Qualit\u00e9ShoreliteV-PanelTrenshoreTimbershoreMultishoreTuffguyVue 360\u00ba Shorelite &#8211; Connecteurs Carr\u00e9s &#8211; Embouts de Capuchon d&rsquo;Extr\u00e9mit\u00e9 Vue 360\u00ba Shorelite Lite &#8211; Ajusteurs d&rsquo;\u00c9cartement &#8211; Kit de Roues Vue 360\u00ba Shorelite Shield &#8211; D\u00e9coupe Vue 360\u00ba &nbsp; V-Panel Vue 360\u00ba Timber Shore [&hellip;]<\/p>\n","protected":false},"author":5,"featured_media":13857,"parent":14820,"menu_order":0,"comment_status":"closed","ping_status":"closed","template":"","meta":{"_acf_changed":false,"_et_pb_use_builder":"on","_et_pb_old_content":"","_et_gb_content_width":"","footnotes":""},"class_list":["post-15836","page","type-page","status-publish","has-post-thumbnail","hentry"],"acf":[],"yoast_head":"<!-- This site is optimized with the Yoast SEO plugin v27.4 - https:\/\/yoast.com\/product\/yoast-seo-wordpress\/ -->\n<title>KUNDEL | SafeGuard Vue 360\u00ba<\/title>\n<meta name=\"description\" content=\"Compact, l\u00e9ger et modulaire. Ce syst\u00e8me est simple, sans complication et facile \u00e0 assembler avec seulement deux personnes.\" \/>\n<meta name=\"robots\" content=\"index, follow, max-snippet:-1, max-image-preview:large, max-video-preview:-1\" \/>\n<link rel=\"canonical\" href=\"https:\/\/kundel.com\/fr\/produits\/serie-safeguard-boites-de-tranchee-en-aluminium\/safeguard-vue-360o\/\" \/>\n<meta property=\"og:locale\" content=\"fr_FR\" \/>\n<meta property=\"og:type\" content=\"article\" \/>\n<meta property=\"og:title\" content=\"KUNDEL | SafeGuard Vue 360\u00ba\" \/>\n<meta property=\"og:description\" content=\"Compact, l\u00e9ger et modulaire. Ce syst\u00e8me est simple, sans complication et facile \u00e0 assembler avec seulement deux personnes.\" \/>\n<meta property=\"og:url\" content=\"https:\/\/kundel.com\/fr\/produits\/serie-safeguard-boites-de-tranchee-en-aluminium\/safeguard-vue-360o\/\" \/>\n<meta property=\"og:site_name\" content=\"KUNDEL\" \/>\n<meta property=\"article:publisher\" content=\"https:\/\/www.facebook.com\/profile.php?id=100064046048542\" \/>\n<meta property=\"article:modified_time\" content=\"2024-02-17T18:11:28+00:00\" \/>\n<meta property=\"og:image\" content=\"https:\/\/kundel.com\/wp-content\/uploads\/2021\/03\/360-Page.png\" \/>\n\t<meta property=\"og:image:width\" content=\"455\" \/>\n\t<meta property=\"og:image:height\" content=\"879\" \/>\n\t<meta property=\"og:image:type\" content=\"image\/png\" \/>\n<meta name=\"twitter:card\" content=\"summary_large_image\" \/>\n<meta name=\"twitter:site\" content=\"@KundelBoxes\" \/>\n<meta name=\"twitter:label1\" content=\"Dur\u00e9e de lecture estim\u00e9e\" \/>\n\t<meta name=\"twitter:data1\" content=\"3 minutes\" \/>\n<script type=\"application\/ld+json\" class=\"yoast-schema-graph\">{\"@context\":\"https:\\\/\\\/schema.org\",\"@graph\":[{\"@type\":\"WebPage\",\"@id\":\"https:\\\/\\\/kundel.com\\\/fr\\\/produits\\\/serie-safeguard-boites-de-tranchee-en-aluminium\\\/safeguard-vue-360o\\\/\",\"url\":\"https:\\\/\\\/kundel.com\\\/fr\\\/produits\\\/serie-safeguard-boites-de-tranchee-en-aluminium\\\/safeguard-vue-360o\\\/\",\"name\":\"KUNDEL | SafeGuard Vue 360\u00ba\",\"isPartOf\":{\"@id\":\"https:\\\/\\\/kundel.com\\\/fr\\\/#website\"},\"primaryImageOfPage\":{\"@id\":\"https:\\\/\\\/kundel.com\\\/fr\\\/produits\\\/serie-safeguard-boites-de-tranchee-en-aluminium\\\/safeguard-vue-360o\\\/#primaryimage\"},\"image\":{\"@id\":\"https:\\\/\\\/kundel.com\\\/fr\\\/produits\\\/serie-safeguard-boites-de-tranchee-en-aluminium\\\/safeguard-vue-360o\\\/#primaryimage\"},\"thumbnailUrl\":\"https:\\\/\\\/kundel.com\\\/wp-content\\\/uploads\\\/2021\\\/03\\\/360-Page.png\",\"datePublished\":\"2021-03-05T16:01:53+00:00\",\"dateModified\":\"2024-02-17T18:11:28+00:00\",\"description\":\"Compact, l\u00e9ger et modulaire. Ce syst\u00e8me est simple, sans complication et facile \u00e0 assembler avec seulement deux personnes.\",\"breadcrumb\":{\"@id\":\"https:\\\/\\\/kundel.com\\\/fr\\\/produits\\\/serie-safeguard-boites-de-tranchee-en-aluminium\\\/safeguard-vue-360o\\\/#breadcrumb\"},\"inLanguage\":\"fr-FR\",\"potentialAction\":[{\"@type\":\"ReadAction\",\"target\":[\"https:\\\/\\\/kundel.com\\\/fr\\\/produits\\\/serie-safeguard-boites-de-tranchee-en-aluminium\\\/safeguard-vue-360o\\\/\"]}]},{\"@type\":\"ImageObject\",\"inLanguage\":\"fr-FR\",\"@id\":\"https:\\\/\\\/kundel.com\\\/fr\\\/produits\\\/serie-safeguard-boites-de-tranchee-en-aluminium\\\/safeguard-vue-360o\\\/#primaryimage\",\"url\":\"https:\\\/\\\/kundel.com\\\/wp-content\\\/uploads\\\/2021\\\/03\\\/360-Page.png\",\"contentUrl\":\"https:\\\/\\\/kundel.com\\\/wp-content\\\/uploads\\\/2021\\\/03\\\/360-Page.png\",\"width\":455,\"height\":879,\"caption\":\"Kundel Trench Products 360 view page\"},{\"@type\":\"BreadcrumbList\",\"@id\":\"https:\\\/\\\/kundel.com\\\/fr\\\/produits\\\/serie-safeguard-boites-de-tranchee-en-aluminium\\\/safeguard-vue-360o\\\/#breadcrumb\",\"itemListElement\":[{\"@type\":\"ListItem\",\"position\":1,\"name\":\"Home\",\"item\":\"https:\\\/\\\/kundel.com\\\/fr\\\/\"},{\"@type\":\"ListItem\",\"position\":2,\"name\":\"Produits\",\"item\":\"https:\\\/\\\/kundel.com\\\/fr\\\/produits\\\/\"},{\"@type\":\"ListItem\",\"position\":3,\"name\":\"S\u00e9rie Safeguard &#8211; Bo\u00eetes de Tranch\u00e9e en Aluminium\",\"item\":\"https:\\\/\\\/kundel.com\\\/fr\\\/produits\\\/serie-safeguard-boites-de-tranchee-en-aluminium\\\/\"},{\"@type\":\"ListItem\",\"position\":4,\"name\":\"SafeGuard Vue 360\u00ba\"}]},{\"@type\":\"WebSite\",\"@id\":\"https:\\\/\\\/kundel.com\\\/fr\\\/#website\",\"url\":\"https:\\\/\\\/kundel.com\\\/fr\\\/\",\"name\":\"KUNDEL\",\"description\":\"Manufacturer of Production Safety Equipment including Overhead cranes, Jib Cranes, Trench Shoring and Bedding Boxes\",\"publisher\":{\"@id\":\"https:\\\/\\\/kundel.com\\\/fr\\\/#organization\"},\"potentialAction\":[{\"@type\":\"SearchAction\",\"target\":{\"@type\":\"EntryPoint\",\"urlTemplate\":\"https:\\\/\\\/kundel.com\\\/fr\\\/?s={search_term_string}\"},\"query-input\":{\"@type\":\"PropertyValueSpecification\",\"valueRequired\":true,\"valueName\":\"search_term_string\"}}],\"inLanguage\":\"fr-FR\"},{\"@type\":\"Organization\",\"@id\":\"https:\\\/\\\/kundel.com\\\/fr\\\/#organization\",\"name\":\"Kundel Industries Inc.\",\"alternateName\":\"Kundel\",\"url\":\"https:\\\/\\\/kundel.com\\\/fr\\\/\",\"logo\":{\"@type\":\"ImageObject\",\"inLanguage\":\"fr-FR\",\"@id\":\"https:\\\/\\\/kundel.com\\\/fr\\\/#\\\/schema\\\/logo\\\/image\\\/\",\"url\":\"https:\\\/\\\/kundel.com\\\/wp-content\\\/uploads\\\/2023\\\/02\\\/Schema-Kundel-Logo.jpg\",\"contentUrl\":\"https:\\\/\\\/kundel.com\\\/wp-content\\\/uploads\\\/2023\\\/02\\\/Schema-Kundel-Logo.jpg\",\"width\":696,\"height\":696,\"caption\":\"Kundel Industries Inc.\"},\"image\":{\"@id\":\"https:\\\/\\\/kundel.com\\\/fr\\\/#\\\/schema\\\/logo\\\/image\\\/\"},\"sameAs\":[\"https:\\\/\\\/www.facebook.com\\\/profile.php?id=100064046048542\",\"https:\\\/\\\/x.com\\\/KundelBoxes\",\"https:\\\/\\\/www.instagram.com\\\/kundelindustries\\\/\",\"https:\\\/\\\/www.linkedin.com\\\/company\\\/kundelindustries\\\/\",\"https:\\\/\\\/www.youtube.com\\\/channel\\\/UCaTKXbyOyIQwt89ySWg1VMw\"]}]}<\/script>\n<!-- \/ Yoast SEO plugin. -->","yoast_head_json":{"title":"KUNDEL | SafeGuard Vue 360\u00ba","description":"Compact, l\u00e9ger et modulaire. Ce syst\u00e8me est simple, sans complication et facile \u00e0 assembler avec seulement deux personnes.","robots":{"index":"index","follow":"follow","max-snippet":"max-snippet:-1","max-image-preview":"max-image-preview:large","max-video-preview":"max-video-preview:-1"},"canonical":"https:\/\/kundel.com\/fr\/produits\/serie-safeguard-boites-de-tranchee-en-aluminium\/safeguard-vue-360o\/","og_locale":"fr_FR","og_type":"article","og_title":"KUNDEL | SafeGuard Vue 360\u00ba","og_description":"Compact, l\u00e9ger et modulaire. Ce syst\u00e8me est simple, sans complication et facile \u00e0 assembler avec seulement deux personnes.","og_url":"https:\/\/kundel.com\/fr\/produits\/serie-safeguard-boites-de-tranchee-en-aluminium\/safeguard-vue-360o\/","og_site_name":"KUNDEL","article_publisher":"https:\/\/www.facebook.com\/profile.php?id=100064046048542","article_modified_time":"2024-02-17T18:11:28+00:00","og_image":[{"width":455,"height":879,"url":"https:\/\/kundel.com\/wp-content\/uploads\/2021\/03\/360-Page.png","type":"image\/png"}],"twitter_card":"summary_large_image","twitter_site":"@KundelBoxes","twitter_misc":{"Dur\u00e9e de lecture estim\u00e9e":"3 minutes"},"schema":{"@context":"https:\/\/schema.org","@graph":[{"@type":"WebPage","@id":"https:\/\/kundel.com\/fr\/produits\/serie-safeguard-boites-de-tranchee-en-aluminium\/safeguard-vue-360o\/","url":"https:\/\/kundel.com\/fr\/produits\/serie-safeguard-boites-de-tranchee-en-aluminium\/safeguard-vue-360o\/","name":"KUNDEL | SafeGuard Vue 360\u00ba","isPartOf":{"@id":"https:\/\/kundel.com\/fr\/#website"},"primaryImageOfPage":{"@id":"https:\/\/kundel.com\/fr\/produits\/serie-safeguard-boites-de-tranchee-en-aluminium\/safeguard-vue-360o\/#primaryimage"},"image":{"@id":"https:\/\/kundel.com\/fr\/produits\/serie-safeguard-boites-de-tranchee-en-aluminium\/safeguard-vue-360o\/#primaryimage"},"thumbnailUrl":"https:\/\/kundel.com\/wp-content\/uploads\/2021\/03\/360-Page.png","datePublished":"2021-03-05T16:01:53+00:00","dateModified":"2024-02-17T18:11:28+00:00","description":"Compact, l\u00e9ger et modulaire. Ce syst\u00e8me est simple, sans complication et facile \u00e0 assembler avec seulement deux personnes.","breadcrumb":{"@id":"https:\/\/kundel.com\/fr\/produits\/serie-safeguard-boites-de-tranchee-en-aluminium\/safeguard-vue-360o\/#breadcrumb"},"inLanguage":"fr-FR","potentialAction":[{"@type":"ReadAction","target":["https:\/\/kundel.com\/fr\/produits\/serie-safeguard-boites-de-tranchee-en-aluminium\/safeguard-vue-360o\/"]}]},{"@type":"ImageObject","inLanguage":"fr-FR","@id":"https:\/\/kundel.com\/fr\/produits\/serie-safeguard-boites-de-tranchee-en-aluminium\/safeguard-vue-360o\/#primaryimage","url":"https:\/\/kundel.com\/wp-content\/uploads\/2021\/03\/360-Page.png","contentUrl":"https:\/\/kundel.com\/wp-content\/uploads\/2021\/03\/360-Page.png","width":455,"height":879,"caption":"Kundel Trench Products 360 view page"},{"@type":"BreadcrumbList","@id":"https:\/\/kundel.com\/fr\/produits\/serie-safeguard-boites-de-tranchee-en-aluminium\/safeguard-vue-360o\/#breadcrumb","itemListElement":[{"@type":"ListItem","position":1,"name":"Home","item":"https:\/\/kundel.com\/fr\/"},{"@type":"ListItem","position":2,"name":"Produits","item":"https:\/\/kundel.com\/fr\/produits\/"},{"@type":"ListItem","position":3,"name":"S\u00e9rie Safeguard &#8211; Bo\u00eetes de Tranch\u00e9e en Aluminium","item":"https:\/\/kundel.com\/fr\/produits\/serie-safeguard-boites-de-tranchee-en-aluminium\/"},{"@type":"ListItem","position":4,"name":"SafeGuard Vue 360\u00ba"}]},{"@type":"WebSite","@id":"https:\/\/kundel.com\/fr\/#website","url":"https:\/\/kundel.com\/fr\/","name":"KUNDEL","description":"Manufacturer of Production Safety Equipment including Overhead cranes, Jib Cranes, Trench Shoring and Bedding Boxes","publisher":{"@id":"https:\/\/kundel.com\/fr\/#organization"},"potentialAction":[{"@type":"SearchAction","target":{"@type":"EntryPoint","urlTemplate":"https:\/\/kundel.com\/fr\/?s={search_term_string}"},"query-input":{"@type":"PropertyValueSpecification","valueRequired":true,"valueName":"search_term_string"}}],"inLanguage":"fr-FR"},{"@type":"Organization","@id":"https:\/\/kundel.com\/fr\/#organization","name":"Kundel Industries Inc.","alternateName":"Kundel","url":"https:\/\/kundel.com\/fr\/","logo":{"@type":"ImageObject","inLanguage":"fr-FR","@id":"https:\/\/kundel.com\/fr\/#\/schema\/logo\/image\/","url":"https:\/\/kundel.com\/wp-content\/uploads\/2023\/02\/Schema-Kundel-Logo.jpg","contentUrl":"https:\/\/kundel.com\/wp-content\/uploads\/2023\/02\/Schema-Kundel-Logo.jpg","width":696,"height":696,"caption":"Kundel Industries Inc."},"image":{"@id":"https:\/\/kundel.com\/fr\/#\/schema\/logo\/image\/"},"sameAs":["https:\/\/www.facebook.com\/profile.php?id=100064046048542","https:\/\/x.com\/KundelBoxes","https:\/\/www.instagram.com\/kundelindustries\/","https:\/\/www.linkedin.com\/company\/kundelindustries\/","https:\/\/www.youtube.com\/channel\/UCaTKXbyOyIQwt89ySWg1VMw"]}]}},"_links":{"self":[{"href":"https:\/\/kundel.com\/fr\/wp-json\/wp\/v2\/pages\/15836","targetHints":{"allow":["GET"]}}],"collection":[{"href":"https:\/\/kundel.com\/fr\/wp-json\/wp\/v2\/pages"}],"about":[{"href":"https:\/\/kundel.com\/fr\/wp-json\/wp\/v2\/types\/page"}],"author":[{"embeddable":true,"href":"https:\/\/kundel.com\/fr\/wp-json\/wp\/v2\/users\/5"}],"replies":[{"embeddable":true,"href":"https:\/\/kundel.com\/fr\/wp-json\/wp\/v2\/comments?post=15836"}],"version-history":[{"count":3,"href":"https:\/\/kundel.com\/fr\/wp-json\/wp\/v2\/pages\/15836\/revisions"}],"predecessor-version":[{"id":15888,"href":"https:\/\/kundel.com\/fr\/wp-json\/wp\/v2\/pages\/15836\/revisions\/15888"}],"up":[{"embeddable":true,"href":"https:\/\/kundel.com\/fr\/wp-json\/wp\/v2\/pages\/14820"}],"wp:featuredmedia":[{"embeddable":true,"href":"https:\/\/kundel.com\/fr\/wp-json\/wp\/v2\/media\/13857"}],"wp:attachment":[{"href":"https:\/\/kundel.com\/fr\/wp-json\/wp\/v2\/media?parent=15836"}],"curies":[{"name":"wp","href":"https:\/\/api.w.org\/{rel}","templated":true}]}}