{"id":15863,"date":"2021-03-05T11:16:52","date_gmt":"2021-03-05T16:16:52","guid":{"rendered":"https:\/\/kundel.com\/produits\/trenchjacks\/trench-jacks-360o-vue\/"},"modified":"2024-02-17T12:53:14","modified_gmt":"2024-02-17T17:53:14","slug":"trench-jacks-360o-vue","status":"publish","type":"page","link":"https:\/\/kundel.com\/fr\/produits\/trenchjacks\/trench-jacks-360o-vue\/","title":{"rendered":"Trench Jacks 360\u00ba Vue"},"content":{"rendered":"<p>[et_pb_section fb_built=\u00a0\u00bb1&Prime; _builder_version=\u00a0\u00bb4.16&Prime; _module_preset=\u00a0\u00bbdefault\u00a0\u00bb custom_margin=\u00a0\u00bb|||-2px||\u00a0\u00bb global_colors_info=\u00a0\u00bb{}\u00a0\u00bb][et_pb_row module_class=\u00a0\u00bbpagestoppad\u00a0\u00bb _builder_version=\u00a0\u00bb4.16&Prime; custom_margin=\u00a0\u00bb||||false|false\u00a0\u00bb custom_padding=\u00a0\u00bb||||false|false\u00a0\u00bb global_colors_info=\u00a0\u00bb{}\u00a0\u00bb locked=\u00a0\u00bboff\u00a0\u00bb][et_pb_column type=\u00a0\u00bb4_4&Prime; _builder_version=\u00a0\u00bb4.16&Prime; global_colors_info=\u00a0\u00bb{}\u00a0\u00bb][et_pb_text _builder_version=\u00a0\u00bb4.19.5&Prime; hover_enabled=\u00a0\u00bb0&Prime; global_colors_info=\u00a0\u00bb{}\u00a0\u00bb sticky_enabled=\u00a0\u00bb0&Prime;]<\/p>\n<h1 class=\"custom-page-title\">\u00c9QUIPEMENT DE TRANCH\u00c9ES ET D&rsquo;\u00c9TAIEMENT &#8211; VUE 360\u00ba<\/h1>\n<p class=\"custom-page-sub\">Exp\u00e9rience de Visualisation 3D de Haute Qualit\u00e9<\/p>\n<p>[\/et_pb_text][\/et_pb_column][\/et_pb_row][et_pb_row _builder_version=\u00a0\u00bb4.16&Prime; _module_preset=\u00a0\u00bbdefault\u00a0\u00bb global_colors_info=\u00a0\u00bb{}\u00a0\u00bb][et_pb_column type=\u00a0\u00bb4_4&Prime; _builder_version=\u00a0\u00bb4.16&Prime; _module_preset=\u00a0\u00bbdefault\u00a0\u00bb global_colors_info=\u00a0\u00bb{}\u00a0\u00bb][et_pb_text _builder_version=\u00a0\u00bb4.19.5&Prime; global_colors_info=\u00a0\u00bb{}\u00a0\u00bb]<\/p>\n<div class=\"protopmenu\" style=\"text-align: center;\"><a class=\"promenuoff cranesmenu\" href=\"https:\/\/kundel.com\/fr\/produits\/trenchjacks\/trenchjack\/\">TrenchJack\u2122<\/a><a class=\"promenuoff cranesmenu\" href=\"https:\/\/kundel.com\/fr\/produits\/trenchjacks\/hydrojack\/\">HydroJack\u2122<\/a><a class=\"promenuoff cranesmenu\" href=\"https:\/\/kundel.com\/fr\/produits\/trenchjacks\/hydroshore\/\">HydroShore<\/a><a class=\"promenuon cranesmenu\" href=\"https:\/\/kundel.com\/fr\/produits\/trenchjacks\/hydroshore\/\">Vue 360\u00ba<\/a><\/div>\n<p>[\/et_pb_text][\/et_pb_column][\/et_pb_row][et_pb_row column_structure=\u00a0\u00bb1_5,1_5,1_5,1_5,1_5&Prime; _builder_version=\u00a0\u00bb4.16&Prime; _module_preset=\u00a0\u00bbdefault\u00a0\u00bb global_colors_info=\u00a0\u00bb{}\u00a0\u00bb][et_pb_column type=\u00a0\u00bb1_5&Prime; _builder_version=\u00a0\u00bb4.16&Prime; _module_preset=\u00a0\u00bbdefault\u00a0\u00bb global_colors_info=\u00a0\u00bb{}\u00a0\u00bb][et_pb_text module_class=\u00a0\u00bbk-pro-card\u00a0\u00bb _builder_version=\u00a0\u00bb4.19.5&Prime; link_option_url=\u00a0\u00bbhttps:\/\/kundel.com\/Media\/Kundel360\/TrenchJack\/\u00a0\u00bb link_option_url_new_window=\u00a0\u00bbon\u00a0\u00bb global_colors_info=\u00a0\u00bb{}\u00a0\u00bb]<img decoding=\"async\" src=\"\/wp-content\/uploads\/2023\/02\/Trench-Jack-5ft-with-Bucket.jpg\" width=\"221\" height=\"300\" alt=\"Trench Jack de 5 pieds avec seau\">  <a href=\"\/Media\/Kundel360\/TrenchJack\/\"><\/a><\/p>\n<div class=\"promaincont\">\n<p class=\"product-name rtecenter\"><a href=\"\/Media\/Kundel360\/TrenchJack\/\">TrenchJack<\/a><\/p>\n<div class=\"probutdiv\">\n<p class=\"featmore\"><a class=\"views-more-link\" href=\"\/Media\/Kundel360\/TrenchJack\/\">Vue 360\u00ba<\/a><\/p>\n<\/div>\n<\/div>\n<p>[\/et_pb_text][\/et_pb_column][et_pb_column type=\u00a0\u00bb1_5&Prime; _builder_version=\u00a0\u00bb4.16&Prime; _module_preset=\u00a0\u00bbdefault\u00a0\u00bb global_colors_info=\u00a0\u00bb{}\u00a0\u00bb][\/et_pb_column][et_pb_column type=\u00a0\u00bb1_5&Prime; _builder_version=\u00a0\u00bb4.16&Prime; _module_preset=\u00a0\u00bbdefault\u00a0\u00bb global_colors_info=\u00a0\u00bb{}\u00a0\u00bb][\/et_pb_column][et_pb_column type=\u00a0\u00bb1_5&Prime; _builder_version=\u00a0\u00bb4.16&Prime; _module_preset=\u00a0\u00bbdefault\u00a0\u00bb global_colors_info=\u00a0\u00bb{}\u00a0\u00bb][\/et_pb_column][et_pb_column type=\u00a0\u00bb1_5&Prime; _builder_version=\u00a0\u00bb4.16&Prime; _module_preset=\u00a0\u00bbdefault\u00a0\u00bb global_colors_info=\u00a0\u00bb{}\u00a0\u00bb][\/et_pb_column][\/et_pb_row][\/et_pb_section]<\/p>\n<script language='javascript' type='text\/javascript'>function getWR360PopupSkin(){return 'light_clean';}<\/script>","protected":false},"excerpt":{"rendered":"<p>\u00c9QUIPEMENT DE TRANCH\u00c9ES ET D&rsquo;\u00c9TAIEMENT &#8211; VUE 360\u00ba Exp\u00e9rience de Visualisation 3D de Haute Qualit\u00e9TrenchJack\u2122HydroJack\u2122HydroShoreVue 360\u00ba TrenchJack Vue 360\u00ba<\/p>\n","protected":false},"author":5,"featured_media":13857,"parent":15575,"menu_order":0,"comment_status":"closed","ping_status":"closed","template":"","meta":{"_acf_changed":false,"_et_pb_use_builder":"on","_et_pb_old_content":"","_et_gb_content_width":"","footnotes":""},"class_list":["post-15863","page","type-page","status-publish","has-post-thumbnail","hentry"],"acf":[],"yoast_head":"<!-- This site is optimized with the Yoast SEO plugin v27.3 - https:\/\/yoast.com\/product\/yoast-seo-wordpress\/ -->\n<title>KUNDEL | Trench Jacks 360\u00ba Vue<\/title>\n<meta name=\"description\" content=\"Pour l&#039;ultime en \u00e9taiement l\u00e9ger qui permet une installation \u00e0 la main, ou la possibilit\u00e9 de cr\u00e9er un \u00e9taiement sur mesure pour correspondre \u00e0 votre...\" \/>\n<meta name=\"robots\" content=\"index, follow, max-snippet:-1, max-image-preview:large, max-video-preview:-1\" \/>\n<link rel=\"canonical\" href=\"https:\/\/kundel.com\/fr\/produits\/trenchjacks\/trench-jacks-360o-vue\/\" \/>\n<meta property=\"og:locale\" content=\"fr_FR\" \/>\n<meta property=\"og:type\" content=\"article\" \/>\n<meta property=\"og:title\" content=\"KUNDEL | Trench Jacks 360\u00ba Vue\" \/>\n<meta property=\"og:description\" content=\"Pour l&#039;ultime en \u00e9taiement l\u00e9ger qui permet une installation \u00e0 la main, ou la possibilit\u00e9 de cr\u00e9er un \u00e9taiement sur mesure pour correspondre \u00e0 votre...\" \/>\n<meta property=\"og:url\" content=\"https:\/\/kundel.com\/fr\/produits\/trenchjacks\/trench-jacks-360o-vue\/\" \/>\n<meta property=\"og:site_name\" content=\"KUNDEL\" \/>\n<meta property=\"article:publisher\" content=\"https:\/\/www.facebook.com\/profile.php?id=100064046048542\" \/>\n<meta property=\"article:modified_time\" content=\"2024-02-17T17:53:14+00:00\" \/>\n<meta property=\"og:image\" content=\"https:\/\/kundel.com\/wp-content\/uploads\/2021\/03\/360-Page.png\" \/>\n\t<meta property=\"og:image:width\" content=\"455\" \/>\n\t<meta property=\"og:image:height\" content=\"879\" \/>\n\t<meta property=\"og:image:type\" content=\"image\/png\" \/>\n<meta name=\"twitter:card\" content=\"summary_large_image\" \/>\n<meta name=\"twitter:site\" content=\"@KundelBoxes\" \/>\n<meta name=\"twitter:label1\" content=\"Dur\u00e9e de lecture estim\u00e9e\" \/>\n\t<meta name=\"twitter:data1\" content=\"1 minute\" \/>\n<script type=\"application\/ld+json\" class=\"yoast-schema-graph\">{\"@context\":\"https:\\\/\\\/schema.org\",\"@graph\":[{\"@type\":\"WebPage\",\"@id\":\"https:\\\/\\\/kundel.com\\\/fr\\\/produits\\\/trenchjacks\\\/trench-jacks-360o-vue\\\/\",\"url\":\"https:\\\/\\\/kundel.com\\\/fr\\\/produits\\\/trenchjacks\\\/trench-jacks-360o-vue\\\/\",\"name\":\"KUNDEL | Trench Jacks 360\u00ba Vue\",\"isPartOf\":{\"@id\":\"https:\\\/\\\/kundel.com\\\/fr\\\/#website\"},\"primaryImageOfPage\":{\"@id\":\"https:\\\/\\\/kundel.com\\\/fr\\\/produits\\\/trenchjacks\\\/trench-jacks-360o-vue\\\/#primaryimage\"},\"image\":{\"@id\":\"https:\\\/\\\/kundel.com\\\/fr\\\/produits\\\/trenchjacks\\\/trench-jacks-360o-vue\\\/#primaryimage\"},\"thumbnailUrl\":\"https:\\\/\\\/kundel.com\\\/wp-content\\\/uploads\\\/2021\\\/03\\\/360-Page.png\",\"datePublished\":\"2021-03-05T16:16:52+00:00\",\"dateModified\":\"2024-02-17T17:53:14+00:00\",\"description\":\"Pour l'ultime en \u00e9taiement l\u00e9ger qui permet une installation \u00e0 la main, ou la possibilit\u00e9 de cr\u00e9er un \u00e9taiement sur mesure pour correspondre \u00e0 votre...\",\"breadcrumb\":{\"@id\":\"https:\\\/\\\/kundel.com\\\/fr\\\/produits\\\/trenchjacks\\\/trench-jacks-360o-vue\\\/#breadcrumb\"},\"inLanguage\":\"fr-FR\",\"potentialAction\":[{\"@type\":\"ReadAction\",\"target\":[\"https:\\\/\\\/kundel.com\\\/fr\\\/produits\\\/trenchjacks\\\/trench-jacks-360o-vue\\\/\"]}]},{\"@type\":\"ImageObject\",\"inLanguage\":\"fr-FR\",\"@id\":\"https:\\\/\\\/kundel.com\\\/fr\\\/produits\\\/trenchjacks\\\/trench-jacks-360o-vue\\\/#primaryimage\",\"url\":\"https:\\\/\\\/kundel.com\\\/wp-content\\\/uploads\\\/2021\\\/03\\\/360-Page.png\",\"contentUrl\":\"https:\\\/\\\/kundel.com\\\/wp-content\\\/uploads\\\/2021\\\/03\\\/360-Page.png\",\"width\":455,\"height\":879,\"caption\":\"Kundel Trench Products 360 view page\"},{\"@type\":\"BreadcrumbList\",\"@id\":\"https:\\\/\\\/kundel.com\\\/fr\\\/produits\\\/trenchjacks\\\/trench-jacks-360o-vue\\\/#breadcrumb\",\"itemListElement\":[{\"@type\":\"ListItem\",\"position\":1,\"name\":\"Home\",\"item\":\"https:\\\/\\\/kundel.com\\\/fr\\\/\"},{\"@type\":\"ListItem\",\"position\":2,\"name\":\"Produits\",\"item\":\"https:\\\/\\\/kundel.com\\\/fr\\\/produits\\\/\"},{\"@type\":\"ListItem\",\"position\":3,\"name\":\"TrenchJacks\",\"item\":\"https:\\\/\\\/kundel.com\\\/fr\\\/produits\\\/trenchjacks\\\/\"},{\"@type\":\"ListItem\",\"position\":4,\"name\":\"Trench Jacks 360\u00ba Vue\"}]},{\"@type\":\"WebSite\",\"@id\":\"https:\\\/\\\/kundel.com\\\/fr\\\/#website\",\"url\":\"https:\\\/\\\/kundel.com\\\/fr\\\/\",\"name\":\"KUNDEL\",\"description\":\"Manufacturer of Production Safety Equipment including Overhead cranes, Jib Cranes, Trench Shoring and Bedding Boxes\",\"publisher\":{\"@id\":\"https:\\\/\\\/kundel.com\\\/fr\\\/#organization\"},\"potentialAction\":[{\"@type\":\"SearchAction\",\"target\":{\"@type\":\"EntryPoint\",\"urlTemplate\":\"https:\\\/\\\/kundel.com\\\/fr\\\/?s={search_term_string}\"},\"query-input\":{\"@type\":\"PropertyValueSpecification\",\"valueRequired\":true,\"valueName\":\"search_term_string\"}}],\"inLanguage\":\"fr-FR\"},{\"@type\":\"Organization\",\"@id\":\"https:\\\/\\\/kundel.com\\\/fr\\\/#organization\",\"name\":\"Kundel Industries Inc.\",\"alternateName\":\"Kundel\",\"url\":\"https:\\\/\\\/kundel.com\\\/fr\\\/\",\"logo\":{\"@type\":\"ImageObject\",\"inLanguage\":\"fr-FR\",\"@id\":\"https:\\\/\\\/kundel.com\\\/fr\\\/#\\\/schema\\\/logo\\\/image\\\/\",\"url\":\"https:\\\/\\\/kundel.com\\\/wp-content\\\/uploads\\\/2023\\\/02\\\/Schema-Kundel-Logo.jpg\",\"contentUrl\":\"https:\\\/\\\/kundel.com\\\/wp-content\\\/uploads\\\/2023\\\/02\\\/Schema-Kundel-Logo.jpg\",\"width\":696,\"height\":696,\"caption\":\"Kundel Industries Inc.\"},\"image\":{\"@id\":\"https:\\\/\\\/kundel.com\\\/fr\\\/#\\\/schema\\\/logo\\\/image\\\/\"},\"sameAs\":[\"https:\\\/\\\/www.facebook.com\\\/profile.php?id=100064046048542\",\"https:\\\/\\\/x.com\\\/KundelBoxes\",\"https:\\\/\\\/www.instagram.com\\\/kundelindustries\\\/\",\"https:\\\/\\\/www.linkedin.com\\\/company\\\/kundelindustries\\\/\",\"https:\\\/\\\/www.youtube.com\\\/channel\\\/UCaTKXbyOyIQwt89ySWg1VMw\"]}]}<\/script>\n<!-- \/ Yoast SEO plugin. -->","yoast_head_json":{"title":"KUNDEL | Trench Jacks 360\u00ba Vue","description":"Pour l'ultime en \u00e9taiement l\u00e9ger qui permet une installation \u00e0 la main, ou la possibilit\u00e9 de cr\u00e9er un \u00e9taiement sur mesure pour correspondre \u00e0 votre...","robots":{"index":"index","follow":"follow","max-snippet":"max-snippet:-1","max-image-preview":"max-image-preview:large","max-video-preview":"max-video-preview:-1"},"canonical":"https:\/\/kundel.com\/fr\/produits\/trenchjacks\/trench-jacks-360o-vue\/","og_locale":"fr_FR","og_type":"article","og_title":"KUNDEL | Trench Jacks 360\u00ba Vue","og_description":"Pour l'ultime en \u00e9taiement l\u00e9ger qui permet une installation \u00e0 la main, ou la possibilit\u00e9 de cr\u00e9er un \u00e9taiement sur mesure pour correspondre \u00e0 votre...","og_url":"https:\/\/kundel.com\/fr\/produits\/trenchjacks\/trench-jacks-360o-vue\/","og_site_name":"KUNDEL","article_publisher":"https:\/\/www.facebook.com\/profile.php?id=100064046048542","article_modified_time":"2024-02-17T17:53:14+00:00","og_image":[{"width":455,"height":879,"url":"https:\/\/kundel.com\/wp-content\/uploads\/2021\/03\/360-Page.png","type":"image\/png"}],"twitter_card":"summary_large_image","twitter_site":"@KundelBoxes","twitter_misc":{"Dur\u00e9e de lecture estim\u00e9e":"1 minute"},"schema":{"@context":"https:\/\/schema.org","@graph":[{"@type":"WebPage","@id":"https:\/\/kundel.com\/fr\/produits\/trenchjacks\/trench-jacks-360o-vue\/","url":"https:\/\/kundel.com\/fr\/produits\/trenchjacks\/trench-jacks-360o-vue\/","name":"KUNDEL | Trench Jacks 360\u00ba Vue","isPartOf":{"@id":"https:\/\/kundel.com\/fr\/#website"},"primaryImageOfPage":{"@id":"https:\/\/kundel.com\/fr\/produits\/trenchjacks\/trench-jacks-360o-vue\/#primaryimage"},"image":{"@id":"https:\/\/kundel.com\/fr\/produits\/trenchjacks\/trench-jacks-360o-vue\/#primaryimage"},"thumbnailUrl":"https:\/\/kundel.com\/wp-content\/uploads\/2021\/03\/360-Page.png","datePublished":"2021-03-05T16:16:52+00:00","dateModified":"2024-02-17T17:53:14+00:00","description":"Pour l'ultime en \u00e9taiement l\u00e9ger qui permet une installation \u00e0 la main, ou la possibilit\u00e9 de cr\u00e9er un \u00e9taiement sur mesure pour correspondre \u00e0 votre...","breadcrumb":{"@id":"https:\/\/kundel.com\/fr\/produits\/trenchjacks\/trench-jacks-360o-vue\/#breadcrumb"},"inLanguage":"fr-FR","potentialAction":[{"@type":"ReadAction","target":["https:\/\/kundel.com\/fr\/produits\/trenchjacks\/trench-jacks-360o-vue\/"]}]},{"@type":"ImageObject","inLanguage":"fr-FR","@id":"https:\/\/kundel.com\/fr\/produits\/trenchjacks\/trench-jacks-360o-vue\/#primaryimage","url":"https:\/\/kundel.com\/wp-content\/uploads\/2021\/03\/360-Page.png","contentUrl":"https:\/\/kundel.com\/wp-content\/uploads\/2021\/03\/360-Page.png","width":455,"height":879,"caption":"Kundel Trench Products 360 view page"},{"@type":"BreadcrumbList","@id":"https:\/\/kundel.com\/fr\/produits\/trenchjacks\/trench-jacks-360o-vue\/#breadcrumb","itemListElement":[{"@type":"ListItem","position":1,"name":"Home","item":"https:\/\/kundel.com\/fr\/"},{"@type":"ListItem","position":2,"name":"Produits","item":"https:\/\/kundel.com\/fr\/produits\/"},{"@type":"ListItem","position":3,"name":"TrenchJacks","item":"https:\/\/kundel.com\/fr\/produits\/trenchjacks\/"},{"@type":"ListItem","position":4,"name":"Trench Jacks 360\u00ba Vue"}]},{"@type":"WebSite","@id":"https:\/\/kundel.com\/fr\/#website","url":"https:\/\/kundel.com\/fr\/","name":"KUNDEL","description":"Manufacturer of Production Safety Equipment including Overhead cranes, Jib Cranes, Trench Shoring and Bedding Boxes","publisher":{"@id":"https:\/\/kundel.com\/fr\/#organization"},"potentialAction":[{"@type":"SearchAction","target":{"@type":"EntryPoint","urlTemplate":"https:\/\/kundel.com\/fr\/?s={search_term_string}"},"query-input":{"@type":"PropertyValueSpecification","valueRequired":true,"valueName":"search_term_string"}}],"inLanguage":"fr-FR"},{"@type":"Organization","@id":"https:\/\/kundel.com\/fr\/#organization","name":"Kundel Industries Inc.","alternateName":"Kundel","url":"https:\/\/kundel.com\/fr\/","logo":{"@type":"ImageObject","inLanguage":"fr-FR","@id":"https:\/\/kundel.com\/fr\/#\/schema\/logo\/image\/","url":"https:\/\/kundel.com\/wp-content\/uploads\/2023\/02\/Schema-Kundel-Logo.jpg","contentUrl":"https:\/\/kundel.com\/wp-content\/uploads\/2023\/02\/Schema-Kundel-Logo.jpg","width":696,"height":696,"caption":"Kundel Industries Inc."},"image":{"@id":"https:\/\/kundel.com\/fr\/#\/schema\/logo\/image\/"},"sameAs":["https:\/\/www.facebook.com\/profile.php?id=100064046048542","https:\/\/x.com\/KundelBoxes","https:\/\/www.instagram.com\/kundelindustries\/","https:\/\/www.linkedin.com\/company\/kundelindustries\/","https:\/\/www.youtube.com\/channel\/UCaTKXbyOyIQwt89ySWg1VMw"]}]}},"_links":{"self":[{"href":"https:\/\/kundel.com\/fr\/wp-json\/wp\/v2\/pages\/15863","targetHints":{"allow":["GET"]}}],"collection":[{"href":"https:\/\/kundel.com\/fr\/wp-json\/wp\/v2\/pages"}],"about":[{"href":"https:\/\/kundel.com\/fr\/wp-json\/wp\/v2\/types\/page"}],"author":[{"embeddable":true,"href":"https:\/\/kundel.com\/fr\/wp-json\/wp\/v2\/users\/5"}],"replies":[{"embeddable":true,"href":"https:\/\/kundel.com\/fr\/wp-json\/wp\/v2\/comments?post=15863"}],"version-history":[{"count":2,"href":"https:\/\/kundel.com\/fr\/wp-json\/wp\/v2\/pages\/15863\/revisions"}],"predecessor-version":[{"id":15865,"href":"https:\/\/kundel.com\/fr\/wp-json\/wp\/v2\/pages\/15863\/revisions\/15865"}],"up":[{"embeddable":true,"href":"https:\/\/kundel.com\/fr\/wp-json\/wp\/v2\/pages\/15575"}],"wp:featuredmedia":[{"embeddable":true,"href":"https:\/\/kundel.com\/fr\/wp-json\/wp\/v2\/media\/13857"}],"wp:attachment":[{"href":"https:\/\/kundel.com\/fr\/wp-json\/wp\/v2\/media?parent=15863"}],"curies":[{"name":"wp","href":"https:\/\/api.w.org\/{rel}","templated":true}]}}