{"id":15915,"date":"2021-03-05T11:25:15","date_gmt":"2021-03-05T16:25:15","guid":{"rendered":"https:\/\/kundel.com\/produits\/conteneurs-de-debris-titan\/conteneur-de-debris-vue-360o\/"},"modified":"2024-02-17T14:58:21","modified_gmt":"2024-02-17T19:58:21","slug":"conteneur-de-debris-vue-360o","status":"publish","type":"page","link":"https:\/\/kundel.com\/fr\/produits\/conteneurs-de-debris-titan\/conteneur-de-debris-vue-360o\/","title":{"rendered":"Conteneur de D\u00e9bris Vue 360\u00ba"},"content":{"rendered":"<p>[et_pb_section fb_built=\u00a0\u00bb1&Prime; _builder_version=\u00a0\u00bb4.16&Prime; _module_preset=\u00a0\u00bbdefault\u00a0\u00bb custom_margin=\u00a0\u00bb|||-2px||\u00a0\u00bb global_colors_info=\u00a0\u00bb{}\u00a0\u00bb][et_pb_row module_class=\u00a0\u00bbpagestoppad\u00a0\u00bb _builder_version=\u00a0\u00bb4.16&Prime; custom_margin=\u00a0\u00bb||||false|false\u00a0\u00bb custom_padding=\u00a0\u00bb||||false|false\u00a0\u00bb global_colors_info=\u00a0\u00bb{}\u00a0\u00bb locked=\u00a0\u00bboff\u00a0\u00bb][et_pb_column type=\u00a0\u00bb4_4&Prime; _builder_version=\u00a0\u00bb4.16&Prime; global_colors_info=\u00a0\u00bb{}\u00a0\u00bb][et_pb_text _builder_version=\u00a0\u00bb4.19.5&Prime; hover_enabled=\u00a0\u00bb0&Prime; global_colors_info=\u00a0\u00bb{}\u00a0\u00bb sticky_enabled=\u00a0\u00bb0&Prime;]<\/p>\n<h1 class=\"custom-page-title\">CONTENEURS DE D\u00c9BRIS &#8211; VUE 360\u00ba<\/h1>\n<p class=\"custom-page-sub\">Exp\u00e9rience de Visualisation 3D de Haute Qualit\u00e9<\/p>\n<p>[\/et_pb_text][\/et_pb_column][\/et_pb_row][et_pb_row _builder_version=\u00a0\u00bb4.16&Prime; _module_preset=\u00a0\u00bbdefault\u00a0\u00bb global_colors_info=\u00a0\u00bb{}\u00a0\u00bb][et_pb_column type=\u00a0\u00bb4_4&Prime; _builder_version=\u00a0\u00bb4.16&Prime; _module_preset=\u00a0\u00bbdefault\u00a0\u00bb global_colors_info=\u00a0\u00bb{}\u00a0\u00bb][et_pb_text _builder_version=\u00a0\u00bb4.19.5&Prime; global_colors_info=\u00a0\u00bb{}\u00a0\u00bb]<\/p>\n<div class=\"protopmenu\" style=\"text-align: center;\"><a class=\"promenuoff cranesmenu\" href=\"https:\/\/kundel.com\/fr\/produits\/conteneurs-de-debris-titan\/conteneur-de-debris-basique\/\">Conteneur de D\u00e9bris Basique<\/a><a class=\"promenuoff cranesmenu\" href=\"https:\/\/kundel.com\/fr\/produits\/conteneurs-de-debris-titan\/conteneur-de-debris-standard\/\">Conteneur de D\u00e9bris Standard<\/a><a class=\"promenuoff cranesmenu\" href=\"https:\/\/kundel.com\/fr\/produits\/conteneurs-de-debris-titan\/conteneur-de-debris-pour-tavaux-lourds\/\">Conteneur de D\u00e9bris HD<\/a><a class=\"promenuon cranesmenu\" href=\"https:\/\/kundel.com\/fr\/produits\/conteneurs-de-debris-titan\/conteneur-de-debris-vue-360o\/\">Vue 360\u00ba<\/a><\/div>\n<p>[\/et_pb_text][\/et_pb_column][\/et_pb_row][et_pb_row column_structure=\u00a0\u00bb1_5,1_5,1_5,1_5,1_5&Prime; _builder_version=\u00a0\u00bb4.16&Prime; _module_preset=\u00a0\u00bbdefault\u00a0\u00bb global_colors_info=\u00a0\u00bb{}\u00a0\u00bb][et_pb_column type=\u00a0\u00bb1_5&Prime; _builder_version=\u00a0\u00bb4.16&Prime; _module_preset=\u00a0\u00bbdefault\u00a0\u00bb global_colors_info=\u00a0\u00bb{}\u00a0\u00bb][et_pb_text module_class=\u00a0\u00bbk-pro-card\u00a0\u00bb _builder_version=\u00a0\u00bb4.19.5&Prime; link_option_url=\u00a0\u00bbhttps:\/\/kundel.com\/Media\/Kundel360\/Basic-Bedding-Box\/\u00a0\u00bb link_option_url_new_window=\u00a0\u00bbon\u00a0\u00bb global_colors_info=\u00a0\u00bb{}\u00a0\u00bb]<img decoding=\"async\" src=\"https:\/\/kundel.com\/wp-content\/uploads\/2020\/07\/StoneBox-Basic-9-cyd-221x300.png\" width=\"268\" height=\"364\" alt=\"Conteneur de Pierre Basique 9 m\u00e8tres cubes - Sout\u00e8nement - Sout\u00e8nement de Tranch\u00e9e - Bo\u00eete de Sout\u00e8nement - - Conteneur de D\u00e9bris - Conteneur de Pierre de Construction - Sout\u00e8nement Kundel - Sout\u00e8nement de Tranch\u00e9e\" class=\"wp-image-4177 size-medium\" srcset=\"https:\/\/kundel.com\/wp-content\/uploads\/2020\/07\/StoneBox-Basic-9-cyd-221x300.png 221w, https:\/\/kundel.com\/wp-content\/uploads\/2020\/07\/StoneBox-Basic-9-cyd.png 360w\" sizes=\"(max-width: 268px) 100vw, 268px\" \/>   <a href=\"\/Media\/Kundel360\/Basic-Bedding-Box\/\"><\/a><\/p>\n<div class=\"promaincont\">\n<p class=\"product-name rtecenter\"><a href=\"\/Media\/Kundel360\/Basic-Bedding-Box\/\">Conteneur de D\u00e9bris Basique<\/a><\/p>\n<div class=\"probutdiv\">\n<p class=\"featmore\"><a class=\"views-more-link\" href=\"\/Media\/Kundel360\/Basic-Bedding-Box\/\">Vue 360\u00ba<\/a><\/p>\n<\/div>\n<\/div>\n<p>[\/et_pb_text][\/et_pb_column][et_pb_column type=\u00a0\u00bb1_5&Prime; _builder_version=\u00a0\u00bb4.16&Prime; _module_preset=\u00a0\u00bbdefault\u00a0\u00bb global_colors_info=\u00a0\u00bb{}\u00a0\u00bb][et_pb_text module_class=\u00a0\u00bbk-pro-card\u00a0\u00bb _builder_version=\u00a0\u00bb4.19.5&Prime; link_option_url=\u00a0\u00bbhttps:\/\/kundel.com\/Media\/Kundel360\/Standard-Bedding-Box\/\u00a0\u00bb link_option_url_new_window=\u00a0\u00bbon\u00a0\u00bb global_colors_info=\u00a0\u00bb{}\u00a0\u00bb]<img decoding=\"async\" src=\"https:\/\/kundel.com\/wp-content\/uploads\/2020\/07\/StoneBox-9-cyd-3-221x300.png\" width=\"277\" height=\"376\" alt=\"Conteneur de Pierre de 9 m\u00e8tres cubes - Sout\u00e8nement - Sout\u00e8nement de Tranch\u00e9e - Bo\u00eete de Sout\u00e8nement - - Conteneur de D\u00e9bris - Conteneur de Pierre de Construction - Sout\u00e8nement Kundel - Sout\u00e8nement de Tranch\u00e9e\" class=\"wp-image-4174 size-medium\" srcset=\"https:\/\/kundel.com\/wp-content\/uploads\/2020\/07\/StoneBox-9-cyd-3-221x300.png 221w, https:\/\/kundel.com\/wp-content\/uploads\/2020\/07\/StoneBox-9-cyd-3.png 360w\" sizes=\"(max-width: 277px) 100vw, 277px\" \/>    <a href=\"\/Media\/Kundel360\/Standard-Bedding-Box\/\"><\/a><\/p>\n<div class=\"promaincont\">\n<p class=\"product-name rtecenter\"><a href=\"\/Media\/Kundel360\/Standard-Bedding-Box\/\">Conteneur de D\u00e9bris Titan<\/a><\/p>\n<div class=\"probutdiv\">\n<p class=\"featmore\"><a class=\"views-more-link\" href=\"\/Media\/Kundel360\/Standard-Bedding-Box\/\">Vue 360\u00ba<\/a><\/p>\n<\/div>\n<\/div>\n<p>[\/et_pb_text][\/et_pb_column][et_pb_column type=\u00a0\u00bb1_5&Prime; _builder_version=\u00a0\u00bb4.16&Prime; _module_preset=\u00a0\u00bbdefault\u00a0\u00bb global_colors_info=\u00a0\u00bb{}\u00a0\u00bb][\/et_pb_column][et_pb_column type=\u00a0\u00bb1_5&Prime; _builder_version=\u00a0\u00bb4.16&Prime; _module_preset=\u00a0\u00bbdefault\u00a0\u00bb global_colors_info=\u00a0\u00bb{}\u00a0\u00bb][\/et_pb_column][et_pb_column type=\u00a0\u00bb1_5&Prime; _builder_version=\u00a0\u00bb4.16&Prime; _module_preset=\u00a0\u00bbdefault\u00a0\u00bb global_colors_info=\u00a0\u00bb{}\u00a0\u00bb][\/et_pb_column][\/et_pb_row][\/et_pb_section]<\/p>\n<script language='javascript' type='text\/javascript'>function getWR360PopupSkin(){return 'light_clean';}<\/script>","protected":false},"excerpt":{"rendered":"<p>CONTENEURS DE D\u00c9BRIS &#8211; VUE 360\u00ba Exp\u00e9rience de Visualisation 3D de Haute Qualit\u00e9Conteneur de D\u00e9bris BasiqueConteneur de D\u00e9bris StandardConteneur de D\u00e9bris HDVue 360\u00ba Conteneur de D\u00e9bris Basique Vue 360\u00ba Conteneur de D\u00e9bris Titan Vue 360\u00ba<\/p>\n","protected":false},"author":5,"featured_media":13857,"parent":15902,"menu_order":0,"comment_status":"closed","ping_status":"closed","template":"","meta":{"_acf_changed":false,"_et_pb_use_builder":"on","_et_pb_old_content":"","_et_gb_content_width":"","footnotes":""},"class_list":["post-15915","page","type-page","status-publish","has-post-thumbnail","hentry"],"acf":[],"yoast_head":"<!-- This site is optimized with the Yoast SEO plugin v27.3 - https:\/\/yoast.com\/product\/yoast-seo-wordpress\/ -->\n<title>KUNDEL | Conteneur de D\u00e9bris Vue 360\u00ba<\/title>\n<meta name=\"description\" content=\"Nos conteneurs de d\u00e9bris Titan sont con\u00e7us pour \u00e9tablir un rythme pour l&#039;installation de tuyaux, vous aidant ainsi \u00e0 toujours avoir du mat\u00e9riau de lit pr\u00e9par\u00e9.\" \/>\n<meta name=\"robots\" content=\"index, follow, max-snippet:-1, max-image-preview:large, max-video-preview:-1\" \/>\n<link rel=\"canonical\" href=\"https:\/\/kundel.com\/fr\/produits\/conteneurs-de-debris-titan\/conteneur-de-debris-vue-360o\/\" \/>\n<meta property=\"og:locale\" content=\"fr_FR\" \/>\n<meta property=\"og:type\" content=\"article\" \/>\n<meta property=\"og:title\" content=\"KUNDEL | Conteneur de D\u00e9bris Vue 360\u00ba\" \/>\n<meta property=\"og:description\" content=\"Nos conteneurs de d\u00e9bris Titan sont con\u00e7us pour \u00e9tablir un rythme pour l&#039;installation de tuyaux, vous aidant ainsi \u00e0 toujours avoir du mat\u00e9riau de lit pr\u00e9par\u00e9.\" \/>\n<meta property=\"og:url\" content=\"https:\/\/kundel.com\/fr\/produits\/conteneurs-de-debris-titan\/conteneur-de-debris-vue-360o\/\" \/>\n<meta property=\"og:site_name\" content=\"KUNDEL\" \/>\n<meta property=\"article:publisher\" content=\"https:\/\/www.facebook.com\/profile.php?id=100064046048542\" \/>\n<meta property=\"article:modified_time\" content=\"2024-02-17T19:58:21+00:00\" \/>\n<meta property=\"og:image\" content=\"https:\/\/kundel.com\/wp-content\/uploads\/2021\/03\/360-Page.png\" \/>\n\t<meta property=\"og:image:width\" content=\"455\" \/>\n\t<meta property=\"og:image:height\" content=\"879\" \/>\n\t<meta property=\"og:image:type\" content=\"image\/png\" \/>\n<meta name=\"twitter:card\" content=\"summary_large_image\" \/>\n<meta name=\"twitter:site\" content=\"@KundelBoxes\" \/>\n<meta name=\"twitter:label1\" content=\"Dur\u00e9e de lecture estim\u00e9e\" \/>\n\t<meta name=\"twitter:data1\" content=\"1 minute\" \/>\n<script type=\"application\/ld+json\" class=\"yoast-schema-graph\">{\"@context\":\"https:\\\/\\\/schema.org\",\"@graph\":[{\"@type\":\"WebPage\",\"@id\":\"https:\\\/\\\/kundel.com\\\/fr\\\/produits\\\/conteneurs-de-debris-titan\\\/conteneur-de-debris-vue-360o\\\/\",\"url\":\"https:\\\/\\\/kundel.com\\\/fr\\\/produits\\\/conteneurs-de-debris-titan\\\/conteneur-de-debris-vue-360o\\\/\",\"name\":\"KUNDEL | Conteneur de D\u00e9bris Vue 360\u00ba\",\"isPartOf\":{\"@id\":\"https:\\\/\\\/kundel.com\\\/fr\\\/#website\"},\"primaryImageOfPage\":{\"@id\":\"https:\\\/\\\/kundel.com\\\/fr\\\/produits\\\/conteneurs-de-debris-titan\\\/conteneur-de-debris-vue-360o\\\/#primaryimage\"},\"image\":{\"@id\":\"https:\\\/\\\/kundel.com\\\/fr\\\/produits\\\/conteneurs-de-debris-titan\\\/conteneur-de-debris-vue-360o\\\/#primaryimage\"},\"thumbnailUrl\":\"https:\\\/\\\/kundel.com\\\/wp-content\\\/uploads\\\/2021\\\/03\\\/360-Page.png\",\"datePublished\":\"2021-03-05T16:25:15+00:00\",\"dateModified\":\"2024-02-17T19:58:21+00:00\",\"description\":\"Nos conteneurs de d\u00e9bris Titan sont con\u00e7us pour \u00e9tablir un rythme pour l'installation de tuyaux, vous aidant ainsi \u00e0 toujours avoir du mat\u00e9riau de lit pr\u00e9par\u00e9.\",\"breadcrumb\":{\"@id\":\"https:\\\/\\\/kundel.com\\\/fr\\\/produits\\\/conteneurs-de-debris-titan\\\/conteneur-de-debris-vue-360o\\\/#breadcrumb\"},\"inLanguage\":\"fr-FR\",\"potentialAction\":[{\"@type\":\"ReadAction\",\"target\":[\"https:\\\/\\\/kundel.com\\\/fr\\\/produits\\\/conteneurs-de-debris-titan\\\/conteneur-de-debris-vue-360o\\\/\"]}]},{\"@type\":\"ImageObject\",\"inLanguage\":\"fr-FR\",\"@id\":\"https:\\\/\\\/kundel.com\\\/fr\\\/produits\\\/conteneurs-de-debris-titan\\\/conteneur-de-debris-vue-360o\\\/#primaryimage\",\"url\":\"https:\\\/\\\/kundel.com\\\/wp-content\\\/uploads\\\/2021\\\/03\\\/360-Page.png\",\"contentUrl\":\"https:\\\/\\\/kundel.com\\\/wp-content\\\/uploads\\\/2021\\\/03\\\/360-Page.png\",\"width\":455,\"height\":879,\"caption\":\"Kundel Trench Products 360 view page\"},{\"@type\":\"BreadcrumbList\",\"@id\":\"https:\\\/\\\/kundel.com\\\/fr\\\/produits\\\/conteneurs-de-debris-titan\\\/conteneur-de-debris-vue-360o\\\/#breadcrumb\",\"itemListElement\":[{\"@type\":\"ListItem\",\"position\":1,\"name\":\"Home\",\"item\":\"https:\\\/\\\/kundel.com\\\/fr\\\/\"},{\"@type\":\"ListItem\",\"position\":2,\"name\":\"Produits\",\"item\":\"https:\\\/\\\/kundel.com\\\/fr\\\/produits\\\/\"},{\"@type\":\"ListItem\",\"position\":3,\"name\":\"Conteneurs de D\u00e9bris Titan\",\"item\":\"https:\\\/\\\/kundel.com\\\/fr\\\/produits\\\/conteneurs-de-debris-titan\\\/\"},{\"@type\":\"ListItem\",\"position\":4,\"name\":\"Conteneur de D\u00e9bris Vue 360\u00ba\"}]},{\"@type\":\"WebSite\",\"@id\":\"https:\\\/\\\/kundel.com\\\/fr\\\/#website\",\"url\":\"https:\\\/\\\/kundel.com\\\/fr\\\/\",\"name\":\"KUNDEL\",\"description\":\"Manufacturer of Production Safety Equipment including Overhead cranes, Jib Cranes, Trench Shoring and Bedding Boxes\",\"publisher\":{\"@id\":\"https:\\\/\\\/kundel.com\\\/fr\\\/#organization\"},\"potentialAction\":[{\"@type\":\"SearchAction\",\"target\":{\"@type\":\"EntryPoint\",\"urlTemplate\":\"https:\\\/\\\/kundel.com\\\/fr\\\/?s={search_term_string}\"},\"query-input\":{\"@type\":\"PropertyValueSpecification\",\"valueRequired\":true,\"valueName\":\"search_term_string\"}}],\"inLanguage\":\"fr-FR\"},{\"@type\":\"Organization\",\"@id\":\"https:\\\/\\\/kundel.com\\\/fr\\\/#organization\",\"name\":\"Kundel Industries Inc.\",\"alternateName\":\"Kundel\",\"url\":\"https:\\\/\\\/kundel.com\\\/fr\\\/\",\"logo\":{\"@type\":\"ImageObject\",\"inLanguage\":\"fr-FR\",\"@id\":\"https:\\\/\\\/kundel.com\\\/fr\\\/#\\\/schema\\\/logo\\\/image\\\/\",\"url\":\"https:\\\/\\\/kundel.com\\\/wp-content\\\/uploads\\\/2023\\\/02\\\/Schema-Kundel-Logo.jpg\",\"contentUrl\":\"https:\\\/\\\/kundel.com\\\/wp-content\\\/uploads\\\/2023\\\/02\\\/Schema-Kundel-Logo.jpg\",\"width\":696,\"height\":696,\"caption\":\"Kundel Industries Inc.\"},\"image\":{\"@id\":\"https:\\\/\\\/kundel.com\\\/fr\\\/#\\\/schema\\\/logo\\\/image\\\/\"},\"sameAs\":[\"https:\\\/\\\/www.facebook.com\\\/profile.php?id=100064046048542\",\"https:\\\/\\\/x.com\\\/KundelBoxes\",\"https:\\\/\\\/www.instagram.com\\\/kundelindustries\\\/\",\"https:\\\/\\\/www.linkedin.com\\\/company\\\/kundelindustries\\\/\",\"https:\\\/\\\/www.youtube.com\\\/channel\\\/UCaTKXbyOyIQwt89ySWg1VMw\"]}]}<\/script>\n<!-- \/ Yoast SEO plugin. -->","yoast_head_json":{"title":"KUNDEL | Conteneur de D\u00e9bris Vue 360\u00ba","description":"Nos conteneurs de d\u00e9bris Titan sont con\u00e7us pour \u00e9tablir un rythme pour l'installation de tuyaux, vous aidant ainsi \u00e0 toujours avoir du mat\u00e9riau de lit pr\u00e9par\u00e9.","robots":{"index":"index","follow":"follow","max-snippet":"max-snippet:-1","max-image-preview":"max-image-preview:large","max-video-preview":"max-video-preview:-1"},"canonical":"https:\/\/kundel.com\/fr\/produits\/conteneurs-de-debris-titan\/conteneur-de-debris-vue-360o\/","og_locale":"fr_FR","og_type":"article","og_title":"KUNDEL | Conteneur de D\u00e9bris Vue 360\u00ba","og_description":"Nos conteneurs de d\u00e9bris Titan sont con\u00e7us pour \u00e9tablir un rythme pour l'installation de tuyaux, vous aidant ainsi \u00e0 toujours avoir du mat\u00e9riau de lit pr\u00e9par\u00e9.","og_url":"https:\/\/kundel.com\/fr\/produits\/conteneurs-de-debris-titan\/conteneur-de-debris-vue-360o\/","og_site_name":"KUNDEL","article_publisher":"https:\/\/www.facebook.com\/profile.php?id=100064046048542","article_modified_time":"2024-02-17T19:58:21+00:00","og_image":[{"width":455,"height":879,"url":"https:\/\/kundel.com\/wp-content\/uploads\/2021\/03\/360-Page.png","type":"image\/png"}],"twitter_card":"summary_large_image","twitter_site":"@KundelBoxes","twitter_misc":{"Dur\u00e9e de lecture estim\u00e9e":"1 minute"},"schema":{"@context":"https:\/\/schema.org","@graph":[{"@type":"WebPage","@id":"https:\/\/kundel.com\/fr\/produits\/conteneurs-de-debris-titan\/conteneur-de-debris-vue-360o\/","url":"https:\/\/kundel.com\/fr\/produits\/conteneurs-de-debris-titan\/conteneur-de-debris-vue-360o\/","name":"KUNDEL | Conteneur de D\u00e9bris Vue 360\u00ba","isPartOf":{"@id":"https:\/\/kundel.com\/fr\/#website"},"primaryImageOfPage":{"@id":"https:\/\/kundel.com\/fr\/produits\/conteneurs-de-debris-titan\/conteneur-de-debris-vue-360o\/#primaryimage"},"image":{"@id":"https:\/\/kundel.com\/fr\/produits\/conteneurs-de-debris-titan\/conteneur-de-debris-vue-360o\/#primaryimage"},"thumbnailUrl":"https:\/\/kundel.com\/wp-content\/uploads\/2021\/03\/360-Page.png","datePublished":"2021-03-05T16:25:15+00:00","dateModified":"2024-02-17T19:58:21+00:00","description":"Nos conteneurs de d\u00e9bris Titan sont con\u00e7us pour \u00e9tablir un rythme pour l'installation de tuyaux, vous aidant ainsi \u00e0 toujours avoir du mat\u00e9riau de lit pr\u00e9par\u00e9.","breadcrumb":{"@id":"https:\/\/kundel.com\/fr\/produits\/conteneurs-de-debris-titan\/conteneur-de-debris-vue-360o\/#breadcrumb"},"inLanguage":"fr-FR","potentialAction":[{"@type":"ReadAction","target":["https:\/\/kundel.com\/fr\/produits\/conteneurs-de-debris-titan\/conteneur-de-debris-vue-360o\/"]}]},{"@type":"ImageObject","inLanguage":"fr-FR","@id":"https:\/\/kundel.com\/fr\/produits\/conteneurs-de-debris-titan\/conteneur-de-debris-vue-360o\/#primaryimage","url":"https:\/\/kundel.com\/wp-content\/uploads\/2021\/03\/360-Page.png","contentUrl":"https:\/\/kundel.com\/wp-content\/uploads\/2021\/03\/360-Page.png","width":455,"height":879,"caption":"Kundel Trench Products 360 view page"},{"@type":"BreadcrumbList","@id":"https:\/\/kundel.com\/fr\/produits\/conteneurs-de-debris-titan\/conteneur-de-debris-vue-360o\/#breadcrumb","itemListElement":[{"@type":"ListItem","position":1,"name":"Home","item":"https:\/\/kundel.com\/fr\/"},{"@type":"ListItem","position":2,"name":"Produits","item":"https:\/\/kundel.com\/fr\/produits\/"},{"@type":"ListItem","position":3,"name":"Conteneurs de D\u00e9bris Titan","item":"https:\/\/kundel.com\/fr\/produits\/conteneurs-de-debris-titan\/"},{"@type":"ListItem","position":4,"name":"Conteneur de D\u00e9bris Vue 360\u00ba"}]},{"@type":"WebSite","@id":"https:\/\/kundel.com\/fr\/#website","url":"https:\/\/kundel.com\/fr\/","name":"KUNDEL","description":"Manufacturer of Production Safety Equipment including Overhead cranes, Jib Cranes, Trench Shoring and Bedding Boxes","publisher":{"@id":"https:\/\/kundel.com\/fr\/#organization"},"potentialAction":[{"@type":"SearchAction","target":{"@type":"EntryPoint","urlTemplate":"https:\/\/kundel.com\/fr\/?s={search_term_string}"},"query-input":{"@type":"PropertyValueSpecification","valueRequired":true,"valueName":"search_term_string"}}],"inLanguage":"fr-FR"},{"@type":"Organization","@id":"https:\/\/kundel.com\/fr\/#organization","name":"Kundel Industries Inc.","alternateName":"Kundel","url":"https:\/\/kundel.com\/fr\/","logo":{"@type":"ImageObject","inLanguage":"fr-FR","@id":"https:\/\/kundel.com\/fr\/#\/schema\/logo\/image\/","url":"https:\/\/kundel.com\/wp-content\/uploads\/2023\/02\/Schema-Kundel-Logo.jpg","contentUrl":"https:\/\/kundel.com\/wp-content\/uploads\/2023\/02\/Schema-Kundel-Logo.jpg","width":696,"height":696,"caption":"Kundel Industries Inc."},"image":{"@id":"https:\/\/kundel.com\/fr\/#\/schema\/logo\/image\/"},"sameAs":["https:\/\/www.facebook.com\/profile.php?id=100064046048542","https:\/\/x.com\/KundelBoxes","https:\/\/www.instagram.com\/kundelindustries\/","https:\/\/www.linkedin.com\/company\/kundelindustries\/","https:\/\/www.youtube.com\/channel\/UCaTKXbyOyIQwt89ySWg1VMw"]}]}},"_links":{"self":[{"href":"https:\/\/kundel.com\/fr\/wp-json\/wp\/v2\/pages\/15915","targetHints":{"allow":["GET"]}}],"collection":[{"href":"https:\/\/kundel.com\/fr\/wp-json\/wp\/v2\/pages"}],"about":[{"href":"https:\/\/kundel.com\/fr\/wp-json\/wp\/v2\/types\/page"}],"author":[{"embeddable":true,"href":"https:\/\/kundel.com\/fr\/wp-json\/wp\/v2\/users\/5"}],"replies":[{"embeddable":true,"href":"https:\/\/kundel.com\/fr\/wp-json\/wp\/v2\/comments?post=15915"}],"version-history":[{"count":2,"href":"https:\/\/kundel.com\/fr\/wp-json\/wp\/v2\/pages\/15915\/revisions"}],"predecessor-version":[{"id":15917,"href":"https:\/\/kundel.com\/fr\/wp-json\/wp\/v2\/pages\/15915\/revisions\/15917"}],"up":[{"embeddable":true,"href":"https:\/\/kundel.com\/fr\/wp-json\/wp\/v2\/pages\/15902"}],"wp:featuredmedia":[{"embeddable":true,"href":"https:\/\/kundel.com\/fr\/wp-json\/wp\/v2\/media\/13857"}],"wp:attachment":[{"href":"https:\/\/kundel.com\/fr\/wp-json\/wp\/v2\/media?parent=15915"}],"curies":[{"name":"wp","href":"https:\/\/api.w.org\/{rel}","templated":true}]}}