{"id":15950,"date":"2023-02-01T11:42:02","date_gmt":"2023-02-01T16:42:02","guid":{"rendered":"https:\/\/kundel.com\/produits\/accessoires-et-fournitures-pour-boites-de-tranchee\/vue-a-360-degres-des-pieces-de-la-boite-de-tranchee\/"},"modified":"2024-02-18T08:18:32","modified_gmt":"2024-02-18T13:18:32","slug":"vue-a-360-degres-des-pieces-de-la-boite-de-tranchee","status":"publish","type":"page","link":"https:\/\/kundel.com\/fr\/produits\/accessoires-et-fournitures-pour-boites-de-tranchee\/vue-a-360-degres-des-pieces-de-la-boite-de-tranchee\/","title":{"rendered":"Vue \u00e0 360 degr\u00e9s des pi\u00e8ces de la bo\u00eete de tranch\u00e9e"},"content":{"rendered":"<p>[et_pb_section fb_built=\u00a0\u00bb1&Prime; _builder_version=\u00a0\u00bb4.16&Prime; _module_preset=\u00a0\u00bbdefault\u00a0\u00bb custom_margin=\u00a0\u00bb|||-2px||\u00a0\u00bb global_colors_info=\u00a0\u00bb{}\u00a0\u00bb][et_pb_row module_class=\u00a0\u00bbpagestoppad\u00a0\u00bb _builder_version=\u00a0\u00bb4.16&Prime; custom_margin=\u00a0\u00bb||||false|false\u00a0\u00bb custom_padding=\u00a0\u00bb||||false|false\u00a0\u00bb global_colors_info=\u00a0\u00bb{}\u00a0\u00bb locked=\u00a0\u00bboff\u00a0\u00bb][et_pb_column type=\u00a0\u00bb4_4&Prime; _builder_version=\u00a0\u00bb4.16&Prime; global_colors_info=\u00a0\u00bb{}\u00a0\u00bb][et_pb_text _builder_version=\u00a0\u00bb4.19.5&Prime; hover_enabled=\u00a0\u00bb0&Prime; global_colors_info=\u00a0\u00bb{}\u00a0\u00bb sticky_enabled=\u00a0\u00bb0&Prime;]<\/p>\n<h1 class=\"custom-page-title\">ACCESSOIRES DE BO\u00ceTE DE TRANCH\u00c9E &#8211; VUE \u00c0 360\u00b0<\/h1>\n<p class=\"custom-page-sub\">Exp\u00e9rience de Visualisation 3D de Haute Qualit\u00e9<\/p>\n<p>[\/et_pb_text][\/et_pb_column][\/et_pb_row][et_pb_row _builder_version=\u00a0\u00bb4.16&Prime; _module_preset=\u00a0\u00bbdefault\u00a0\u00bb global_colors_info=\u00a0\u00bb{}\u00a0\u00bb][et_pb_column type=\u00a0\u00bb4_4&Prime; _builder_version=\u00a0\u00bb4.16&Prime; _module_preset=\u00a0\u00bbdefault\u00a0\u00bb global_colors_info=\u00a0\u00bb{}\u00a0\u00bb][et_pb_text _builder_version=\u00a0\u00bb4.19.5&Prime; global_colors_info=\u00a0\u00bb{}\u00a0\u00bb]<\/p>\n<div class=\"protopmenu\" style=\"text-align: center;\"><a class=\"promenuoff cranesmenu\" href=\"https:\/\/kundel.com\/fr\/produits\/accessoires-et-fournitures-pour-boites-de-tranchee\/boite-de-tranchee-riser-big-clear\/\">Riser<\/a><a class=\"promenuoff cranesmenu\" href=\"https:\/\/kundel.com\/fr\/produits\/accessoires-et-fournitures-pour-boites-de-tranchee\/accessoire-de-boite-de-tranchee-grabber\/\">Grabber<\/a><a class=\"promenuoff cranesmenu\" href=\"https:\/\/kundel.com\/fr\/produits\/accessoires-et-fournitures-pour-boites-de-tranchee\/bridge-all\/\">Bridge-All<\/a><a class=\"promenuoff cranesmenu\" href=\"https:\/\/kundel.com\/fr\/produits\/accessoires-et-fournitures-pour-boites-de-tranchee\/racking-adapters\/\">Racking Adapters<\/a><a class=\"promenuon cranesmenu\" href=\"https:\/\/kundel.com\/fr\/produits\/accessoires-et-fournitures-pour-boites-de-tranchee\/vue-a-360-degres-des-pieces-de-la-boite-de-tranchee\/\">Vue 360\u00ba<\/a><\/div>\n<p>[\/et_pb_text][\/et_pb_column][\/et_pb_row][et_pb_row column_structure=\u00a0\u00bb1_5,1_5,1_5,1_5,1_5&Prime; _builder_version=\u00a0\u00bb4.16&Prime; _module_preset=\u00a0\u00bbdefault\u00a0\u00bb global_colors_info=\u00a0\u00bb{}\u00a0\u00bb][et_pb_column type=\u00a0\u00bb1_5&Prime; _builder_version=\u00a0\u00bb4.16&Prime; _module_preset=\u00a0\u00bbdefault\u00a0\u00bb global_colors_info=\u00a0\u00bb{}\u00a0\u00bb][et_pb_text module_class=\u00a0\u00bbk-pro-card\u00a0\u00bb _builder_version=\u00a0\u00bb4.19.5&Prime; link_option_url=\u00a0\u00bb\/Media\/Kundel360\/Bridge-ALL\/\u00a0\u00bb link_option_url_new_window=\u00a0\u00bbon\u00a0\u00bb global_colors_info=\u00a0\u00bb{}\u00a0\u00bb]<\/p>\n<p><img decoding=\"async\" src=\"\/wp-content\/uploads\/2020\/07\/BA-6X16_w_Railing-V2-360w.png\" width=\"221\" height=\"300\" alt=\"Trench Jack de 5 pieds avec seau\">  <a href=\"\/Media\/Kundel360\/Bridge-ALL\/\"><\/a><\/p>\n<div class=\"promaincont\">\n<p class=\"product-name rtecenter\"><a href=\"\/Media\/Kundel360\/Bridge-ALL\/\">Bridge All<\/a><\/p>\n<div class=\"probutdiv\">\n<p class=\"featmore\"><a class=\"views-more-link\" href=\"\/Media\/Kundel360\/Bridge-ALL\/\">Vue 360\u00ba<\/a><\/p>\n<\/div>\n<\/div>\n<p>[\/et_pb_text][\/et_pb_column][et_pb_column type=\u00a0\u00bb1_5&Prime; _builder_version=\u00a0\u00bb4.16&Prime; _module_preset=\u00a0\u00bbdefault\u00a0\u00bb global_colors_info=\u00a0\u00bb{}\u00a0\u00bb][\/et_pb_column][et_pb_column type=\u00a0\u00bb1_5&Prime; _builder_version=\u00a0\u00bb4.16&Prime; _module_preset=\u00a0\u00bbdefault\u00a0\u00bb global_colors_info=\u00a0\u00bb{}\u00a0\u00bb][\/et_pb_column][et_pb_column type=\u00a0\u00bb1_5&Prime; _builder_version=\u00a0\u00bb4.16&Prime; _module_preset=\u00a0\u00bbdefault\u00a0\u00bb global_colors_info=\u00a0\u00bb{}\u00a0\u00bb][\/et_pb_column][et_pb_column type=\u00a0\u00bb1_5&Prime; _builder_version=\u00a0\u00bb4.16&Prime; _module_preset=\u00a0\u00bbdefault\u00a0\u00bb global_colors_info=\u00a0\u00bb{}\u00a0\u00bb][\/et_pb_column][\/et_pb_row][\/et_pb_section]<\/p>\n<script language='javascript' type='text\/javascript'>function getWR360PopupSkin(){return 'light_clean';}<\/script>","protected":false},"excerpt":{"rendered":"<p>ACCESSOIRES DE BO\u00ceTE DE TRANCH\u00c9E &#8211; VUE \u00c0 360\u00b0 Exp\u00e9rience de Visualisation 3D de Haute Qualit\u00e9RiserGrabberBridge-AllRacking AdaptersVue 360\u00ba Bridge All Vue 360\u00ba<\/p>\n","protected":false},"author":1,"featured_media":13857,"parent":15921,"menu_order":0,"comment_status":"closed","ping_status":"closed","template":"","meta":{"_acf_changed":false,"_et_pb_use_builder":"on","_et_pb_old_content":"","_et_gb_content_width":"","footnotes":""},"class_list":["post-15950","page","type-page","status-publish","has-post-thumbnail","hentry"],"acf":[],"yoast_head":"<!-- This site is optimized with the Yoast SEO plugin v27.3 - https:\/\/yoast.com\/product\/yoast-seo-wordpress\/ -->\n<title>KUNDEL | Vue \u00e0 360 degr\u00e9s des pi\u00e8ces de la bo\u00eete de tranch\u00e9e<\/title>\n<meta name=\"description\" content=\"Vue \u00e0 360 degr\u00e9s de notre grande vari\u00e9t\u00e9 d&#039;accessoires pour r\u00e9pondre aux exigences \u00e9lev\u00e9es en mati\u00e8re de production et de s\u00e9curit\u00e9 sur le chantier aujourd&#039;hui...\" \/>\n<meta name=\"robots\" content=\"index, follow, max-snippet:-1, max-image-preview:large, max-video-preview:-1\" \/>\n<link rel=\"canonical\" href=\"https:\/\/kundel.com\/fr\/produits\/accessoires-et-fournitures-pour-boites-de-tranchee\/vue-a-360-degres-des-pieces-de-la-boite-de-tranchee\/\" \/>\n<meta property=\"og:locale\" content=\"fr_FR\" \/>\n<meta property=\"og:type\" content=\"article\" \/>\n<meta property=\"og:title\" content=\"KUNDEL | Vue \u00e0 360 degr\u00e9s des pi\u00e8ces de la bo\u00eete de tranch\u00e9e\" \/>\n<meta property=\"og:description\" content=\"Vue \u00e0 360 degr\u00e9s de notre grande vari\u00e9t\u00e9 d&#039;accessoires pour r\u00e9pondre aux exigences \u00e9lev\u00e9es en mati\u00e8re de production et de s\u00e9curit\u00e9 sur le chantier aujourd&#039;hui...\" \/>\n<meta property=\"og:url\" content=\"https:\/\/kundel.com\/fr\/produits\/accessoires-et-fournitures-pour-boites-de-tranchee\/vue-a-360-degres-des-pieces-de-la-boite-de-tranchee\/\" \/>\n<meta property=\"og:site_name\" content=\"KUNDEL\" \/>\n<meta property=\"article:publisher\" content=\"https:\/\/www.facebook.com\/profile.php?id=100064046048542\" \/>\n<meta property=\"article:modified_time\" content=\"2024-02-18T13:18:32+00:00\" \/>\n<meta property=\"og:image\" content=\"https:\/\/kundel.com\/wp-content\/uploads\/2021\/03\/360-Page.png\" \/>\n\t<meta property=\"og:image:width\" content=\"455\" \/>\n\t<meta property=\"og:image:height\" content=\"879\" \/>\n\t<meta property=\"og:image:type\" content=\"image\/png\" \/>\n<meta name=\"twitter:card\" content=\"summary_large_image\" \/>\n<meta name=\"twitter:site\" content=\"@KundelBoxes\" \/>\n<meta name=\"twitter:label1\" content=\"Dur\u00e9e de lecture estim\u00e9e\" \/>\n\t<meta name=\"twitter:data1\" content=\"1 minute\" \/>\n<script type=\"application\/ld+json\" class=\"yoast-schema-graph\">{\"@context\":\"https:\\\/\\\/schema.org\",\"@graph\":[{\"@type\":\"WebPage\",\"@id\":\"https:\\\/\\\/kundel.com\\\/fr\\\/produits\\\/accessoires-et-fournitures-pour-boites-de-tranchee\\\/vue-a-360-degres-des-pieces-de-la-boite-de-tranchee\\\/\",\"url\":\"https:\\\/\\\/kundel.com\\\/fr\\\/produits\\\/accessoires-et-fournitures-pour-boites-de-tranchee\\\/vue-a-360-degres-des-pieces-de-la-boite-de-tranchee\\\/\",\"name\":\"KUNDEL | Vue \u00e0 360 degr\u00e9s des pi\u00e8ces de la bo\u00eete de tranch\u00e9e\",\"isPartOf\":{\"@id\":\"https:\\\/\\\/kundel.com\\\/fr\\\/#website\"},\"primaryImageOfPage\":{\"@id\":\"https:\\\/\\\/kundel.com\\\/fr\\\/produits\\\/accessoires-et-fournitures-pour-boites-de-tranchee\\\/vue-a-360-degres-des-pieces-de-la-boite-de-tranchee\\\/#primaryimage\"},\"image\":{\"@id\":\"https:\\\/\\\/kundel.com\\\/fr\\\/produits\\\/accessoires-et-fournitures-pour-boites-de-tranchee\\\/vue-a-360-degres-des-pieces-de-la-boite-de-tranchee\\\/#primaryimage\"},\"thumbnailUrl\":\"https:\\\/\\\/kundel.com\\\/wp-content\\\/uploads\\\/2021\\\/03\\\/360-Page.png\",\"datePublished\":\"2023-02-01T16:42:02+00:00\",\"dateModified\":\"2024-02-18T13:18:32+00:00\",\"description\":\"Vue \u00e0 360 degr\u00e9s de notre grande vari\u00e9t\u00e9 d'accessoires pour r\u00e9pondre aux exigences \u00e9lev\u00e9es en mati\u00e8re de production et de s\u00e9curit\u00e9 sur le chantier aujourd'hui...\",\"breadcrumb\":{\"@id\":\"https:\\\/\\\/kundel.com\\\/fr\\\/produits\\\/accessoires-et-fournitures-pour-boites-de-tranchee\\\/vue-a-360-degres-des-pieces-de-la-boite-de-tranchee\\\/#breadcrumb\"},\"inLanguage\":\"fr-FR\",\"potentialAction\":[{\"@type\":\"ReadAction\",\"target\":[\"https:\\\/\\\/kundel.com\\\/fr\\\/produits\\\/accessoires-et-fournitures-pour-boites-de-tranchee\\\/vue-a-360-degres-des-pieces-de-la-boite-de-tranchee\\\/\"]}]},{\"@type\":\"ImageObject\",\"inLanguage\":\"fr-FR\",\"@id\":\"https:\\\/\\\/kundel.com\\\/fr\\\/produits\\\/accessoires-et-fournitures-pour-boites-de-tranchee\\\/vue-a-360-degres-des-pieces-de-la-boite-de-tranchee\\\/#primaryimage\",\"url\":\"https:\\\/\\\/kundel.com\\\/wp-content\\\/uploads\\\/2021\\\/03\\\/360-Page.png\",\"contentUrl\":\"https:\\\/\\\/kundel.com\\\/wp-content\\\/uploads\\\/2021\\\/03\\\/360-Page.png\",\"width\":455,\"height\":879,\"caption\":\"Kundel Trench Products 360 view page\"},{\"@type\":\"BreadcrumbList\",\"@id\":\"https:\\\/\\\/kundel.com\\\/fr\\\/produits\\\/accessoires-et-fournitures-pour-boites-de-tranchee\\\/vue-a-360-degres-des-pieces-de-la-boite-de-tranchee\\\/#breadcrumb\",\"itemListElement\":[{\"@type\":\"ListItem\",\"position\":1,\"name\":\"Home\",\"item\":\"https:\\\/\\\/kundel.com\\\/fr\\\/\"},{\"@type\":\"ListItem\",\"position\":2,\"name\":\"Produits\",\"item\":\"https:\\\/\\\/kundel.com\\\/fr\\\/produits\\\/\"},{\"@type\":\"ListItem\",\"position\":3,\"name\":\"Accessoires et Fournitures pour Bo\u00eetes de Tranch\u00e9e\",\"item\":\"https:\\\/\\\/kundel.com\\\/fr\\\/produits\\\/accessoires-et-fournitures-pour-boites-de-tranchee\\\/\"},{\"@type\":\"ListItem\",\"position\":4,\"name\":\"Vue \u00e0 360 degr\u00e9s des pi\u00e8ces de la bo\u00eete de tranch\u00e9e\"}]},{\"@type\":\"WebSite\",\"@id\":\"https:\\\/\\\/kundel.com\\\/fr\\\/#website\",\"url\":\"https:\\\/\\\/kundel.com\\\/fr\\\/\",\"name\":\"KUNDEL\",\"description\":\"Manufacturer of Production Safety Equipment including Overhead cranes, Jib Cranes, Trench Shoring and Bedding Boxes\",\"publisher\":{\"@id\":\"https:\\\/\\\/kundel.com\\\/fr\\\/#organization\"},\"potentialAction\":[{\"@type\":\"SearchAction\",\"target\":{\"@type\":\"EntryPoint\",\"urlTemplate\":\"https:\\\/\\\/kundel.com\\\/fr\\\/?s={search_term_string}\"},\"query-input\":{\"@type\":\"PropertyValueSpecification\",\"valueRequired\":true,\"valueName\":\"search_term_string\"}}],\"inLanguage\":\"fr-FR\"},{\"@type\":\"Organization\",\"@id\":\"https:\\\/\\\/kundel.com\\\/fr\\\/#organization\",\"name\":\"Kundel Industries Inc.\",\"alternateName\":\"Kundel\",\"url\":\"https:\\\/\\\/kundel.com\\\/fr\\\/\",\"logo\":{\"@type\":\"ImageObject\",\"inLanguage\":\"fr-FR\",\"@id\":\"https:\\\/\\\/kundel.com\\\/fr\\\/#\\\/schema\\\/logo\\\/image\\\/\",\"url\":\"https:\\\/\\\/kundel.com\\\/wp-content\\\/uploads\\\/2023\\\/02\\\/Schema-Kundel-Logo.jpg\",\"contentUrl\":\"https:\\\/\\\/kundel.com\\\/wp-content\\\/uploads\\\/2023\\\/02\\\/Schema-Kundel-Logo.jpg\",\"width\":696,\"height\":696,\"caption\":\"Kundel Industries Inc.\"},\"image\":{\"@id\":\"https:\\\/\\\/kundel.com\\\/fr\\\/#\\\/schema\\\/logo\\\/image\\\/\"},\"sameAs\":[\"https:\\\/\\\/www.facebook.com\\\/profile.php?id=100064046048542\",\"https:\\\/\\\/x.com\\\/KundelBoxes\",\"https:\\\/\\\/www.instagram.com\\\/kundelindustries\\\/\",\"https:\\\/\\\/www.linkedin.com\\\/company\\\/kundelindustries\\\/\",\"https:\\\/\\\/www.youtube.com\\\/channel\\\/UCaTKXbyOyIQwt89ySWg1VMw\"]}]}<\/script>\n<!-- \/ Yoast SEO plugin. -->","yoast_head_json":{"title":"KUNDEL | Vue \u00e0 360 degr\u00e9s des pi\u00e8ces de la bo\u00eete de tranch\u00e9e","description":"Vue \u00e0 360 degr\u00e9s de notre grande vari\u00e9t\u00e9 d'accessoires pour r\u00e9pondre aux exigences \u00e9lev\u00e9es en mati\u00e8re de production et de s\u00e9curit\u00e9 sur le chantier aujourd'hui...","robots":{"index":"index","follow":"follow","max-snippet":"max-snippet:-1","max-image-preview":"max-image-preview:large","max-video-preview":"max-video-preview:-1"},"canonical":"https:\/\/kundel.com\/fr\/produits\/accessoires-et-fournitures-pour-boites-de-tranchee\/vue-a-360-degres-des-pieces-de-la-boite-de-tranchee\/","og_locale":"fr_FR","og_type":"article","og_title":"KUNDEL | Vue \u00e0 360 degr\u00e9s des pi\u00e8ces de la bo\u00eete de tranch\u00e9e","og_description":"Vue \u00e0 360 degr\u00e9s de notre grande vari\u00e9t\u00e9 d'accessoires pour r\u00e9pondre aux exigences \u00e9lev\u00e9es en mati\u00e8re de production et de s\u00e9curit\u00e9 sur le chantier aujourd'hui...","og_url":"https:\/\/kundel.com\/fr\/produits\/accessoires-et-fournitures-pour-boites-de-tranchee\/vue-a-360-degres-des-pieces-de-la-boite-de-tranchee\/","og_site_name":"KUNDEL","article_publisher":"https:\/\/www.facebook.com\/profile.php?id=100064046048542","article_modified_time":"2024-02-18T13:18:32+00:00","og_image":[{"width":455,"height":879,"url":"https:\/\/kundel.com\/wp-content\/uploads\/2021\/03\/360-Page.png","type":"image\/png"}],"twitter_card":"summary_large_image","twitter_site":"@KundelBoxes","twitter_misc":{"Dur\u00e9e de lecture estim\u00e9e":"1 minute"},"schema":{"@context":"https:\/\/schema.org","@graph":[{"@type":"WebPage","@id":"https:\/\/kundel.com\/fr\/produits\/accessoires-et-fournitures-pour-boites-de-tranchee\/vue-a-360-degres-des-pieces-de-la-boite-de-tranchee\/","url":"https:\/\/kundel.com\/fr\/produits\/accessoires-et-fournitures-pour-boites-de-tranchee\/vue-a-360-degres-des-pieces-de-la-boite-de-tranchee\/","name":"KUNDEL | Vue \u00e0 360 degr\u00e9s des pi\u00e8ces de la bo\u00eete de tranch\u00e9e","isPartOf":{"@id":"https:\/\/kundel.com\/fr\/#website"},"primaryImageOfPage":{"@id":"https:\/\/kundel.com\/fr\/produits\/accessoires-et-fournitures-pour-boites-de-tranchee\/vue-a-360-degres-des-pieces-de-la-boite-de-tranchee\/#primaryimage"},"image":{"@id":"https:\/\/kundel.com\/fr\/produits\/accessoires-et-fournitures-pour-boites-de-tranchee\/vue-a-360-degres-des-pieces-de-la-boite-de-tranchee\/#primaryimage"},"thumbnailUrl":"https:\/\/kundel.com\/wp-content\/uploads\/2021\/03\/360-Page.png","datePublished":"2023-02-01T16:42:02+00:00","dateModified":"2024-02-18T13:18:32+00:00","description":"Vue \u00e0 360 degr\u00e9s de notre grande vari\u00e9t\u00e9 d'accessoires pour r\u00e9pondre aux exigences \u00e9lev\u00e9es en mati\u00e8re de production et de s\u00e9curit\u00e9 sur le chantier aujourd'hui...","breadcrumb":{"@id":"https:\/\/kundel.com\/fr\/produits\/accessoires-et-fournitures-pour-boites-de-tranchee\/vue-a-360-degres-des-pieces-de-la-boite-de-tranchee\/#breadcrumb"},"inLanguage":"fr-FR","potentialAction":[{"@type":"ReadAction","target":["https:\/\/kundel.com\/fr\/produits\/accessoires-et-fournitures-pour-boites-de-tranchee\/vue-a-360-degres-des-pieces-de-la-boite-de-tranchee\/"]}]},{"@type":"ImageObject","inLanguage":"fr-FR","@id":"https:\/\/kundel.com\/fr\/produits\/accessoires-et-fournitures-pour-boites-de-tranchee\/vue-a-360-degres-des-pieces-de-la-boite-de-tranchee\/#primaryimage","url":"https:\/\/kundel.com\/wp-content\/uploads\/2021\/03\/360-Page.png","contentUrl":"https:\/\/kundel.com\/wp-content\/uploads\/2021\/03\/360-Page.png","width":455,"height":879,"caption":"Kundel Trench Products 360 view page"},{"@type":"BreadcrumbList","@id":"https:\/\/kundel.com\/fr\/produits\/accessoires-et-fournitures-pour-boites-de-tranchee\/vue-a-360-degres-des-pieces-de-la-boite-de-tranchee\/#breadcrumb","itemListElement":[{"@type":"ListItem","position":1,"name":"Home","item":"https:\/\/kundel.com\/fr\/"},{"@type":"ListItem","position":2,"name":"Produits","item":"https:\/\/kundel.com\/fr\/produits\/"},{"@type":"ListItem","position":3,"name":"Accessoires et Fournitures pour Bo\u00eetes de Tranch\u00e9e","item":"https:\/\/kundel.com\/fr\/produits\/accessoires-et-fournitures-pour-boites-de-tranchee\/"},{"@type":"ListItem","position":4,"name":"Vue \u00e0 360 degr\u00e9s des pi\u00e8ces de la bo\u00eete de tranch\u00e9e"}]},{"@type":"WebSite","@id":"https:\/\/kundel.com\/fr\/#website","url":"https:\/\/kundel.com\/fr\/","name":"KUNDEL","description":"Manufacturer of Production Safety Equipment including Overhead cranes, Jib Cranes, Trench Shoring and Bedding Boxes","publisher":{"@id":"https:\/\/kundel.com\/fr\/#organization"},"potentialAction":[{"@type":"SearchAction","target":{"@type":"EntryPoint","urlTemplate":"https:\/\/kundel.com\/fr\/?s={search_term_string}"},"query-input":{"@type":"PropertyValueSpecification","valueRequired":true,"valueName":"search_term_string"}}],"inLanguage":"fr-FR"},{"@type":"Organization","@id":"https:\/\/kundel.com\/fr\/#organization","name":"Kundel Industries Inc.","alternateName":"Kundel","url":"https:\/\/kundel.com\/fr\/","logo":{"@type":"ImageObject","inLanguage":"fr-FR","@id":"https:\/\/kundel.com\/fr\/#\/schema\/logo\/image\/","url":"https:\/\/kundel.com\/wp-content\/uploads\/2023\/02\/Schema-Kundel-Logo.jpg","contentUrl":"https:\/\/kundel.com\/wp-content\/uploads\/2023\/02\/Schema-Kundel-Logo.jpg","width":696,"height":696,"caption":"Kundel Industries Inc."},"image":{"@id":"https:\/\/kundel.com\/fr\/#\/schema\/logo\/image\/"},"sameAs":["https:\/\/www.facebook.com\/profile.php?id=100064046048542","https:\/\/x.com\/KundelBoxes","https:\/\/www.instagram.com\/kundelindustries\/","https:\/\/www.linkedin.com\/company\/kundelindustries\/","https:\/\/www.youtube.com\/channel\/UCaTKXbyOyIQwt89ySWg1VMw"]}]}},"_links":{"self":[{"href":"https:\/\/kundel.com\/fr\/wp-json\/wp\/v2\/pages\/15950","targetHints":{"allow":["GET"]}}],"collection":[{"href":"https:\/\/kundel.com\/fr\/wp-json\/wp\/v2\/pages"}],"about":[{"href":"https:\/\/kundel.com\/fr\/wp-json\/wp\/v2\/types\/page"}],"author":[{"embeddable":true,"href":"https:\/\/kundel.com\/fr\/wp-json\/wp\/v2\/users\/1"}],"replies":[{"embeddable":true,"href":"https:\/\/kundel.com\/fr\/wp-json\/wp\/v2\/comments?post=15950"}],"version-history":[{"count":2,"href":"https:\/\/kundel.com\/fr\/wp-json\/wp\/v2\/pages\/15950\/revisions"}],"predecessor-version":[{"id":15952,"href":"https:\/\/kundel.com\/fr\/wp-json\/wp\/v2\/pages\/15950\/revisions\/15952"}],"up":[{"embeddable":true,"href":"https:\/\/kundel.com\/fr\/wp-json\/wp\/v2\/pages\/15921"}],"wp:featuredmedia":[{"embeddable":true,"href":"https:\/\/kundel.com\/fr\/wp-json\/wp\/v2\/media\/13857"}],"wp:attachment":[{"href":"https:\/\/kundel.com\/fr\/wp-json\/wp\/v2\/media?parent=15950"}],"curies":[{"name":"wp","href":"https:\/\/api.w.org\/{rel}","templated":true}]}}