{"id":16059,"date":"2023-05-26T12:09:57","date_gmt":"2023-05-26T16:09:57","guid":{"rendered":"https:\/\/kundel.com\/page-video-de-lentreprise\/"},"modified":"2024-02-20T09:59:30","modified_gmt":"2024-02-20T14:59:30","slug":"page-video-de-lentreprise","status":"publish","type":"page","link":"https:\/\/kundel.com\/fr\/videos\/page-video-de-lentreprise\/","title":{"rendered":"Page Vid\u00e9o de l&rsquo;Entreprise"},"content":{"rendered":"<p>[et_pb_section fb_built=\u00a0\u00bb1&Prime; _builder_version=\u00a0\u00bb4.16&Prime; locked=\u00a0\u00bboff\u00a0\u00bb global_colors_info=\u00a0\u00bb{}\u00a0\u00bb][et_pb_row column_structure=\u00a0\u00bb1_4,3_4&Prime; module_class=\u00a0\u00bbpagestoppad\u00a0\u00bb _builder_version=\u00a0\u00bb4.16&Prime; custom_margin=\u00a0\u00bb||||false|false\u00a0\u00bb custom_padding=\u00a0\u00bb||||false|false\u00a0\u00bb global_colors_info=\u00a0\u00bb{}\u00a0\u00bb][et_pb_column type=\u00a0\u00bb1_4&Prime; _builder_version=\u00a0\u00bb4.16&Prime; global_colors_info=\u00a0\u00bb{}\u00a0\u00bb][et_pb_text _builder_version=\u00a0\u00bb4.16&Prime; text_orientation=\u00a0\u00bbcenter\u00a0\u00bb custom_margin=\u00a0\u00bb||1px||false|false\u00a0\u00bb custom_padding=\u00a0\u00bb||0px||false|false\u00a0\u00bb global_colors_info=\u00a0\u00bb{}\u00a0\u00bb]<\/p>\n<h2 class=\"custom-page-title\">CENTRE DE SOUTIEN<\/h2>\n<p>[\/et_pb_text][et_pb_text _builder_version=\u00a0\u00bb4.16&Prime; global_colors_info=\u00a0\u00bb{}\u00a0\u00bb]<\/p>\n<div class=\"protopmenu\">\n<a class=\"promenuoff supportmenu\" href=\"https:\/\/kundel.com\/fr\/statut-de-la-commande\/\">Statut de la Commande<\/a><br \/>\n<a class=\"promenuoff supportmenu\" href=\"https:\/\/kundel.com\/fr\/demande-de-devis\/\">Demande de Devis<\/a><br \/>\n<a class=\"promenuoff supportmenu\" href=\"https:\/\/kundel.com\/fr\/demande-de-formation\/\">Demande de Formation<\/a><br \/>\n<a class=\"promenuoff supportmenu\" href=\"https:\/\/kundel.com\/fr\/devenez-revendeur\/\">Devenez Revendeur<\/a><br \/>\n<a class=\"promenuoff supportmenu\" href=\"https:\/\/kundel.com\/fr\/litterature\/\">Litt\u00e9rature<\/a><br \/>\n<a class=\"promenuon supportmenu\" href=\"https:\/\/kundel.com\/fr\/videos\/\">Vid\u00e9os<\/a><br \/>\n<a class=\"promenuoff supportmenu\" href=\"https:\/\/kundel.com\/fr\/garantie\/\">Garantie<\/a><br \/>\n<a class=\"promenuoff supportmenu\" href=\"https:\/\/kundel.com\/fr\/termes-et-conditions\/\">Termes et Conditions<\/a><br \/>\n<a class=\"promenuoff supportmenu\" href=\"\/wp-content\/uploads\/2020\/02\/Kundel_Industries-Crane_Division-Quality_Assurance_Manual.pdf\" target=\"_blank\" rel=\"noopener noreferrer\">Normes de Qualit\u00e9<\/a>\n<\/div>\n<p>[\/et_pb_text][\/et_pb_column][et_pb_column type=\u00a0\u00bb3_4&Prime; _builder_version=\u00a0\u00bb4.16&Prime; global_colors_info=\u00a0\u00bb{}\u00a0\u00bb][et_pb_text module_class=\u00a0\u00bbk-txt-hdr-mod\u00a0\u00bb _builder_version=\u00a0\u00bb4.16&Prime; locked=\u00a0\u00bboff\u00a0\u00bb global_colors_info=\u00a0\u00bb{}\u00a0\u00bb]<\/p>\n<div class=\"pane-content\">\n<h1 class=\"custom-page-title\">VID\u00c9OS<\/h1>\n<p class=\"custom-page-sub\">Kundel Industries Inc. Vid\u00e9os de Produits<\/p>\n<\/p><\/div>\n<p>[\/et_pb_text][et_pb_text _builder_version=\u00a0\u00bb4.21.0&Prime; global_colors_info=\u00a0\u00bb{}\u00a0\u00bb]<\/p>\n<div class=\"protopmenu\"><a class=\"promenuon titanmenu\" href=\"https:\/\/kundel.com\/fr\/videos\/page-video-de-lentreprise\/\">Entreprise<\/a><a class=\"promenuoff titanmenu\" href=\"https:\/\/kundel.com\/fr\/videos\/page-video-dassemblage\/\">Assembl\u00e9e<\/a><a class=\"promenuoff titanmenu\" href=\"https:\/\/kundel.com\/fr\/videos\/videos-de-temoignages\/\">T\u00e9moignage<\/a><a class=\"promenuoff titanmenu\" href=\"https:\/\/kundel.com\/fr\/videos\/page-de-video-du-magasin\/\">Boutique<\/a><a class=\"promenuoff titanmenu\" href=\"https:\/\/kundel.com\/fr\/videos\/\">Grue et Fl\u00e8che<\/a><a class=\"promenuoff titanmenu\" href=\"https:\/\/kundel.com\/fr\/videos\/videos-de-blindage-de-tranchee\/\">\u00c9tayage de Tranch\u00e9e<\/a><\/div>\n<p>[\/et_pb_text][et_pb_text module_class=\u00a0\u00bbk-txt-hdr-mod\u00a0\u00bb _builder_version=\u00a0\u00bb4.21.0&Prime; custom_margin=\u00a0\u00bb||||false|false\u00a0\u00bb custom_padding=\u00a0\u00bb||||false|false\u00a0\u00bb hover_enabled=\u00a0\u00bb0&Prime; locked=\u00a0\u00bboff\u00a0\u00bb global_colors_info=\u00a0\u00bb{}\u00a0\u00bb sticky_enabled=\u00a0\u00bb0&Prime;]<\/p>\n<div class=\"rowcralitrow\">\n<div class=\"cravidblock\">\n<div class=\"container-lazyload preview-lazyload container-youtube js-lazyload--not-loaded\"><a href=\"https:\/\/www.youtube.com\/watch?v=bIcJ9lw0Pj0\" class=\"lazy-load-youtube preview-lazyload preview-youtube\" data-video-title=\"Headquarters Drone Footage\" title=\"Play video &quot;Headquarters Drone Footage&quot;\">https:\/\/www.youtube.com\/watch?v=bIcJ9lw0Pj0<\/a><noscript>Video can&rsquo;t be loaded because JavaScript is disabled: <a href=\"https:\/\/www.youtube.com\/watch?v=bIcJ9lw0Pj0\" title=\"Headquarters Drone Footage\">Headquarters Drone Footage (https:\/\/www.youtube.com\/watch?v=bIcJ9lw0Pj0)<\/a><\/noscript><\/div>\n<p class=\"productvideotitle\"><strong>Kundel Industries | Images de Drone du Si\u00e8ge Social<\/strong><br \/>\nSujets : Images a\u00e9riennes par drone de notre si\u00e8ge social \u00e0 Vienna, OH de 2017<\/p>\n<\/div>\n<div class=\"cravidblock\">\n<div class=\"container-lazyload preview-lazyload container-youtube js-lazyload--not-loaded\"><a href=\"https:\/\/www.youtube.com\/watch?v=rvWGkgyLpVk\" class=\"lazy-load-youtube preview-lazyload preview-youtube\" data-video-title=\"Kundel Industries- True Family business\" title=\"Play video &quot;Kundel Industries- True Family business&quot;\">https:\/\/www.youtube.com\/watch?v=rvWGkgyLpVk<\/a><noscript>Video can&rsquo;t be loaded because JavaScript is disabled: <a href=\"https:\/\/www.youtube.com\/watch?v=rvWGkgyLpVk\" title=\"Kundel Industries- True Family business\">Kundel Industries- True Family business (https:\/\/www.youtube.com\/watch?v=rvWGkgyLpVk)<\/a><\/noscript><\/div>\n<p class=\"productvideotitle\"><strong>Industries Kundel | V\u00e9ritable Entreprise Familiale<\/strong><br \/>\nSujets : Jim parle d&rsquo;une entreprise familiale tr\u00e8s renomm\u00e9e, construite aux \u00c9tats-Unis. Attach\u00e9 \u00e0 une s\u00e9rie en 5 parties, nous couvrirons le travail personnalis\u00e9 fourni par Kundel pour vous faire \u00e9conomiser de l&rsquo;argent.<\/p>\n<\/div>\n<\/div>\n<p>[\/et_pb_text][\/et_pb_column][\/et_pb_row][et_pb_row module_class=\u00a0\u00bbmarkcode\u00a0\u00bb _builder_version=\u00a0\u00bb4.16&Prime; custom_margin=\u00a0\u00bb0px||0px||false|false\u00a0\u00bb custom_padding=\u00a0\u00bb0px||0px||false|false\u00a0\u00bb locked=\u00a0\u00bboff\u00a0\u00bb global_colors_info=\u00a0\u00bb{}\u00a0\u00bb][et_pb_column type=\u00a0\u00bb4_4&Prime; _builder_version=\u00a0\u00bb4.16&Prime; global_colors_info=\u00a0\u00bb{}\u00a0\u00bb][et_pb_code _builder_version=\u00a0\u00bb4.16&Prime; custom_margin=\u00a0\u00bb0px||0px||false|false\u00a0\u00bb custom_padding=\u00a0\u00bb0px||0px||false|false\u00a0\u00bb global_colors_info=\u00a0\u00bb{}\u00a0\u00bb]<script type=\"text\/javascript\" src=\"https:\/\/a.remarketstats.com\/px\/smart\/?c=2353db4fd4b715e&#038;seg=Videos\"><\/script>[\/et_pb_code][\/et_pb_column][\/et_pb_row][\/et_pb_section]<\/p>\n<script language='javascript' type='text\/javascript'>function getWR360PopupSkin(){return 'light_clean';}<\/script>","protected":false},"excerpt":{"rendered":"<p>CENTRE DE SOUTIEN Statut de la Commande Demande de Devis Demande de Formation Devenez Revendeur Litt\u00e9rature Vid\u00e9os Garantie Termes et Conditions Normes de Qualit\u00e9 VID\u00c9OS Kundel Industries Inc. Vid\u00e9os de Produits EntrepriseAssembl\u00e9eT\u00e9moignageBoutiqueGrue et Fl\u00e8che\u00c9tayage de Tranch\u00e9e https:\/\/www.youtube.com\/watch?v=bIcJ9lw0Pj0 Kundel Industries | Images de Drone du Si\u00e8ge Social Sujets : Images a\u00e9riennes par drone de notre si\u00e8ge [&hellip;]<\/p>\n","protected":false},"author":1,"featured_media":0,"parent":16080,"menu_order":0,"comment_status":"closed","ping_status":"closed","template":"","meta":{"_acf_changed":false,"_et_pb_use_builder":"on","_et_pb_old_content":"","_et_gb_content_width":"","footnotes":""},"class_list":["post-16059","page","type-page","status-publish","hentry"],"acf":[],"yoast_head":"<!-- This site is optimized with the Yoast SEO plugin v27.4 - https:\/\/yoast.com\/product\/yoast-seo-wordpress\/ -->\n<title>Page Vid\u00e9o de l&#039;Entreprise | KUNDEL<\/title>\n<meta name=\"robots\" content=\"index, follow, max-snippet:-1, max-image-preview:large, max-video-preview:-1\" \/>\n<link rel=\"canonical\" href=\"https:\/\/kundel.com\/fr\/videos\/page-video-de-lentreprise\/\" \/>\n<meta property=\"og:locale\" content=\"fr_FR\" \/>\n<meta property=\"og:type\" content=\"article\" \/>\n<meta property=\"og:title\" content=\"Page Vid\u00e9o de l&#039;Entreprise | KUNDEL\" \/>\n<meta property=\"og:description\" content=\"CENTRE DE SOUTIEN Statut de la Commande Demande de Devis Demande de Formation Devenez Revendeur Litt\u00e9rature Vid\u00e9os Garantie Termes et Conditions Normes de Qualit\u00e9 VID\u00c9OS Kundel Industries Inc. Vid\u00e9os de Produits EntrepriseAssembl\u00e9eT\u00e9moignageBoutiqueGrue et Fl\u00e8che\u00c9tayage de Tranch\u00e9e https:\/\/www.youtube.com\/watch?v=bIcJ9lw0Pj0 Kundel Industries | Images de Drone du Si\u00e8ge Social Sujets : Images a\u00e9riennes par drone de notre si\u00e8ge [&hellip;]\" \/>\n<meta property=\"og:url\" content=\"https:\/\/kundel.com\/fr\/videos\/page-video-de-lentreprise\/\" \/>\n<meta property=\"og:site_name\" content=\"KUNDEL\" \/>\n<meta property=\"article:publisher\" content=\"https:\/\/www.facebook.com\/profile.php?id=100064046048542\" \/>\n<meta property=\"article:modified_time\" content=\"2024-02-20T14:59:30+00:00\" \/>\n<meta name=\"twitter:card\" content=\"summary_large_image\" \/>\n<meta name=\"twitter:site\" content=\"@KundelBoxes\" \/>\n<meta name=\"twitter:label1\" content=\"Dur\u00e9e de lecture estim\u00e9e\" \/>\n\t<meta name=\"twitter:data1\" content=\"2 minutes\" \/>\n<script type=\"application\/ld+json\" class=\"yoast-schema-graph\">{\"@context\":\"https:\\\/\\\/schema.org\",\"@graph\":[{\"@type\":\"WebPage\",\"@id\":\"https:\\\/\\\/kundel.com\\\/fr\\\/videos\\\/page-video-de-lentreprise\\\/\",\"url\":\"https:\\\/\\\/kundel.com\\\/fr\\\/videos\\\/page-video-de-lentreprise\\\/\",\"name\":\"Page Vid\u00e9o de l'Entreprise | KUNDEL\",\"isPartOf\":{\"@id\":\"https:\\\/\\\/kundel.com\\\/fr\\\/#website\"},\"datePublished\":\"2023-05-26T16:09:57+00:00\",\"dateModified\":\"2024-02-20T14:59:30+00:00\",\"breadcrumb\":{\"@id\":\"https:\\\/\\\/kundel.com\\\/fr\\\/videos\\\/page-video-de-lentreprise\\\/#breadcrumb\"},\"inLanguage\":\"fr-FR\",\"potentialAction\":[{\"@type\":\"ReadAction\",\"target\":[\"https:\\\/\\\/kundel.com\\\/fr\\\/videos\\\/page-video-de-lentreprise\\\/\"]}]},{\"@type\":\"BreadcrumbList\",\"@id\":\"https:\\\/\\\/kundel.com\\\/fr\\\/videos\\\/page-video-de-lentreprise\\\/#breadcrumb\",\"itemListElement\":[{\"@type\":\"ListItem\",\"position\":1,\"name\":\"Home\",\"item\":\"https:\\\/\\\/kundel.com\\\/fr\\\/\"},{\"@type\":\"ListItem\",\"position\":2,\"name\":\"Vid\u00e9os\",\"item\":\"https:\\\/\\\/kundel.com\\\/fr\\\/videos\\\/\"},{\"@type\":\"ListItem\",\"position\":3,\"name\":\"Page Vid\u00e9o de l&#8217;Entreprise\"}]},{\"@type\":\"WebSite\",\"@id\":\"https:\\\/\\\/kundel.com\\\/fr\\\/#website\",\"url\":\"https:\\\/\\\/kundel.com\\\/fr\\\/\",\"name\":\"KUNDEL\",\"description\":\"Manufacturer of Production Safety Equipment including Overhead cranes, Jib Cranes, Trench Shoring and Bedding Boxes\",\"publisher\":{\"@id\":\"https:\\\/\\\/kundel.com\\\/fr\\\/#organization\"},\"potentialAction\":[{\"@type\":\"SearchAction\",\"target\":{\"@type\":\"EntryPoint\",\"urlTemplate\":\"https:\\\/\\\/kundel.com\\\/fr\\\/?s={search_term_string}\"},\"query-input\":{\"@type\":\"PropertyValueSpecification\",\"valueRequired\":true,\"valueName\":\"search_term_string\"}}],\"inLanguage\":\"fr-FR\"},{\"@type\":\"Organization\",\"@id\":\"https:\\\/\\\/kundel.com\\\/fr\\\/#organization\",\"name\":\"Kundel Industries Inc.\",\"alternateName\":\"Kundel\",\"url\":\"https:\\\/\\\/kundel.com\\\/fr\\\/\",\"logo\":{\"@type\":\"ImageObject\",\"inLanguage\":\"fr-FR\",\"@id\":\"https:\\\/\\\/kundel.com\\\/fr\\\/#\\\/schema\\\/logo\\\/image\\\/\",\"url\":\"https:\\\/\\\/kundel.com\\\/wp-content\\\/uploads\\\/2023\\\/02\\\/Schema-Kundel-Logo.jpg\",\"contentUrl\":\"https:\\\/\\\/kundel.com\\\/wp-content\\\/uploads\\\/2023\\\/02\\\/Schema-Kundel-Logo.jpg\",\"width\":696,\"height\":696,\"caption\":\"Kundel Industries Inc.\"},\"image\":{\"@id\":\"https:\\\/\\\/kundel.com\\\/fr\\\/#\\\/schema\\\/logo\\\/image\\\/\"},\"sameAs\":[\"https:\\\/\\\/www.facebook.com\\\/profile.php?id=100064046048542\",\"https:\\\/\\\/x.com\\\/KundelBoxes\",\"https:\\\/\\\/www.instagram.com\\\/kundelindustries\\\/\",\"https:\\\/\\\/www.linkedin.com\\\/company\\\/kundelindustries\\\/\",\"https:\\\/\\\/www.youtube.com\\\/channel\\\/UCaTKXbyOyIQwt89ySWg1VMw\"]}]}<\/script>\n<!-- \/ Yoast SEO plugin. -->","yoast_head_json":{"title":"Page Vid\u00e9o de l'Entreprise | KUNDEL","robots":{"index":"index","follow":"follow","max-snippet":"max-snippet:-1","max-image-preview":"max-image-preview:large","max-video-preview":"max-video-preview:-1"},"canonical":"https:\/\/kundel.com\/fr\/videos\/page-video-de-lentreprise\/","og_locale":"fr_FR","og_type":"article","og_title":"Page Vid\u00e9o de l'Entreprise | KUNDEL","og_description":"CENTRE DE SOUTIEN Statut de la Commande Demande de Devis Demande de Formation Devenez Revendeur Litt\u00e9rature Vid\u00e9os Garantie Termes et Conditions Normes de Qualit\u00e9 VID\u00c9OS Kundel Industries Inc. Vid\u00e9os de Produits EntrepriseAssembl\u00e9eT\u00e9moignageBoutiqueGrue et Fl\u00e8che\u00c9tayage de Tranch\u00e9e https:\/\/www.youtube.com\/watch?v=bIcJ9lw0Pj0 Kundel Industries | Images de Drone du Si\u00e8ge Social Sujets : Images a\u00e9riennes par drone de notre si\u00e8ge [&hellip;]","og_url":"https:\/\/kundel.com\/fr\/videos\/page-video-de-lentreprise\/","og_site_name":"KUNDEL","article_publisher":"https:\/\/www.facebook.com\/profile.php?id=100064046048542","article_modified_time":"2024-02-20T14:59:30+00:00","twitter_card":"summary_large_image","twitter_site":"@KundelBoxes","twitter_misc":{"Dur\u00e9e de lecture estim\u00e9e":"2 minutes"},"schema":{"@context":"https:\/\/schema.org","@graph":[{"@type":"WebPage","@id":"https:\/\/kundel.com\/fr\/videos\/page-video-de-lentreprise\/","url":"https:\/\/kundel.com\/fr\/videos\/page-video-de-lentreprise\/","name":"Page Vid\u00e9o de l'Entreprise | KUNDEL","isPartOf":{"@id":"https:\/\/kundel.com\/fr\/#website"},"datePublished":"2023-05-26T16:09:57+00:00","dateModified":"2024-02-20T14:59:30+00:00","breadcrumb":{"@id":"https:\/\/kundel.com\/fr\/videos\/page-video-de-lentreprise\/#breadcrumb"},"inLanguage":"fr-FR","potentialAction":[{"@type":"ReadAction","target":["https:\/\/kundel.com\/fr\/videos\/page-video-de-lentreprise\/"]}]},{"@type":"BreadcrumbList","@id":"https:\/\/kundel.com\/fr\/videos\/page-video-de-lentreprise\/#breadcrumb","itemListElement":[{"@type":"ListItem","position":1,"name":"Home","item":"https:\/\/kundel.com\/fr\/"},{"@type":"ListItem","position":2,"name":"Vid\u00e9os","item":"https:\/\/kundel.com\/fr\/videos\/"},{"@type":"ListItem","position":3,"name":"Page Vid\u00e9o de l&#8217;Entreprise"}]},{"@type":"WebSite","@id":"https:\/\/kundel.com\/fr\/#website","url":"https:\/\/kundel.com\/fr\/","name":"KUNDEL","description":"Manufacturer of Production Safety Equipment including Overhead cranes, Jib Cranes, Trench Shoring and Bedding Boxes","publisher":{"@id":"https:\/\/kundel.com\/fr\/#organization"},"potentialAction":[{"@type":"SearchAction","target":{"@type":"EntryPoint","urlTemplate":"https:\/\/kundel.com\/fr\/?s={search_term_string}"},"query-input":{"@type":"PropertyValueSpecification","valueRequired":true,"valueName":"search_term_string"}}],"inLanguage":"fr-FR"},{"@type":"Organization","@id":"https:\/\/kundel.com\/fr\/#organization","name":"Kundel Industries Inc.","alternateName":"Kundel","url":"https:\/\/kundel.com\/fr\/","logo":{"@type":"ImageObject","inLanguage":"fr-FR","@id":"https:\/\/kundel.com\/fr\/#\/schema\/logo\/image\/","url":"https:\/\/kundel.com\/wp-content\/uploads\/2023\/02\/Schema-Kundel-Logo.jpg","contentUrl":"https:\/\/kundel.com\/wp-content\/uploads\/2023\/02\/Schema-Kundel-Logo.jpg","width":696,"height":696,"caption":"Kundel Industries Inc."},"image":{"@id":"https:\/\/kundel.com\/fr\/#\/schema\/logo\/image\/"},"sameAs":["https:\/\/www.facebook.com\/profile.php?id=100064046048542","https:\/\/x.com\/KundelBoxes","https:\/\/www.instagram.com\/kundelindustries\/","https:\/\/www.linkedin.com\/company\/kundelindustries\/","https:\/\/www.youtube.com\/channel\/UCaTKXbyOyIQwt89ySWg1VMw"]}]}},"_links":{"self":[{"href":"https:\/\/kundel.com\/fr\/wp-json\/wp\/v2\/pages\/16059","targetHints":{"allow":["GET"]}}],"collection":[{"href":"https:\/\/kundel.com\/fr\/wp-json\/wp\/v2\/pages"}],"about":[{"href":"https:\/\/kundel.com\/fr\/wp-json\/wp\/v2\/types\/page"}],"author":[{"embeddable":true,"href":"https:\/\/kundel.com\/fr\/wp-json\/wp\/v2\/users\/1"}],"replies":[{"embeddable":true,"href":"https:\/\/kundel.com\/fr\/wp-json\/wp\/v2\/comments?post=16059"}],"version-history":[{"count":2,"href":"https:\/\/kundel.com\/fr\/wp-json\/wp\/v2\/pages\/16059\/revisions"}],"predecessor-version":[{"id":16061,"href":"https:\/\/kundel.com\/fr\/wp-json\/wp\/v2\/pages\/16059\/revisions\/16061"}],"up":[{"embeddable":true,"href":"https:\/\/kundel.com\/fr\/wp-json\/wp\/v2\/pages\/16080"}],"wp:attachment":[{"href":"https:\/\/kundel.com\/fr\/wp-json\/wp\/v2\/media?parent=16059"}],"curies":[{"name":"wp","href":"https:\/\/api.w.org\/{rel}","templated":true}]}}