{"id":16072,"date":"2021-01-22T14:26:18","date_gmt":"2021-01-22T19:26:18","guid":{"rendered":"https:\/\/kundel.com\/page-de-video-du-magasin\/"},"modified":"2024-02-20T09:59:29","modified_gmt":"2024-02-20T14:59:29","slug":"page-de-video-du-magasin","status":"publish","type":"page","link":"https:\/\/kundel.com\/fr\/videos\/page-de-video-du-magasin\/","title":{"rendered":"Page de Vid\u00e9o du Magasin"},"content":{"rendered":"<p>[et_pb_section fb_built=\u00a0\u00bb1&Prime; _builder_version=\u00a0\u00bb4.16&Prime; min_height=\u00a0\u00bb781.4px\u00a0\u00bb custom_padding=\u00a0\u00bb0px||0px|||\u00a0\u00bb global_colors_info=\u00a0\u00bb{}\u00a0\u00bb][et_pb_row column_structure=\u00a0\u00bb1_4,3_4&Prime; module_class=\u00a0\u00bbpagestoppad\u00a0\u00bb _builder_version=\u00a0\u00bb4.16&Prime; min_height=\u00a0\u00bb1534.4px\u00a0\u00bb custom_margin=\u00a0\u00bb-3px|auto|-2px|auto|false|false\u00a0\u00bb custom_padding=\u00a0\u00bb||0px||false|false\u00a0\u00bb global_colors_info=\u00a0\u00bb{}\u00a0\u00bb][et_pb_column type=\u00a0\u00bb1_4&Prime; _builder_version=\u00a0\u00bb4.16&Prime; global_colors_info=\u00a0\u00bb{}\u00a0\u00bb][et_pb_text _builder_version=\u00a0\u00bb4.16&Prime; text_orientation=\u00a0\u00bbcenter\u00a0\u00bb custom_margin=\u00a0\u00bb||1px||false|false\u00a0\u00bb custom_padding=\u00a0\u00bb||0px||false|false\u00a0\u00bb global_colors_info=\u00a0\u00bb{}\u00a0\u00bb]<\/p>\n<h2 class=\"custom-page-title\">CENTRE DE SOUTIEN<\/h2>\n<p>[\/et_pb_text][et_pb_text _builder_version=\u00a0\u00bb4.16&Prime; global_colors_info=\u00a0\u00bb{}\u00a0\u00bb]<\/p>\n<div class=\"protopmenu\">\n<a class=\"promenuoff supportmenu\" href=\"https:\/\/kundel.com\/fr\/statut-de-la-commande\/\">Statut de la Commande<\/a><br \/>\n<a class=\"promenuoff supportmenu\" href=\"https:\/\/kundel.com\/fr\/demande-de-devis\/\">Demande de Devis<\/a><br \/>\n<a class=\"promenuoff supportmenu\" href=\"https:\/\/kundel.com\/fr\/demande-de-formation\/\">Demande de Formation<\/a><br \/>\n<a class=\"promenuoff supportmenu\" href=\"https:\/\/kundel.com\/fr\/devenez-revendeur\/\">Devenez Revendeur<\/a><br \/>\n<a class=\"promenuoff supportmenu\" href=\"https:\/\/kundel.com\/fr\/litterature\/\">Litt\u00e9rature<\/a><br \/>\n<a class=\"promenuon supportmenu\" href=\"https:\/\/kundel.com\/fr\/videos\/\">Vid\u00e9os<\/a><br \/>\n<a class=\"promenuoff supportmenu\" href=\"https:\/\/kundel.com\/fr\/garantie\/\">Garantie<\/a><br \/>\n<a class=\"promenuoff supportmenu\" href=\"https:\/\/kundel.com\/fr\/termes-et-conditions\/\">Termes et Conditions<\/a><br \/>\n<a class=\"promenuoff supportmenu\" href=\"\/wp-content\/uploads\/2020\/02\/Kundel_Industries-Crane_Division-Quality_Assurance_Manual.pdf\" target=\"_blank\" rel=\"noopener noreferrer\">Normes de Qualit\u00e9<\/a>\n<\/div>\n<p>[\/et_pb_text][\/et_pb_column][et_pb_column type=\u00a0\u00bb3_4&Prime; _builder_version=\u00a0\u00bb4.16&Prime; global_colors_info=\u00a0\u00bb{}\u00a0\u00bb][et_pb_text module_class=\u00a0\u00bbk-txt-hdr-mod\u00a0\u00bb _builder_version=\u00a0\u00bb4.16&Prime; locked=\u00a0\u00bboff\u00a0\u00bb global_colors_info=\u00a0\u00bb{}\u00a0\u00bb]<\/p>\n<div class=\"pane-content\">\n<h1 class=\"custom-page-title\">VID\u00c9OS<\/h1>\n<p class=\"custom-page-sub\">Kundel Industries Inc. Vid\u00e9os de Produits<\/p>\n<\/p><\/div>\n<p>[\/et_pb_text][et_pb_text _builder_version=\u00a0\u00bb4.21.0&Prime; global_colors_info=\u00a0\u00bb{}\u00a0\u00bb]<\/p>\n<div class=\"protopmenu\"><a class=\"promenuoff titanmenu\" href=\"https:\/\/kundel.com\/fr\/videos\/page-video-de-lentreprise\/\">Entreprise<\/a><a class=\"promenuoff titanmenu\" href=\"https:\/\/kundel.com\/fr\/videos\/page-video-dassemblage\/\">Assembl\u00e9e<\/a><a class=\"promenuoff titanmenu\" href=\"https:\/\/kundel.com\/fr\/videos\/videos-de-temoignages\/\">T\u00e9moignage<\/a><a class=\"promenuon titanmenu\" href=\"https:\/\/kundel.com\/fr\/videos\/page-de-video-du-magasin\/\">Boutique<\/a><a class=\"promenuoff titanmenu\" href=\"https:\/\/kundel.com\/fr\/videos\/\">Grue et Fl\u00e8che<\/a><a class=\"promenuoff titanmenu\" href=\"https:\/\/kundel.com\/fr\/videos\/videos-de-blindage-de-tranchee\/\">\u00c9tayage de Tranch\u00e9e<\/a><\/div>\n<p>[\/et_pb_text][et_pb_text module_class=\u00a0\u00bbk-txt-hdr-mod\u00a0\u00bb _builder_version=\u00a0\u00bb4.21.0&Prime; min_height=\u00a0\u00bb905px\u00a0\u00bb custom_margin=\u00a0\u00bb||0px||false|false\u00a0\u00bb custom_padding=\u00a0\u00bb||0px||false|false\u00a0\u00bb hover_enabled=\u00a0\u00bb0&Prime; locked=\u00a0\u00bboff\u00a0\u00bb global_colors_info=\u00a0\u00bb{}\u00a0\u00bb sticky_enabled=\u00a0\u00bb0&Prime;]<\/p>\n<div class=\"rowcralitrow\">\n<div class=\"cravidblock\">\n<div class=\"container-lazyload preview-lazyload container-youtube js-lazyload--not-loaded\"><a href=\"https:\/\/www.youtube.com\/watch?v=1GU-iOKn3Wk\" class=\"lazy-load-youtube preview-lazyload preview-youtube\" data-video-title=\"Tools in Action- CNC Capabilities- How it&#039;s Made\" title=\"Play video &quot;Tools in Action- CNC Capabilities- How it&#039;s Made&quot;\">https:\/\/www.youtube.com\/watch?v=1GU-iOKn3Wk<\/a><noscript>Video can&rsquo;t be loaded because JavaScript is disabled: <a href=\"https:\/\/www.youtube.com\/watch?v=1GU-iOKn3Wk\" title=\"Tools in Action- CNC Capabilities- How it&#039;s Made\">Tools in Action- CNC Capabilities- How it&#039;s Made (https:\/\/www.youtube.com\/watch?v=1GU-iOKn3Wk)<\/a><\/noscript><\/div>\n<p class=\"productvideotitle\"><strong>Outils en Action | Capacit\u00e9s CNC | Comment c&rsquo;est Fabriqu\u00e9<\/strong><br \/>\nSujets : Kundel Ind. vous emm\u00e8ne dans les coulisses de nos nombreuses capacit\u00e9s. Regardez comment notre machine CNC transforme un bloc lourd d&rsquo;acier en l&rsquo;une de nos pi\u00e8ces les plus n\u00e9cessaires.<\/p>\n<\/div>\n<div class=\"cravidblock\">\n<div class=\"container-lazyload preview-lazyload container-youtube js-lazyload--not-loaded\"><a href=\"https:\/\/www.youtube.com\/watch?v=IVBWOpDnZEs\" class=\"lazy-load-youtube preview-lazyload preview-youtube\" data-video-title=\"Tools in Action- Mitsubishi Brake Press- How it&#039;s Made\" title=\"Play video &quot;Tools in Action- Mitsubishi Brake Press- How it&#039;s Made&quot;\">https:\/\/www.youtube.com\/watch?v=IVBWOpDnZEs<\/a><noscript>Video can&rsquo;t be loaded because JavaScript is disabled: <a href=\"https:\/\/www.youtube.com\/watch?v=IVBWOpDnZEs\" title=\"Tools in Action- Mitsubishi Brake Press- How it&#039;s Made\">Tools in Action- Mitsubishi Brake Press- How it&#039;s Made (https:\/\/www.youtube.com\/watch?v=IVBWOpDnZEs)<\/a><\/noscript><\/div>\n<p class=\"productvideotitle\"><strong>Outils en action | Presse \u00e0 Frein Mitsubishi | Comment c&rsquo;est Fabriqu\u00e9<\/strong><br \/>\nSujets : Rien n&rsquo;arr\u00eate Kundel. Regardez comme Outils en Action vous emm\u00e8ne \u00e0 la presse plieuse, o\u00f9 nous formons et plions tout notre acier pour les bo\u00eetes de tranch\u00e9e, les grues, et plus encore.<\/p>\n<\/div>\n<div class=\"cravidblock\">\n<div class=\"container-lazyload preview-lazyload container-youtube js-lazyload--not-loaded\"><a href=\"https:\/\/www.youtube.com\/watch?v=xRqA1EDZ2LA\" class=\"lazy-load-youtube preview-lazyload preview-youtube\" data-video-title=\"Tools in Action- Surface Prep- How it&#039;s Made\" title=\"Play video &quot;Tools in Action- Surface Prep- How it&#039;s Made&quot;\">https:\/\/www.youtube.com\/watch?v=xRqA1EDZ2LA<\/a><noscript>Video can&rsquo;t be loaded because JavaScript is disabled: <a href=\"https:\/\/www.youtube.com\/watch?v=xRqA1EDZ2LA\" title=\"Tools in Action- Surface Prep- How it&#039;s Made\">Tools in Action- Surface Prep- How it&#039;s Made (https:\/\/www.youtube.com\/watch?v=xRqA1EDZ2LA)<\/a><\/noscript><\/div>\n<p class=\"productvideotitle\"><strong>Outils en action | Pr\u00e9paration de Surface | Comment c&rsquo;est Fabriqu\u00e9<\/strong><br \/>\nSujets : Kundel Ind. va toujours plus loin, fournissant un outil, une pi\u00e8ce et une relation durables. Regardez comment nous \u00e9barbons notre plaque d&rsquo;extr\u00e9mit\u00e9 KTrac pour obtenir une finition lisse.<\/p>\n<\/div>\n<\/div>\n<div class=\"rowcralitrow\">\n<div class=\"cravidblock\">\n<div class=\"container-lazyload preview-lazyload container-youtube js-lazyload--not-loaded\"><a href=\"https:\/\/www.youtube.com\/watch?v=VWSvaRMkNpo\" class=\"lazy-load-youtube preview-lazyload preview-youtube\" data-video-title=\"Tools in Action- Pipe Plasma- How it&#039;s Made\" title=\"Play video &quot;Tools in Action- Pipe Plasma- How it&#039;s Made&quot;\">https:\/\/www.youtube.com\/watch?v=VWSvaRMkNpo<\/a><noscript>Video can&rsquo;t be loaded because JavaScript is disabled: <a href=\"https:\/\/www.youtube.com\/watch?v=VWSvaRMkNpo\" title=\"Tools in Action- Pipe Plasma- How it&#039;s Made\">Tools in Action- Pipe Plasma- How it&#039;s Made (https:\/\/www.youtube.com\/watch?v=VWSvaRMkNpo)<\/a><\/noscript><\/div>\n<p class=\"productvideotitle\"><strong>Outils en action | Plasma sur Tuyau | Comment c&rsquo;est Fabriqu\u00e9<\/strong><br \/>\nSujets : Dans les coulisses de l&rsquo;\u00e9quipement de blindage de tranch\u00e9e. Regardez Kundel Ind. pr\u00e9parer les ajusteurs de r\u00e9partiteur t\u00e9lescopique.<\/p>\n<\/div>\n<div class=\"cravidblock\">\n<div class=\"container-lazyload preview-lazyload container-youtube js-lazyload--not-loaded\"><a href=\"https:\/\/www.youtube.com\/watch?v=yzNQ-04b6g8\" class=\"lazy-load-youtube preview-lazyload preview-youtube\" data-video-title=\"Kundel KTrac Fabrication From Fab To Finish - Part 1\" title=\"Play video &quot;Kundel KTrac Fabrication From Fab To Finish - Part 1&quot;\">https:\/\/www.youtube.com\/watch?v=yzNQ-04b6g8<\/a><noscript>Video can&rsquo;t be loaded because JavaScript is disabled: <a href=\"https:\/\/www.youtube.com\/watch?v=yzNQ-04b6g8\" title=\"Kundel KTrac Fabrication From Fab To Finish - Part 1\">Kundel KTrac Fabrication From Fab To Finish &#8211; Part 1 (https:\/\/www.youtube.com\/watch?v=yzNQ-04b6g8)<\/a><\/noscript><\/div>\n<p class=\"productvideotitle\"><strong>Fabrication de Kundel KTrac | De la Fabrication \u00e0 la Finition | Partie 1<\/strong><br \/>\nSujets : Obtenez un aper\u00e7u de la fa\u00e7on dont nous construisons nos syst\u00e8mes de grue autoportante KTrac. Depuis plus de 30 ans, nous avons d\u00e9coup\u00e9 sur mesure, soud\u00e9 et fabriqu\u00e9 nos grues de poste de travail autoportantes \u00e0 partir d&rsquo;acier haute r\u00e9sistance de qualit\u00e9 80 et nous les avons garanties \u00e0 vie. Nettement diff\u00e9rent. Nettement Kundel.<\/p>\n<\/div>\n<div class=\"cravidblock\">\n<div class=\"container-lazyload preview-lazyload container-youtube js-lazyload--not-loaded\"><a href=\"https:\/\/www.youtube.com\/watch?v=j5_OZXn3pZA\" class=\"lazy-load-youtube preview-lazyload preview-youtube\" data-video-title=\"Kundel KTrac Fabrication From Fab To Finish - Part 2\" title=\"Play video &quot;Kundel KTrac Fabrication From Fab To Finish - Part 2&quot;\">https:\/\/www.youtube.com\/watch?v=j5_OZXn3pZA<\/a><noscript>Video can&rsquo;t be loaded because JavaScript is disabled: <a href=\"https:\/\/www.youtube.com\/watch?v=j5_OZXn3pZA\" title=\"Kundel KTrac Fabrication From Fab To Finish - Part 2\">Kundel KTrac Fabrication From Fab To Finish &#8211; Part 2 (https:\/\/www.youtube.com\/watch?v=j5_OZXn3pZA)<\/a><\/noscript><\/div>\n<p class=\"productvideotitle\"><strong>Fabrication de Kundel KTrac | De la Fabrication \u00e0 la Finition | Partie 2<\/strong><br \/>\nSujets : La peinture est l&rsquo;\u00e9tape suivante dans la fabrication de nos syst\u00e8mes de grue autoportante KTrac. Notre processus en 3 \u00e9tapes implique un solvant, une couche d&rsquo;appr\u00eat et une couche de finition pour assurer la long\u00e9vit\u00e9 et l&rsquo;apparence de nos grues pendant toute leur dur\u00e9e de vie. Nettement diff\u00e9rent. Nettement Kundel.<\/p>\n<\/div>\n<\/div>\n<p>[\/et_pb_text][et_pb_text _builder_version=\u00a0\u00bb4.21.0&Prime; _module_preset=\u00a0\u00bbdefault\u00a0\u00bb text_orientation=\u00a0\u00bbright\u00a0\u00bb max_width=\u00a0\u00bb98%\u00a0\u00bb custom_margin=\u00a0\u00bb||50px||false|false\u00a0\u00bb global_colors_info=\u00a0\u00bb{}\u00a0\u00bb]<\/p>\n<p><a class=\"vidbutp\" href=\"https:\/\/kundel.com\/fr\/videos\/page-2-de-la-page-des-videos-de-magasin\/\">Page 2<\/a><\/p>\n<p>[\/et_pb_text][\/et_pb_column][\/et_pb_row][\/et_pb_section]<\/p>\n<script language='javascript' type='text\/javascript'>function getWR360PopupSkin(){return 'light_clean';}<\/script>","protected":false},"excerpt":{"rendered":"<p>CENTRE DE SOUTIEN Statut de la Commande Demande de Devis Demande de Formation Devenez Revendeur Litt\u00e9rature Vid\u00e9os Garantie Termes et Conditions Normes de Qualit\u00e9 VID\u00c9OS Kundel Industries Inc. Vid\u00e9os de Produits EntrepriseAssembl\u00e9eT\u00e9moignageBoutiqueGrue et Fl\u00e8che\u00c9tayage de Tranch\u00e9e https:\/\/www.youtube.com\/watch?v=1GU-iOKn3Wk Outils en Action | Capacit\u00e9s CNC | Comment c&rsquo;est Fabriqu\u00e9 Sujets : Kundel Ind. vous emm\u00e8ne dans les [&hellip;]<\/p>\n","protected":false},"author":5,"featured_media":0,"parent":16080,"menu_order":0,"comment_status":"closed","ping_status":"closed","template":"","meta":{"_acf_changed":false,"_et_pb_use_builder":"on","_et_pb_old_content":"","_et_gb_content_width":"","footnotes":""},"class_list":["post-16072","page","type-page","status-publish","hentry"],"acf":[],"yoast_head":"<!-- This site is optimized with the Yoast SEO plugin v27.3 - https:\/\/yoast.com\/product\/yoast-seo-wordpress\/ -->\n<title>Page de Vid\u00e9o du Magasin | KUNDEL<\/title>\n<meta name=\"robots\" content=\"index, follow, max-snippet:-1, max-image-preview:large, max-video-preview:-1\" \/>\n<link rel=\"canonical\" href=\"https:\/\/kundel.com\/fr\/videos\/page-de-video-du-magasin\/\" \/>\n<meta property=\"og:locale\" content=\"fr_FR\" \/>\n<meta property=\"og:type\" content=\"article\" \/>\n<meta property=\"og:title\" content=\"Page de Vid\u00e9o du Magasin | KUNDEL\" \/>\n<meta property=\"og:description\" content=\"CENTRE DE SOUTIEN Statut de la Commande Demande de Devis Demande de Formation Devenez Revendeur Litt\u00e9rature Vid\u00e9os Garantie Termes et Conditions Normes de Qualit\u00e9 VID\u00c9OS Kundel Industries Inc. Vid\u00e9os de Produits EntrepriseAssembl\u00e9eT\u00e9moignageBoutiqueGrue et Fl\u00e8che\u00c9tayage de Tranch\u00e9e https:\/\/www.youtube.com\/watch?v=1GU-iOKn3Wk Outils en Action | Capacit\u00e9s CNC | Comment c&#039;est Fabriqu\u00e9 Sujets : Kundel Ind. vous emm\u00e8ne dans les [&hellip;]\" \/>\n<meta property=\"og:url\" content=\"https:\/\/kundel.com\/fr\/videos\/page-de-video-du-magasin\/\" \/>\n<meta property=\"og:site_name\" content=\"KUNDEL\" \/>\n<meta property=\"article:publisher\" content=\"https:\/\/www.facebook.com\/profile.php?id=100064046048542\" \/>\n<meta property=\"article:modified_time\" content=\"2024-02-20T14:59:29+00:00\" \/>\n<meta name=\"twitter:card\" content=\"summary_large_image\" \/>\n<meta name=\"twitter:site\" content=\"@KundelBoxes\" \/>\n<meta name=\"twitter:label1\" content=\"Dur\u00e9e de lecture estim\u00e9e\" \/>\n\t<meta name=\"twitter:data1\" content=\"3 minutes\" \/>\n<script type=\"application\/ld+json\" class=\"yoast-schema-graph\">{\"@context\":\"https:\\\/\\\/schema.org\",\"@graph\":[{\"@type\":\"WebPage\",\"@id\":\"https:\\\/\\\/kundel.com\\\/fr\\\/videos\\\/page-de-video-du-magasin\\\/\",\"url\":\"https:\\\/\\\/kundel.com\\\/fr\\\/videos\\\/page-de-video-du-magasin\\\/\",\"name\":\"Page de Vid\u00e9o du Magasin | KUNDEL\",\"isPartOf\":{\"@id\":\"https:\\\/\\\/kundel.com\\\/fr\\\/#website\"},\"datePublished\":\"2021-01-22T19:26:18+00:00\",\"dateModified\":\"2024-02-20T14:59:29+00:00\",\"breadcrumb\":{\"@id\":\"https:\\\/\\\/kundel.com\\\/fr\\\/videos\\\/page-de-video-du-magasin\\\/#breadcrumb\"},\"inLanguage\":\"fr-FR\",\"potentialAction\":[{\"@type\":\"ReadAction\",\"target\":[\"https:\\\/\\\/kundel.com\\\/fr\\\/videos\\\/page-de-video-du-magasin\\\/\"]}]},{\"@type\":\"BreadcrumbList\",\"@id\":\"https:\\\/\\\/kundel.com\\\/fr\\\/videos\\\/page-de-video-du-magasin\\\/#breadcrumb\",\"itemListElement\":[{\"@type\":\"ListItem\",\"position\":1,\"name\":\"Home\",\"item\":\"https:\\\/\\\/kundel.com\\\/fr\\\/\"},{\"@type\":\"ListItem\",\"position\":2,\"name\":\"Vid\u00e9os\",\"item\":\"https:\\\/\\\/kundel.com\\\/fr\\\/videos\\\/\"},{\"@type\":\"ListItem\",\"position\":3,\"name\":\"Page de Vid\u00e9o du Magasin\"}]},{\"@type\":\"WebSite\",\"@id\":\"https:\\\/\\\/kundel.com\\\/fr\\\/#website\",\"url\":\"https:\\\/\\\/kundel.com\\\/fr\\\/\",\"name\":\"KUNDEL\",\"description\":\"Manufacturer of Production Safety Equipment including Overhead cranes, Jib Cranes, Trench Shoring and Bedding Boxes\",\"publisher\":{\"@id\":\"https:\\\/\\\/kundel.com\\\/fr\\\/#organization\"},\"potentialAction\":[{\"@type\":\"SearchAction\",\"target\":{\"@type\":\"EntryPoint\",\"urlTemplate\":\"https:\\\/\\\/kundel.com\\\/fr\\\/?s={search_term_string}\"},\"query-input\":{\"@type\":\"PropertyValueSpecification\",\"valueRequired\":true,\"valueName\":\"search_term_string\"}}],\"inLanguage\":\"fr-FR\"},{\"@type\":\"Organization\",\"@id\":\"https:\\\/\\\/kundel.com\\\/fr\\\/#organization\",\"name\":\"Kundel Industries Inc.\",\"alternateName\":\"Kundel\",\"url\":\"https:\\\/\\\/kundel.com\\\/fr\\\/\",\"logo\":{\"@type\":\"ImageObject\",\"inLanguage\":\"fr-FR\",\"@id\":\"https:\\\/\\\/kundel.com\\\/fr\\\/#\\\/schema\\\/logo\\\/image\\\/\",\"url\":\"https:\\\/\\\/kundel.com\\\/wp-content\\\/uploads\\\/2023\\\/02\\\/Schema-Kundel-Logo.jpg\",\"contentUrl\":\"https:\\\/\\\/kundel.com\\\/wp-content\\\/uploads\\\/2023\\\/02\\\/Schema-Kundel-Logo.jpg\",\"width\":696,\"height\":696,\"caption\":\"Kundel Industries Inc.\"},\"image\":{\"@id\":\"https:\\\/\\\/kundel.com\\\/fr\\\/#\\\/schema\\\/logo\\\/image\\\/\"},\"sameAs\":[\"https:\\\/\\\/www.facebook.com\\\/profile.php?id=100064046048542\",\"https:\\\/\\\/x.com\\\/KundelBoxes\",\"https:\\\/\\\/www.instagram.com\\\/kundelindustries\\\/\",\"https:\\\/\\\/www.linkedin.com\\\/company\\\/kundelindustries\\\/\",\"https:\\\/\\\/www.youtube.com\\\/channel\\\/UCaTKXbyOyIQwt89ySWg1VMw\"]}]}<\/script>\n<!-- \/ Yoast SEO plugin. -->","yoast_head_json":{"title":"Page de Vid\u00e9o du Magasin | KUNDEL","robots":{"index":"index","follow":"follow","max-snippet":"max-snippet:-1","max-image-preview":"max-image-preview:large","max-video-preview":"max-video-preview:-1"},"canonical":"https:\/\/kundel.com\/fr\/videos\/page-de-video-du-magasin\/","og_locale":"fr_FR","og_type":"article","og_title":"Page de Vid\u00e9o du Magasin | KUNDEL","og_description":"CENTRE DE SOUTIEN Statut de la Commande Demande de Devis Demande de Formation Devenez Revendeur Litt\u00e9rature Vid\u00e9os Garantie Termes et Conditions Normes de Qualit\u00e9 VID\u00c9OS Kundel Industries Inc. Vid\u00e9os de Produits EntrepriseAssembl\u00e9eT\u00e9moignageBoutiqueGrue et Fl\u00e8che\u00c9tayage de Tranch\u00e9e https:\/\/www.youtube.com\/watch?v=1GU-iOKn3Wk Outils en Action | Capacit\u00e9s CNC | Comment c'est Fabriqu\u00e9 Sujets : Kundel Ind. vous emm\u00e8ne dans les [&hellip;]","og_url":"https:\/\/kundel.com\/fr\/videos\/page-de-video-du-magasin\/","og_site_name":"KUNDEL","article_publisher":"https:\/\/www.facebook.com\/profile.php?id=100064046048542","article_modified_time":"2024-02-20T14:59:29+00:00","twitter_card":"summary_large_image","twitter_site":"@KundelBoxes","twitter_misc":{"Dur\u00e9e de lecture estim\u00e9e":"3 minutes"},"schema":{"@context":"https:\/\/schema.org","@graph":[{"@type":"WebPage","@id":"https:\/\/kundel.com\/fr\/videos\/page-de-video-du-magasin\/","url":"https:\/\/kundel.com\/fr\/videos\/page-de-video-du-magasin\/","name":"Page de Vid\u00e9o du Magasin | KUNDEL","isPartOf":{"@id":"https:\/\/kundel.com\/fr\/#website"},"datePublished":"2021-01-22T19:26:18+00:00","dateModified":"2024-02-20T14:59:29+00:00","breadcrumb":{"@id":"https:\/\/kundel.com\/fr\/videos\/page-de-video-du-magasin\/#breadcrumb"},"inLanguage":"fr-FR","potentialAction":[{"@type":"ReadAction","target":["https:\/\/kundel.com\/fr\/videos\/page-de-video-du-magasin\/"]}]},{"@type":"BreadcrumbList","@id":"https:\/\/kundel.com\/fr\/videos\/page-de-video-du-magasin\/#breadcrumb","itemListElement":[{"@type":"ListItem","position":1,"name":"Home","item":"https:\/\/kundel.com\/fr\/"},{"@type":"ListItem","position":2,"name":"Vid\u00e9os","item":"https:\/\/kundel.com\/fr\/videos\/"},{"@type":"ListItem","position":3,"name":"Page de Vid\u00e9o du Magasin"}]},{"@type":"WebSite","@id":"https:\/\/kundel.com\/fr\/#website","url":"https:\/\/kundel.com\/fr\/","name":"KUNDEL","description":"Manufacturer of Production Safety Equipment including Overhead cranes, Jib Cranes, Trench Shoring and Bedding Boxes","publisher":{"@id":"https:\/\/kundel.com\/fr\/#organization"},"potentialAction":[{"@type":"SearchAction","target":{"@type":"EntryPoint","urlTemplate":"https:\/\/kundel.com\/fr\/?s={search_term_string}"},"query-input":{"@type":"PropertyValueSpecification","valueRequired":true,"valueName":"search_term_string"}}],"inLanguage":"fr-FR"},{"@type":"Organization","@id":"https:\/\/kundel.com\/fr\/#organization","name":"Kundel Industries Inc.","alternateName":"Kundel","url":"https:\/\/kundel.com\/fr\/","logo":{"@type":"ImageObject","inLanguage":"fr-FR","@id":"https:\/\/kundel.com\/fr\/#\/schema\/logo\/image\/","url":"https:\/\/kundel.com\/wp-content\/uploads\/2023\/02\/Schema-Kundel-Logo.jpg","contentUrl":"https:\/\/kundel.com\/wp-content\/uploads\/2023\/02\/Schema-Kundel-Logo.jpg","width":696,"height":696,"caption":"Kundel Industries Inc."},"image":{"@id":"https:\/\/kundel.com\/fr\/#\/schema\/logo\/image\/"},"sameAs":["https:\/\/www.facebook.com\/profile.php?id=100064046048542","https:\/\/x.com\/KundelBoxes","https:\/\/www.instagram.com\/kundelindustries\/","https:\/\/www.linkedin.com\/company\/kundelindustries\/","https:\/\/www.youtube.com\/channel\/UCaTKXbyOyIQwt89ySWg1VMw"]}]}},"_links":{"self":[{"href":"https:\/\/kundel.com\/fr\/wp-json\/wp\/v2\/pages\/16072","targetHints":{"allow":["GET"]}}],"collection":[{"href":"https:\/\/kundel.com\/fr\/wp-json\/wp\/v2\/pages"}],"about":[{"href":"https:\/\/kundel.com\/fr\/wp-json\/wp\/v2\/types\/page"}],"author":[{"embeddable":true,"href":"https:\/\/kundel.com\/fr\/wp-json\/wp\/v2\/users\/5"}],"replies":[{"embeddable":true,"href":"https:\/\/kundel.com\/fr\/wp-json\/wp\/v2\/comments?post=16072"}],"version-history":[{"count":2,"href":"https:\/\/kundel.com\/fr\/wp-json\/wp\/v2\/pages\/16072\/revisions"}],"predecessor-version":[{"id":16074,"href":"https:\/\/kundel.com\/fr\/wp-json\/wp\/v2\/pages\/16072\/revisions\/16074"}],"up":[{"embeddable":true,"href":"https:\/\/kundel.com\/fr\/wp-json\/wp\/v2\/pages\/16080"}],"wp:attachment":[{"href":"https:\/\/kundel.com\/fr\/wp-json\/wp\/v2\/media?parent=16072"}],"curies":[{"name":"wp","href":"https:\/\/api.w.org\/{rel}","templated":true}]}}