{"id":16080,"date":"2020-02-06T10:47:00","date_gmt":"2020-02-06T15:47:00","guid":{"rendered":"https:\/\/kundel.com\/videos\/"},"modified":"2024-02-20T09:59:31","modified_gmt":"2024-02-20T14:59:31","slug":"videos","status":"publish","type":"page","link":"https:\/\/kundel.com\/fr\/videos\/","title":{"rendered":"Vid\u00e9os"},"content":{"rendered":"<p>[et_pb_section fb_built=\u00a0\u00bb1&Prime; _builder_version=\u00a0\u00bb4.16&Prime; min_height=\u00a0\u00bb781.4px\u00a0\u00bb custom_padding=\u00a0\u00bb0px||0px|||\u00a0\u00bb global_colors_info=\u00a0\u00bb{}\u00a0\u00bb][et_pb_row column_structure=\u00a0\u00bb1_4,3_4&Prime; module_class=\u00a0\u00bbpagestoppad\u00a0\u00bb _builder_version=\u00a0\u00bb4.16&Prime; min_height=\u00a0\u00bb1534.4px\u00a0\u00bb custom_margin=\u00a0\u00bb-3px|auto|-2px|auto|false|false\u00a0\u00bb custom_padding=\u00a0\u00bb||0px||false|false\u00a0\u00bb global_colors_info=\u00a0\u00bb{}\u00a0\u00bb][et_pb_column type=\u00a0\u00bb1_4&Prime; _builder_version=\u00a0\u00bb4.16&Prime; global_colors_info=\u00a0\u00bb{}\u00a0\u00bb][et_pb_text _builder_version=\u00a0\u00bb4.16&Prime; text_orientation=\u00a0\u00bbcenter\u00a0\u00bb custom_margin=\u00a0\u00bb||1px||false|false\u00a0\u00bb custom_padding=\u00a0\u00bb||0px||false|false\u00a0\u00bb global_colors_info=\u00a0\u00bb{}\u00a0\u00bb]<\/p>\n<h2 class=\"custom-page-title\">CENTRE DE SOUTIEN<\/h2>\n<p>[\/et_pb_text][et_pb_text _builder_version=\u00a0\u00bb4.16&Prime; global_colors_info=\u00a0\u00bb{}\u00a0\u00bb]<\/p>\n<div class=\"protopmenu\">\n<a class=\"promenuoff supportmenu\" href=\"https:\/\/kundel.com\/fr\/statut-de-la-commande\/\">Statut de la Commande<\/a><br \/>\n<a class=\"promenuoff supportmenu\" href=\"https:\/\/kundel.com\/fr\/demande-de-devis\/\">Demande de Devis<\/a><br \/>\n<a class=\"promenuoff supportmenu\" href=\"https:\/\/kundel.com\/fr\/demande-de-formation\/\">Demande de Formation<\/a><br \/>\n<a class=\"promenuoff supportmenu\" href=\"https:\/\/kundel.com\/fr\/devenez-revendeur\/\">Devenez Revendeur<\/a><br \/>\n<a class=\"promenuoff supportmenu\" href=\"https:\/\/kundel.com\/fr\/litterature\/\">Litt\u00e9rature<\/a><br \/>\n<a class=\"promenuon supportmenu\" href=\"https:\/\/kundel.com\/fr\/videos\/\">Vid\u00e9os<\/a><br \/>\n<a class=\"promenuoff supportmenu\" href=\"https:\/\/kundel.com\/fr\/garantie\/\">Garantie<\/a><br \/>\n<a class=\"promenuoff supportmenu\" href=\"https:\/\/kundel.com\/fr\/termes-et-conditions\/\">Termes et Conditions<\/a><br \/>\n<a class=\"promenuoff supportmenu\" href=\"\/wp-content\/uploads\/2020\/02\/Kundel_Industries-Crane_Division-Quality_Assurance_Manual.pdf\" target=\"_blank\" rel=\"noopener noreferrer\">Normes de Qualit\u00e9<\/a>\n<\/div>\n<p>[\/et_pb_text][\/et_pb_column][et_pb_column type=\u00a0\u00bb3_4&Prime; _builder_version=\u00a0\u00bb4.16&Prime; global_colors_info=\u00a0\u00bb{}\u00a0\u00bb][et_pb_text module_class=\u00a0\u00bbk-txt-hdr-mod\u00a0\u00bb _builder_version=\u00a0\u00bb4.16&Prime; locked=\u00a0\u00bboff\u00a0\u00bb global_colors_info=\u00a0\u00bb{}\u00a0\u00bb]<\/p>\n<div class=\"pane-content\">\n<h1 class=\"custom-page-title\">VID\u00c9OS<\/h1>\n<p class=\"custom-page-sub\">Kundel Industries Inc. Vid\u00e9os de Produits<\/p>\n<\/p><\/div>\n<p>[\/et_pb_text][et_pb_text _builder_version=\u00a0\u00bb4.21.0&Prime; global_colors_info=\u00a0\u00bb{}\u00a0\u00bb]<\/p>\n<div class=\"protopmenu\"><a class=\"promenuoff titanmenu\" href=\"support-videos-company-videos\">Entreprise<\/a><a class=\"promenuoff titanmenu\" href=\"https:\/\/kundel.com\/fr\/videos\/page-video-dassemblage\/\">Assembl\u00e9e<\/a><a class=\"promenuoff titanmenu\" href=\"https:\/\/kundel.com\/fr\/videos\/videos-de-temoignages\/\">T\u00e9moignage<\/a><a class=\"promenuoff titanmenu\" href=\"https:\/\/kundel.com\/fr\/videos\/page-de-video-du-magasin\/\">Boutique<\/a><a class=\"promenuon titanmenu\" href=\"https:\/\/kundel.com\/fr\/videos\/\">Grue et Fl\u00e8che<\/a><a class=\"promenuoff titanmenu\" href=\"https:\/\/kundel.com\/fr\/videos\/videos-de-blindage-de-tranchee\/\">\u00c9tayage de Tranch\u00e9e<\/a><\/div>\n<p>[\/et_pb_text][et_pb_text module_class=\u00a0\u00bbk-txt-hdr-mod\u00a0\u00bb _builder_version=\u00a0\u00bb4.21.0&Prime; min_height=\u00a0\u00bb905px\u00a0\u00bb custom_margin=\u00a0\u00bb||0px||false|false\u00a0\u00bb custom_padding=\u00a0\u00bb||0px||false|false\u00a0\u00bb hover_enabled=\u00a0\u00bb0&Prime; locked=\u00a0\u00bboff\u00a0\u00bb global_colors_info=\u00a0\u00bb{}\u00a0\u00bb sticky_enabled=\u00a0\u00bb0&Prime;]<\/p>\n<div class=\"rowcralitrow\">\n<div class=\"cravidblock\">\n<div class=\"container-lazyload preview-lazyload container-youtube js-lazyload--not-loaded\"><a href=\"https:\/\/www.youtube.com\/watch?v=FF_toyOgmkw\" class=\"lazy-load-youtube preview-lazyload preview-youtube\" data-video-title=\"How to Load a Truck with a Jib Crane - Kundel Industries\" title=\"Play video &quot;How to Load a Truck with a Jib Crane - Kundel Industries&quot;\">https:\/\/www.youtube.com\/watch?v=FF_toyOgmkw<\/a><noscript>Video can&rsquo;t be loaded because JavaScript is disabled: <a href=\"https:\/\/www.youtube.com\/watch?v=FF_toyOgmkw\" title=\"How to Load a Truck with a Jib Crane - Kundel Industries\">How to Load a Truck with a Jib Crane &#8211; Kundel Industries (https:\/\/www.youtube.com\/watch?v=FF_toyOgmkw)<\/a><\/noscript><\/div>\n<p class=\"productvideotitle\"><strong>Comment Charger un Camion avec une Grue \u00e0 Fl\u00e8che | Kundel Industries<br \/>\n<\/strong><br \/>\nSujets : Charger et d\u00e9charger rapidement et en toute s\u00e9curit\u00e9 des objets lourds d&rsquo;un camion en utilisant la grue \u00e0 fl\u00e8che sans fondation de Kundel.<\/p>\n<\/div>\n<div class=\"cravidblock\">\n<div class=\"container-lazyload preview-lazyload container-youtube js-lazyload--not-loaded\"><a href=\"https:\/\/www.youtube.com\/watch?v=zLsoM4iJnjI&#038;t=2s\" class=\"lazy-load-youtube preview-lazyload preview-youtube\" data-video-title=\"Overhead Cranes, Foundationless Jib Cranes and Zero Gravity Lifts and Balancers\" title=\"Play video &quot;Overhead Cranes, Foundationless Jib Cranes and Zero Gravity Lifts and Balancers&quot;\">https:\/\/www.youtube.com\/watch?v=zLsoM4iJnjI&#038;t=2s<\/a><noscript>Video can&rsquo;t be loaded because JavaScript is disabled: <a href=\"https:\/\/www.youtube.com\/watch?v=zLsoM4iJnjI&#038;t=2s\" title=\"Overhead Cranes, Foundationless Jib Cranes and Zero Gravity Lifts and Balancers\">Overhead Cranes, Foundationless Jib Cranes and Zero Gravity Lifts and Balancers (https:\/\/www.youtube.com\/watch?v=zLsoM4iJnjI&#038;t=2s)<\/a><\/noscript><\/div>\n<p class=\"productvideotitle\"><strong>Ponts Roulants, Grues \u00e0 Fl\u00e8che et \u00c9quilibreurs de Levage \u00e0 Gravit\u00e9 Z\u00e9ro<\/strong><br \/>\nSujets : Nos racines ont commenc\u00e9 dans les tranch\u00e9es, donnant naissance \u00e0 notre besoin d&rsquo;\u00e9quipement de s\u00e9curit\u00e9. Kundel est maintenant un fabricant de Ponts Roulants A\u00e9riens et de Grues \u00e0 Fl\u00e8che sans fondation avec un mouvement sans d\u00e9rive.<\/p>\n<\/div>\n<div class=\"cravidblock\">\n<div class=\"container-lazyload preview-lazyload container-youtube js-lazyload--not-loaded\"><a href=\"https:\/\/www.youtube.com\/watch?v=PfhrPHlDfjM\" class=\"lazy-load-youtube preview-lazyload preview-youtube\" data-video-title=\"Overhead Crane and Trench Box Manufacturer Kundel Industries | Safety Equipment on the job\" title=\"Play video &quot;Overhead Crane and Trench Box Manufacturer Kundel Industries | Safety Equipment on the job&quot;\">https:\/\/www.youtube.com\/watch?v=PfhrPHlDfjM<\/a><noscript>Video can&rsquo;t be loaded because JavaScript is disabled: <a href=\"https:\/\/www.youtube.com\/watch?v=PfhrPHlDfjM\" title=\"Overhead Crane and Trench Box Manufacturer Kundel Industries | Safety Equipment on the job\">Overhead Crane and Trench Box Manufacturer Kundel Industries | Safety Equipment on the job (https:\/\/www.youtube.com\/watch?v=PfhrPHlDfjM)<\/a><\/noscript><\/div>\n<p class=\"productvideotitle\"><strong>Fabricant de Ponts Roulants et de Bo\u00eetes de Tranch\u00e9e | \u00c9quipement de S\u00e9curit\u00e9 sur le chantier<\/strong><br \/>\nSujets : Kundel Industries, fabricant d&rsquo;\u00e9quipements de s\u00e9curit\u00e9 pour ponts roulants et bo\u00eetes de tranch\u00e9e, explique pourquoi et comment ils construisent leur \u00e9quipement en tant qu&rsquo;entreprise familiale.<\/p>\n<\/div>\n<\/div>\n<div class=\"rowcralitrow\">\n<div class=\"cravidblock\">\n<div class=\"container-lazyload preview-lazyload container-youtube js-lazyload--not-loaded\"><a href=\"https:\/\/www.youtube.com\/watch?v=45_d3lAzhkE\" class=\"lazy-load-youtube preview-lazyload preview-youtube\" data-video-title=\"Changing Decades of Design | Engineering Movement\" title=\"Play video &quot;Changing Decades of Design | Engineering Movement&quot;\">https:\/\/www.youtube.com\/watch?v=45_d3lAzhkE<\/a><noscript>Video can&rsquo;t be loaded because JavaScript is disabled: <a href=\"https:\/\/www.youtube.com\/watch?v=45_d3lAzhkE\" title=\"Changing Decades of Design | Engineering Movement\">Changing Decades of Design | Engineering Movement (https:\/\/www.youtube.com\/watch?v=45_d3lAzhkE)<\/a><\/noscript><\/div>\n<p class=\"productvideotitle\"><strong> Changer des D\u00e9cennies de Conception | Mouvement d&rsquo;Ing\u00e9nierie<\/strong><br \/>\nSujets : Kundel Cranes a d\u00e9velopp\u00e9 et innov\u00e9 la mani\u00e8re dont les grues et les fl\u00e8ches ont \u00e9t\u00e9 construites au cours des 20 derni\u00e8res ann\u00e9es.<\/p>\n<\/div>\n<div class=\"cravidblock\">\n<div class=\"container-lazyload preview-lazyload container-youtube js-lazyload--not-loaded\"><a href=\"https:\/\/www.youtube.com\/watch?v=_CMnoW-cVVk\" class=\"lazy-load-youtube preview-lazyload preview-youtube\" data-video-title=\"Reducing Workplace Injuries - Crane Features You Need to See\" title=\"Play video &quot;Reducing Workplace Injuries - Crane Features You Need to See&quot;\">https:\/\/www.youtube.com\/watch?v=_CMnoW-cVVk<\/a><noscript>Video can&rsquo;t be loaded because JavaScript is disabled: <a href=\"https:\/\/www.youtube.com\/watch?v=_CMnoW-cVVk\" title=\"Reducing Workplace Injuries - Crane Features You Need to See\">Reducing Workplace Injuries &#8211; Crane Features You Need to See (https:\/\/www.youtube.com\/watch?v=_CMnoW-cVVk)<\/a><\/noscript><\/div>\n<p class=\"productvideotitle\"><strong>R\u00e9duction des Blessures sur le lieu de Travail | Fonctionnalit\u00e9s des Grues que vous Devez Voir<\/strong><br \/>\nSujets : Comment l&rsquo;utilisation d&rsquo;une grue peut-elle r\u00e9duire les blessures sur le lieu de travail ? D\u00e9couvrez comment les grues Kundel peuvent faire la diff\u00e9rence dans votre usine.<\/p>\n<\/div>\n<div class=\"cravidblock\">\n<div class=\"container-lazyload preview-lazyload container-youtube js-lazyload--not-loaded\"><a href=\"https:\/\/www.youtube.com\/watch?v=3V4dQr4A80s\" class=\"lazy-load-youtube preview-lazyload preview-youtube\" data-video-title=\"Kundel- Concrete Issues EXPLAINED\" title=\"Play video &quot;Kundel- Concrete Issues EXPLAINED&quot;\">https:\/\/www.youtube.com\/watch?v=3V4dQr4A80s<\/a><noscript>Video can&rsquo;t be loaded because JavaScript is disabled: <a href=\"https:\/\/www.youtube.com\/watch?v=3V4dQr4A80s\" title=\"Kundel- Concrete Issues EXPLAINED\">Kundel- Concrete Issues EXPLAINED (https:\/\/www.youtube.com\/watch?v=3V4dQr4A80s)<\/a><\/noscript><\/div>\n<p class=\"productvideotitle\"><strong>Kundel | Probl\u00e8mes de B\u00e9ton EXPLIQU\u00c9S<\/strong><br \/>\nSujets : Kundel innove depuis les ann\u00e9es 80 et ce que la plupart des gens ne savent pas, c&rsquo;est que nous proposons une fl\u00e8che autoportante qui peut vous faire \u00e9conomiser des milliers de dollars. Dans la plupart des cas, vous d\u00e9penserez jusqu&rsquo;\u00e0 11 000 dollars uniquement pour les travaux de fondation. Kundel has patented a pod system design that allows you to anchor to existing concrete, saving you a bunch of money and even more time.<\/p>\n<\/div>\n<\/div>\n<p>[\/et_pb_text][et_pb_text _builder_version=\u00a0\u00bb4.21.0&Prime; _module_preset=\u00a0\u00bbdefault\u00a0\u00bb text_orientation=\u00a0\u00bbright\u00a0\u00bb max_width=\u00a0\u00bb98%\u00a0\u00bb custom_margin=\u00a0\u00bb||50px||false|false\u00a0\u00bb locked=\u00a0\u00bboff\u00a0\u00bb global_colors_info=\u00a0\u00bb{}\u00a0\u00bb]<\/p>\n<p><a class=\"vidbutp\" href=\"https:\/\/kundel.com\/fr\/videos\/page-2-des-videos-de-grues-et-de-fleches\/\">Page 2<\/a><\/p>\n<p>[\/et_pb_text][\/et_pb_column][\/et_pb_row][\/et_pb_section]<\/p>\n<script language='javascript' type='text\/javascript'>function getWR360PopupSkin(){return 'light_clean';}<\/script>","protected":false},"excerpt":{"rendered":"<p>CENTRE DE SOUTIEN Statut de la Commande Demande de Devis Demande de Formation Devenez Revendeur Litt\u00e9rature Vid\u00e9os Garantie Termes et Conditions Normes de Qualit\u00e9 VID\u00c9OS Kundel Industries Inc. Vid\u00e9os de Produits EntrepriseAssembl\u00e9eT\u00e9moignageBoutiqueGrue et Fl\u00e8che\u00c9tayage de Tranch\u00e9e https:\/\/www.youtube.com\/watch?v=FF_toyOgmkw Comment Charger un Camion avec une Grue \u00e0 Fl\u00e8che | Kundel Industries Sujets : Charger et d\u00e9charger rapidement [&hellip;]<\/p>\n","protected":false},"author":1,"featured_media":0,"parent":0,"menu_order":0,"comment_status":"closed","ping_status":"closed","template":"","meta":{"_acf_changed":false,"_et_pb_use_builder":"on","_et_pb_old_content":"","_et_gb_content_width":"","footnotes":""},"class_list":["post-16080","page","type-page","status-publish","hentry"],"acf":[],"yoast_head":"<!-- This site is optimized with the Yoast SEO plugin v27.3 - https:\/\/yoast.com\/product\/yoast-seo-wordpress\/ -->\n<title>Vid\u00e9os | KUNDEL<\/title>\n<meta name=\"robots\" content=\"index, follow, max-snippet:-1, max-image-preview:large, max-video-preview:-1\" \/>\n<link rel=\"canonical\" href=\"https:\/\/kundel.com\/fr\/videos\/\" \/>\n<meta property=\"og:locale\" content=\"fr_FR\" \/>\n<meta property=\"og:type\" content=\"article\" \/>\n<meta property=\"og:title\" content=\"Vid\u00e9os | KUNDEL\" \/>\n<meta property=\"og:description\" content=\"CENTRE DE SOUTIEN Statut de la Commande Demande de Devis Demande de Formation Devenez Revendeur Litt\u00e9rature Vid\u00e9os Garantie Termes et Conditions Normes de Qualit\u00e9 VID\u00c9OS Kundel Industries Inc. Vid\u00e9os de Produits EntrepriseAssembl\u00e9eT\u00e9moignageBoutiqueGrue et Fl\u00e8che\u00c9tayage de Tranch\u00e9e https:\/\/www.youtube.com\/watch?v=FF_toyOgmkw Comment Charger un Camion avec une Grue \u00e0 Fl\u00e8che | Kundel Industries Sujets : Charger et d\u00e9charger rapidement [&hellip;]\" \/>\n<meta property=\"og:url\" content=\"https:\/\/kundel.com\/fr\/videos\/\" \/>\n<meta property=\"og:site_name\" content=\"KUNDEL\" \/>\n<meta property=\"article:publisher\" content=\"https:\/\/www.facebook.com\/profile.php?id=100064046048542\" \/>\n<meta property=\"article:modified_time\" content=\"2024-02-20T14:59:31+00:00\" \/>\n<meta name=\"twitter:card\" content=\"summary_large_image\" \/>\n<meta name=\"twitter:site\" content=\"@KundelBoxes\" \/>\n<meta name=\"twitter:label1\" content=\"Dur\u00e9e de lecture estim\u00e9e\" \/>\n\t<meta name=\"twitter:data1\" content=\"3 minutes\" \/>\n<script type=\"application\/ld+json\" class=\"yoast-schema-graph\">{\"@context\":\"https:\\\/\\\/schema.org\",\"@graph\":[{\"@type\":\"WebPage\",\"@id\":\"https:\\\/\\\/kundel.com\\\/fr\\\/videos\\\/\",\"url\":\"https:\\\/\\\/kundel.com\\\/fr\\\/videos\\\/\",\"name\":\"Vid\u00e9os | KUNDEL\",\"isPartOf\":{\"@id\":\"https:\\\/\\\/kundel.com\\\/fr\\\/#website\"},\"datePublished\":\"2020-02-06T15:47:00+00:00\",\"dateModified\":\"2024-02-20T14:59:31+00:00\",\"breadcrumb\":{\"@id\":\"https:\\\/\\\/kundel.com\\\/fr\\\/videos\\\/#breadcrumb\"},\"inLanguage\":\"fr-FR\",\"potentialAction\":[{\"@type\":\"ReadAction\",\"target\":[\"https:\\\/\\\/kundel.com\\\/fr\\\/videos\\\/\"]}]},{\"@type\":\"BreadcrumbList\",\"@id\":\"https:\\\/\\\/kundel.com\\\/fr\\\/videos\\\/#breadcrumb\",\"itemListElement\":[{\"@type\":\"ListItem\",\"position\":1,\"name\":\"Home\",\"item\":\"https:\\\/\\\/kundel.com\\\/fr\\\/\"},{\"@type\":\"ListItem\",\"position\":2,\"name\":\"Vid\u00e9os\"}]},{\"@type\":\"WebSite\",\"@id\":\"https:\\\/\\\/kundel.com\\\/fr\\\/#website\",\"url\":\"https:\\\/\\\/kundel.com\\\/fr\\\/\",\"name\":\"KUNDEL\",\"description\":\"Manufacturer of Production Safety Equipment including Overhead cranes, Jib Cranes, Trench Shoring and Bedding Boxes\",\"publisher\":{\"@id\":\"https:\\\/\\\/kundel.com\\\/fr\\\/#organization\"},\"potentialAction\":[{\"@type\":\"SearchAction\",\"target\":{\"@type\":\"EntryPoint\",\"urlTemplate\":\"https:\\\/\\\/kundel.com\\\/fr\\\/?s={search_term_string}\"},\"query-input\":{\"@type\":\"PropertyValueSpecification\",\"valueRequired\":true,\"valueName\":\"search_term_string\"}}],\"inLanguage\":\"fr-FR\"},{\"@type\":\"Organization\",\"@id\":\"https:\\\/\\\/kundel.com\\\/fr\\\/#organization\",\"name\":\"Kundel Industries Inc.\",\"alternateName\":\"Kundel\",\"url\":\"https:\\\/\\\/kundel.com\\\/fr\\\/\",\"logo\":{\"@type\":\"ImageObject\",\"inLanguage\":\"fr-FR\",\"@id\":\"https:\\\/\\\/kundel.com\\\/fr\\\/#\\\/schema\\\/logo\\\/image\\\/\",\"url\":\"https:\\\/\\\/kundel.com\\\/wp-content\\\/uploads\\\/2023\\\/02\\\/Schema-Kundel-Logo.jpg\",\"contentUrl\":\"https:\\\/\\\/kundel.com\\\/wp-content\\\/uploads\\\/2023\\\/02\\\/Schema-Kundel-Logo.jpg\",\"width\":696,\"height\":696,\"caption\":\"Kundel Industries Inc.\"},\"image\":{\"@id\":\"https:\\\/\\\/kundel.com\\\/fr\\\/#\\\/schema\\\/logo\\\/image\\\/\"},\"sameAs\":[\"https:\\\/\\\/www.facebook.com\\\/profile.php?id=100064046048542\",\"https:\\\/\\\/x.com\\\/KundelBoxes\",\"https:\\\/\\\/www.instagram.com\\\/kundelindustries\\\/\",\"https:\\\/\\\/www.linkedin.com\\\/company\\\/kundelindustries\\\/\",\"https:\\\/\\\/www.youtube.com\\\/channel\\\/UCaTKXbyOyIQwt89ySWg1VMw\"]}]}<\/script>\n<!-- \/ Yoast SEO plugin. -->","yoast_head_json":{"title":"Vid\u00e9os | KUNDEL","robots":{"index":"index","follow":"follow","max-snippet":"max-snippet:-1","max-image-preview":"max-image-preview:large","max-video-preview":"max-video-preview:-1"},"canonical":"https:\/\/kundel.com\/fr\/videos\/","og_locale":"fr_FR","og_type":"article","og_title":"Vid\u00e9os | KUNDEL","og_description":"CENTRE DE SOUTIEN Statut de la Commande Demande de Devis Demande de Formation Devenez Revendeur Litt\u00e9rature Vid\u00e9os Garantie Termes et Conditions Normes de Qualit\u00e9 VID\u00c9OS Kundel Industries Inc. Vid\u00e9os de Produits EntrepriseAssembl\u00e9eT\u00e9moignageBoutiqueGrue et Fl\u00e8che\u00c9tayage de Tranch\u00e9e https:\/\/www.youtube.com\/watch?v=FF_toyOgmkw Comment Charger un Camion avec une Grue \u00e0 Fl\u00e8che | Kundel Industries Sujets : Charger et d\u00e9charger rapidement [&hellip;]","og_url":"https:\/\/kundel.com\/fr\/videos\/","og_site_name":"KUNDEL","article_publisher":"https:\/\/www.facebook.com\/profile.php?id=100064046048542","article_modified_time":"2024-02-20T14:59:31+00:00","twitter_card":"summary_large_image","twitter_site":"@KundelBoxes","twitter_misc":{"Dur\u00e9e de lecture estim\u00e9e":"3 minutes"},"schema":{"@context":"https:\/\/schema.org","@graph":[{"@type":"WebPage","@id":"https:\/\/kundel.com\/fr\/videos\/","url":"https:\/\/kundel.com\/fr\/videos\/","name":"Vid\u00e9os | KUNDEL","isPartOf":{"@id":"https:\/\/kundel.com\/fr\/#website"},"datePublished":"2020-02-06T15:47:00+00:00","dateModified":"2024-02-20T14:59:31+00:00","breadcrumb":{"@id":"https:\/\/kundel.com\/fr\/videos\/#breadcrumb"},"inLanguage":"fr-FR","potentialAction":[{"@type":"ReadAction","target":["https:\/\/kundel.com\/fr\/videos\/"]}]},{"@type":"BreadcrumbList","@id":"https:\/\/kundel.com\/fr\/videos\/#breadcrumb","itemListElement":[{"@type":"ListItem","position":1,"name":"Home","item":"https:\/\/kundel.com\/fr\/"},{"@type":"ListItem","position":2,"name":"Vid\u00e9os"}]},{"@type":"WebSite","@id":"https:\/\/kundel.com\/fr\/#website","url":"https:\/\/kundel.com\/fr\/","name":"KUNDEL","description":"Manufacturer of Production Safety Equipment including Overhead cranes, Jib Cranes, Trench Shoring and Bedding Boxes","publisher":{"@id":"https:\/\/kundel.com\/fr\/#organization"},"potentialAction":[{"@type":"SearchAction","target":{"@type":"EntryPoint","urlTemplate":"https:\/\/kundel.com\/fr\/?s={search_term_string}"},"query-input":{"@type":"PropertyValueSpecification","valueRequired":true,"valueName":"search_term_string"}}],"inLanguage":"fr-FR"},{"@type":"Organization","@id":"https:\/\/kundel.com\/fr\/#organization","name":"Kundel Industries Inc.","alternateName":"Kundel","url":"https:\/\/kundel.com\/fr\/","logo":{"@type":"ImageObject","inLanguage":"fr-FR","@id":"https:\/\/kundel.com\/fr\/#\/schema\/logo\/image\/","url":"https:\/\/kundel.com\/wp-content\/uploads\/2023\/02\/Schema-Kundel-Logo.jpg","contentUrl":"https:\/\/kundel.com\/wp-content\/uploads\/2023\/02\/Schema-Kundel-Logo.jpg","width":696,"height":696,"caption":"Kundel Industries Inc."},"image":{"@id":"https:\/\/kundel.com\/fr\/#\/schema\/logo\/image\/"},"sameAs":["https:\/\/www.facebook.com\/profile.php?id=100064046048542","https:\/\/x.com\/KundelBoxes","https:\/\/www.instagram.com\/kundelindustries\/","https:\/\/www.linkedin.com\/company\/kundelindustries\/","https:\/\/www.youtube.com\/channel\/UCaTKXbyOyIQwt89ySWg1VMw"]}]}},"_links":{"self":[{"href":"https:\/\/kundel.com\/fr\/wp-json\/wp\/v2\/pages\/16080","targetHints":{"allow":["GET"]}}],"collection":[{"href":"https:\/\/kundel.com\/fr\/wp-json\/wp\/v2\/pages"}],"about":[{"href":"https:\/\/kundel.com\/fr\/wp-json\/wp\/v2\/types\/page"}],"author":[{"embeddable":true,"href":"https:\/\/kundel.com\/fr\/wp-json\/wp\/v2\/users\/1"}],"replies":[{"embeddable":true,"href":"https:\/\/kundel.com\/fr\/wp-json\/wp\/v2\/comments?post=16080"}],"version-history":[{"count":2,"href":"https:\/\/kundel.com\/fr\/wp-json\/wp\/v2\/pages\/16080\/revisions"}],"predecessor-version":[{"id":16082,"href":"https:\/\/kundel.com\/fr\/wp-json\/wp\/v2\/pages\/16080\/revisions\/16082"}],"wp:attachment":[{"href":"https:\/\/kundel.com\/fr\/wp-json\/wp\/v2\/media?parent=16080"}],"curies":[{"name":"wp","href":"https:\/\/api.w.org\/{rel}","templated":true}]}}