{"id":16100,"date":"2020-02-06T10:47:18","date_gmt":"2020-02-06T15:47:18","guid":{"rendered":"https:\/\/kundel.com\/termes-et-conditions\/"},"modified":"2024-02-20T10:19:31","modified_gmt":"2024-02-20T15:19:31","slug":"termes-et-conditions","status":"publish","type":"page","link":"https:\/\/kundel.com\/fr\/termes-et-conditions\/","title":{"rendered":"Termes et Conditions"},"content":{"rendered":"<p>[et_pb_section fb_built=\u00a0\u00bb1&Prime; _builder_version=\u00a0\u00bb4.16&Prime; global_colors_info=\u00a0\u00bb{}\u00a0\u00bb][et_pb_row column_structure=\u00a0\u00bb1_4,3_4&Prime; module_class=\u00a0\u00bbpagestoppad\u00a0\u00bb _builder_version=\u00a0\u00bb4.16&Prime; custom_margin=\u00a0\u00bb||||false|false\u00a0\u00bb custom_padding=\u00a0\u00bb||||false|false\u00a0\u00bb global_colors_info=\u00a0\u00bb{}\u00a0\u00bb][et_pb_column type=\u00a0\u00bb1_4&Prime; _builder_version=\u00a0\u00bb4.16&Prime; global_colors_info=\u00a0\u00bb{}\u00a0\u00bb][et_pb_text _builder_version=\u00a0\u00bb4.16&Prime; text_orientation=\u00a0\u00bbcenter\u00a0\u00bb custom_margin=\u00a0\u00bb||1px||false|false\u00a0\u00bb custom_padding=\u00a0\u00bb||0px||false|false\u00a0\u00bb global_colors_info=\u00a0\u00bb{}\u00a0\u00bb]<\/p>\n<h2 class=\"custom-page-title\">CENTRE DE SOUTIEN<\/h2>\n<p>[\/et_pb_text][et_pb_text _builder_version=\u00a0\u00bb4.16&Prime; global_colors_info=\u00a0\u00bb{}\u00a0\u00bb]<\/p>\n<div class=\"protopmenu\">\n<a class=\"promenuoff supportmenu\" href=\"https:\/\/kundel.com\/fr\/statut-de-la-commande\/\">Statut de la Commande<\/a><br \/>\n<a class=\"promenuoff supportmenu\" href=\"https:\/\/kundel.com\/fr\/demande-de-devis\/\">Demande de Devis<\/a><br \/>\n<a class=\"promenuoff supportmenu\" href=\"https:\/\/kundel.com\/fr\/demande-de-formation\/\">Demande de Formation<\/a><br \/>\n<a class=\"promenuoff supportmenu\" href=\"https:\/\/kundel.com\/fr\/devenez-revendeur\/\">Devenez Revendeur<\/a><br \/>\n<a class=\"promenuoff supportmenu\" href=\"https:\/\/kundel.com\/fr\/litterature\/\">Litt\u00e9rature<\/a><br \/>\n<a class=\"promenuoff supportmenu\" href=\"https:\/\/kundel.com\/fr\/videos\/\">Vid\u00e9os<\/a><br \/>\n<a class=\"promenuoff supportmenu\" href=\"https:\/\/kundel.com\/fr\/garantie\/\">Garantie<\/a><br \/>\n<a class=\"promenuon supportmenu\" href=\"https:\/\/kundel.com\/fr\/termes-et-conditions\/\">Termes et Conditions<\/a><br \/>\n<a class=\"promenuoff supportmenu\" href=\"\/wp-content\/uploads\/2020\/02\/Kundel_Industries-Crane_Division-Quality_Assurance_Manual.pdf\" target=\"_blank\" rel=\"noopener noreferrer\">Normes de Qualit\u00e9<\/a>\n<\/div>\n<p>[\/et_pb_text][\/et_pb_column][et_pb_column type=\u00a0\u00bb3_4&Prime; _builder_version=\u00a0\u00bb4.16&Prime; global_colors_info=\u00a0\u00bb{}\u00a0\u00bb][et_pb_image src=\u00a0\u00bbhttps:\/\/kundel.com\/wp-content\/uploads\/2020\/02\/Kundel-Support-Terms-and-Conditions.jpg\u00a0\u00bb force_fullwidth=\u00a0\u00bbon\u00a0\u00bb _builder_version=\u00a0\u00bb4.16&Prime; global_colors_info=\u00a0\u00bb{}\u00a0\u00bb][\/et_pb_image][et_pb_text module_class=\u00a0\u00bbk-txt-hdr-mod\u00a0\u00bb _builder_version=\u00a0\u00bb4.16&Prime; locked=\u00a0\u00bboff\u00a0\u00bb global_colors_info=\u00a0\u00bb{}\u00a0\u00bb]<\/p>\n<div class=\"pane-content\">\n<h1 class=\"custom-page-title\">TERMES ET CONDITIONS<\/h1>\n<p class=\"custom-page-sub\">Kundel Industries Inc.<\/p>\n<\/p><\/div>\n<p>[\/et_pb_text][et_pb_text module_class=\u00a0\u00bbk-txt-hdr-mod\u00a0\u00bb _builder_version=\u00a0\u00bb4.22.2&Prime; custom_margin=\u00a0\u00bb||||false|false\u00a0\u00bb custom_padding=\u00a0\u00bb||||false|false\u00a0\u00bb hover_enabled=\u00a0\u00bb0&Prime; global_colors_info=\u00a0\u00bb{}\u00a0\u00bb sticky_enabled=\u00a0\u00bb0&Prime;]<\/p>\n<h3>Pour Nos Acheteurs<\/h3>\n<p>Salutations de la part de Kundel Industries. En tant que votre fournisseur de Syst\u00e8mes de S\u00e9curit\u00e9 de Production de confiance, nous nous engageons \u00e0 garantir une exp\u00e9rience sans faille pour vous. Bien que nous nous efforcions de maintenir les choses simples, il est essentiel que les deux parties comprennent nos conditions g\u00e9n\u00e9rales. Cela garantit la clart\u00e9 et la confiance dans notre collaboration.<br \/>Veuillez prendre un moment pour examiner les d\u00e9tails en cliquant sur les liens ci-dessous :<\/p>\n<p><strong>Kundel Direct<\/strong><br \/><a href=\"https:\/\/kundel.com\/wp-content\/uploads\/2023\/10\/DIRECT_Terms-Conditions-Combined-Customer-2022-01-24.pdf\" target=\"_blank\" rel=\"noopener\">Termes et Conditions. T\u00e9l\u00e9charger le PDF.<\/a><br \/><strong>Kundel Industries<\/strong><br \/><a href=\"https:\/\/kundel.com\/wp-content\/uploads\/2023\/10\/INDUSTRIES_Terms-Conditions-Combined-Customer-2022-01-24.pdf\" target=\"_blank\" rel=\"noopener\">Termes et Conditions. T\u00e9l\u00e9charger le PDF.<\/a><\/p>\n<p>[\/et_pb_text][et_pb_text module_class=\u00a0\u00bbk-txt-hdr-mod\u00a0\u00bb _builder_version=\u00a0\u00bb4.22.2&Prime; custom_margin=\u00a0\u00bb||||false|false\u00a0\u00bb custom_padding=\u00a0\u00bb||||false|false\u00a0\u00bb hover_enabled=\u00a0\u00bb0&Prime; global_colors_info=\u00a0\u00bb{}\u00a0\u00bb sticky_enabled=\u00a0\u00bb0&Prime;]<\/p>\n<h3>Pour Nos Fournisseurs.<\/h3>\n<p>Chers partenaires, nous vous remercions d&rsquo;\u00eatre une partie int\u00e9grante de Kundel Industries. Nos efforts collaboratifs garantissent que nous restons \u00e0 la pointe des Syst\u00e8mes de S\u00e9curit\u00e9 de Production. Pour maintenir la transparence et l&rsquo;efficacit\u00e9 de notre partenariat, nous avons d\u00e9fini des conditions g\u00e9n\u00e9rales sp\u00e9cifiques. Nous vous encourageons \u00e0 vous familiariser avec celles-ci pour assurer notre succ\u00e8s mutuel continu.<br \/>Acc\u00e9dez au document en cliquant sur les liens ci-dessous :<\/p>\n<p><strong>Kundel Direct<\/strong><br \/><a href=\"https:\/\/kundel.com\/wp-content\/uploads\/2023\/07\/PO-Terms-Conditions-2023-06-22_KUNDEL-DIRECT.pdf\" target=\"_blank\" rel=\"noopener\">Termes et Conditions. T\u00e9l\u00e9charger le PDF.<\/a><br \/><strong>Kundel Industries<\/strong><br \/><a href=\"https:\/\/kundel.com\/media\/po_terms_conditions_2016-04-11_final.pdf\" target=\"_blank\" rel=\"noopener\">Termes et Conditions. T\u00e9l\u00e9charger le PDF.<\/a><\/p>\n<p>[\/et_pb_text][\/et_pb_column][\/et_pb_row][et_pb_row module_class=\u00a0\u00bbmarkcode\u00a0\u00bb _builder_version=\u00a0\u00bb4.16&Prime; custom_margin=\u00a0\u00bb0px||0px||false|false\u00a0\u00bb custom_padding=\u00a0\u00bb0px||0px||false|false\u00a0\u00bb locked=\u00a0\u00bboff\u00a0\u00bb global_colors_info=\u00a0\u00bb{}\u00a0\u00bb][et_pb_column type=\u00a0\u00bb4_4&Prime; _builder_version=\u00a0\u00bb4.16&Prime; global_colors_info=\u00a0\u00bb{}\u00a0\u00bb][et_pb_code _builder_version=\u00a0\u00bb4.16&Prime; custom_margin=\u00a0\u00bb0px||0px||false|false\u00a0\u00bb custom_padding=\u00a0\u00bb0px||0px||false|false\u00a0\u00bb global_colors_info=\u00a0\u00bb{}\u00a0\u00bb]<script type=\"text\/javascript\" src=\"https:\/\/a.remarketstats.com\/px\/smart\/?c=2353db4fd4b715e&#038;seg=Terms%20and%20Conditions\"><\/script>[\/et_pb_code][\/et_pb_column][\/et_pb_row][\/et_pb_section]<\/p>\n<script language='javascript' type='text\/javascript'>function getWR360PopupSkin(){return 'light_clean';}<\/script>","protected":false},"excerpt":{"rendered":"<p>CENTRE DE SOUTIEN Statut de la Commande Demande de Devis Demande de Formation Devenez Revendeur Litt\u00e9rature Vid\u00e9os Garantie Termes et Conditions Normes de Qualit\u00e9 TERMES ET CONDITIONS Kundel Industries Inc. Pour Nos Acheteurs Salutations de la part de Kundel Industries. En tant que votre fournisseur de Syst\u00e8mes de S\u00e9curit\u00e9 de Production de confiance, nous nous [&hellip;]<\/p>\n","protected":false},"author":1,"featured_media":0,"parent":0,"menu_order":0,"comment_status":"closed","ping_status":"closed","template":"","meta":{"_acf_changed":false,"_et_pb_use_builder":"on","_et_pb_old_content":"","_et_gb_content_width":"","footnotes":""},"class_list":["post-16100","page","type-page","status-publish","hentry"],"acf":[],"yoast_head":"<!-- This site is optimized with the Yoast SEO plugin v27.3 - https:\/\/yoast.com\/product\/yoast-seo-wordpress\/ -->\n<title>Termes et Conditions | KUNDEL<\/title>\n<meta name=\"robots\" content=\"index, follow, max-snippet:-1, max-image-preview:large, max-video-preview:-1\" \/>\n<link rel=\"canonical\" href=\"https:\/\/kundel.com\/fr\/termes-et-conditions\/\" \/>\n<meta property=\"og:locale\" content=\"fr_FR\" \/>\n<meta property=\"og:type\" content=\"article\" \/>\n<meta property=\"og:title\" content=\"Termes et Conditions | KUNDEL\" \/>\n<meta property=\"og:description\" content=\"CENTRE DE SOUTIEN Statut de la Commande Demande de Devis Demande de Formation Devenez Revendeur Litt\u00e9rature Vid\u00e9os Garantie Termes et Conditions Normes de Qualit\u00e9 TERMES ET CONDITIONS Kundel Industries Inc. Pour Nos Acheteurs Salutations de la part de Kundel Industries. En tant que votre fournisseur de Syst\u00e8mes de S\u00e9curit\u00e9 de Production de confiance, nous nous [&hellip;]\" \/>\n<meta property=\"og:url\" content=\"https:\/\/kundel.com\/fr\/termes-et-conditions\/\" \/>\n<meta property=\"og:site_name\" content=\"KUNDEL\" \/>\n<meta property=\"article:publisher\" content=\"https:\/\/www.facebook.com\/profile.php?id=100064046048542\" \/>\n<meta property=\"article:modified_time\" content=\"2024-02-20T15:19:31+00:00\" \/>\n<meta name=\"twitter:card\" content=\"summary_large_image\" \/>\n<meta name=\"twitter:site\" content=\"@KundelBoxes\" \/>\n<meta name=\"twitter:label1\" content=\"Dur\u00e9e de lecture estim\u00e9e\" \/>\n\t<meta name=\"twitter:data1\" content=\"2 minutes\" \/>\n<script type=\"application\/ld+json\" class=\"yoast-schema-graph\">{\"@context\":\"https:\\\/\\\/schema.org\",\"@graph\":[{\"@type\":\"WebPage\",\"@id\":\"https:\\\/\\\/kundel.com\\\/fr\\\/termes-et-conditions\\\/\",\"url\":\"https:\\\/\\\/kundel.com\\\/fr\\\/termes-et-conditions\\\/\",\"name\":\"Termes et Conditions | KUNDEL\",\"isPartOf\":{\"@id\":\"https:\\\/\\\/kundel.com\\\/fr\\\/#website\"},\"datePublished\":\"2020-02-06T15:47:18+00:00\",\"dateModified\":\"2024-02-20T15:19:31+00:00\",\"breadcrumb\":{\"@id\":\"https:\\\/\\\/kundel.com\\\/fr\\\/termes-et-conditions\\\/#breadcrumb\"},\"inLanguage\":\"fr-FR\",\"potentialAction\":[{\"@type\":\"ReadAction\",\"target\":[\"https:\\\/\\\/kundel.com\\\/fr\\\/termes-et-conditions\\\/\"]}]},{\"@type\":\"BreadcrumbList\",\"@id\":\"https:\\\/\\\/kundel.com\\\/fr\\\/termes-et-conditions\\\/#breadcrumb\",\"itemListElement\":[{\"@type\":\"ListItem\",\"position\":1,\"name\":\"Home\",\"item\":\"https:\\\/\\\/kundel.com\\\/fr\\\/\"},{\"@type\":\"ListItem\",\"position\":2,\"name\":\"Termes et Conditions\"}]},{\"@type\":\"WebSite\",\"@id\":\"https:\\\/\\\/kundel.com\\\/fr\\\/#website\",\"url\":\"https:\\\/\\\/kundel.com\\\/fr\\\/\",\"name\":\"KUNDEL\",\"description\":\"Manufacturer of Production Safety Equipment including Overhead cranes, Jib Cranes, Trench Shoring and Bedding Boxes\",\"publisher\":{\"@id\":\"https:\\\/\\\/kundel.com\\\/fr\\\/#organization\"},\"potentialAction\":[{\"@type\":\"SearchAction\",\"target\":{\"@type\":\"EntryPoint\",\"urlTemplate\":\"https:\\\/\\\/kundel.com\\\/fr\\\/?s={search_term_string}\"},\"query-input\":{\"@type\":\"PropertyValueSpecification\",\"valueRequired\":true,\"valueName\":\"search_term_string\"}}],\"inLanguage\":\"fr-FR\"},{\"@type\":\"Organization\",\"@id\":\"https:\\\/\\\/kundel.com\\\/fr\\\/#organization\",\"name\":\"Kundel Industries Inc.\",\"alternateName\":\"Kundel\",\"url\":\"https:\\\/\\\/kundel.com\\\/fr\\\/\",\"logo\":{\"@type\":\"ImageObject\",\"inLanguage\":\"fr-FR\",\"@id\":\"https:\\\/\\\/kundel.com\\\/fr\\\/#\\\/schema\\\/logo\\\/image\\\/\",\"url\":\"https:\\\/\\\/kundel.com\\\/wp-content\\\/uploads\\\/2023\\\/02\\\/Schema-Kundel-Logo.jpg\",\"contentUrl\":\"https:\\\/\\\/kundel.com\\\/wp-content\\\/uploads\\\/2023\\\/02\\\/Schema-Kundel-Logo.jpg\",\"width\":696,\"height\":696,\"caption\":\"Kundel Industries Inc.\"},\"image\":{\"@id\":\"https:\\\/\\\/kundel.com\\\/fr\\\/#\\\/schema\\\/logo\\\/image\\\/\"},\"sameAs\":[\"https:\\\/\\\/www.facebook.com\\\/profile.php?id=100064046048542\",\"https:\\\/\\\/x.com\\\/KundelBoxes\",\"https:\\\/\\\/www.instagram.com\\\/kundelindustries\\\/\",\"https:\\\/\\\/www.linkedin.com\\\/company\\\/kundelindustries\\\/\",\"https:\\\/\\\/www.youtube.com\\\/channel\\\/UCaTKXbyOyIQwt89ySWg1VMw\"]}]}<\/script>\n<!-- \/ Yoast SEO plugin. -->","yoast_head_json":{"title":"Termes et Conditions | KUNDEL","robots":{"index":"index","follow":"follow","max-snippet":"max-snippet:-1","max-image-preview":"max-image-preview:large","max-video-preview":"max-video-preview:-1"},"canonical":"https:\/\/kundel.com\/fr\/termes-et-conditions\/","og_locale":"fr_FR","og_type":"article","og_title":"Termes et Conditions | KUNDEL","og_description":"CENTRE DE SOUTIEN Statut de la Commande Demande de Devis Demande de Formation Devenez Revendeur Litt\u00e9rature Vid\u00e9os Garantie Termes et Conditions Normes de Qualit\u00e9 TERMES ET CONDITIONS Kundel Industries Inc. Pour Nos Acheteurs Salutations de la part de Kundel Industries. En tant que votre fournisseur de Syst\u00e8mes de S\u00e9curit\u00e9 de Production de confiance, nous nous [&hellip;]","og_url":"https:\/\/kundel.com\/fr\/termes-et-conditions\/","og_site_name":"KUNDEL","article_publisher":"https:\/\/www.facebook.com\/profile.php?id=100064046048542","article_modified_time":"2024-02-20T15:19:31+00:00","twitter_card":"summary_large_image","twitter_site":"@KundelBoxes","twitter_misc":{"Dur\u00e9e de lecture estim\u00e9e":"2 minutes"},"schema":{"@context":"https:\/\/schema.org","@graph":[{"@type":"WebPage","@id":"https:\/\/kundel.com\/fr\/termes-et-conditions\/","url":"https:\/\/kundel.com\/fr\/termes-et-conditions\/","name":"Termes et Conditions | KUNDEL","isPartOf":{"@id":"https:\/\/kundel.com\/fr\/#website"},"datePublished":"2020-02-06T15:47:18+00:00","dateModified":"2024-02-20T15:19:31+00:00","breadcrumb":{"@id":"https:\/\/kundel.com\/fr\/termes-et-conditions\/#breadcrumb"},"inLanguage":"fr-FR","potentialAction":[{"@type":"ReadAction","target":["https:\/\/kundel.com\/fr\/termes-et-conditions\/"]}]},{"@type":"BreadcrumbList","@id":"https:\/\/kundel.com\/fr\/termes-et-conditions\/#breadcrumb","itemListElement":[{"@type":"ListItem","position":1,"name":"Home","item":"https:\/\/kundel.com\/fr\/"},{"@type":"ListItem","position":2,"name":"Termes et Conditions"}]},{"@type":"WebSite","@id":"https:\/\/kundel.com\/fr\/#website","url":"https:\/\/kundel.com\/fr\/","name":"KUNDEL","description":"Manufacturer of Production Safety Equipment including Overhead cranes, Jib Cranes, Trench Shoring and Bedding Boxes","publisher":{"@id":"https:\/\/kundel.com\/fr\/#organization"},"potentialAction":[{"@type":"SearchAction","target":{"@type":"EntryPoint","urlTemplate":"https:\/\/kundel.com\/fr\/?s={search_term_string}"},"query-input":{"@type":"PropertyValueSpecification","valueRequired":true,"valueName":"search_term_string"}}],"inLanguage":"fr-FR"},{"@type":"Organization","@id":"https:\/\/kundel.com\/fr\/#organization","name":"Kundel Industries Inc.","alternateName":"Kundel","url":"https:\/\/kundel.com\/fr\/","logo":{"@type":"ImageObject","inLanguage":"fr-FR","@id":"https:\/\/kundel.com\/fr\/#\/schema\/logo\/image\/","url":"https:\/\/kundel.com\/wp-content\/uploads\/2023\/02\/Schema-Kundel-Logo.jpg","contentUrl":"https:\/\/kundel.com\/wp-content\/uploads\/2023\/02\/Schema-Kundel-Logo.jpg","width":696,"height":696,"caption":"Kundel Industries Inc."},"image":{"@id":"https:\/\/kundel.com\/fr\/#\/schema\/logo\/image\/"},"sameAs":["https:\/\/www.facebook.com\/profile.php?id=100064046048542","https:\/\/x.com\/KundelBoxes","https:\/\/www.instagram.com\/kundelindustries\/","https:\/\/www.linkedin.com\/company\/kundelindustries\/","https:\/\/www.youtube.com\/channel\/UCaTKXbyOyIQwt89ySWg1VMw"]}]}},"_links":{"self":[{"href":"https:\/\/kundel.com\/fr\/wp-json\/wp\/v2\/pages\/16100","targetHints":{"allow":["GET"]}}],"collection":[{"href":"https:\/\/kundel.com\/fr\/wp-json\/wp\/v2\/pages"}],"about":[{"href":"https:\/\/kundel.com\/fr\/wp-json\/wp\/v2\/types\/page"}],"author":[{"embeddable":true,"href":"https:\/\/kundel.com\/fr\/wp-json\/wp\/v2\/users\/1"}],"replies":[{"embeddable":true,"href":"https:\/\/kundel.com\/fr\/wp-json\/wp\/v2\/comments?post=16100"}],"version-history":[{"count":2,"href":"https:\/\/kundel.com\/fr\/wp-json\/wp\/v2\/pages\/16100\/revisions"}],"predecessor-version":[{"id":16102,"href":"https:\/\/kundel.com\/fr\/wp-json\/wp\/v2\/pages\/16100\/revisions\/16102"}],"wp:attachment":[{"href":"https:\/\/kundel.com\/fr\/wp-json\/wp\/v2\/media?parent=16100"}],"curies":[{"name":"wp","href":"https:\/\/api.w.org\/{rel}","templated":true}]}}