{"id":16105,"date":"2020-02-07T16:57:42","date_gmt":"2020-02-07T21:57:42","guid":{"rendered":"https:\/\/kundel.com\/a-propos-de-nous\/"},"modified":"2024-05-03T05:35:27","modified_gmt":"2024-05-03T09:35:27","slug":"a-propos-de-nous","status":"publish","type":"page","link":"https:\/\/kundel.com\/fr\/a-propos-de-nous\/","title":{"rendered":"\u00c0 propos de Nous"},"content":{"rendered":"<p>[et_pb_section fb_built=\u00a0\u00bb1&Prime; _builder_version=\u00a0\u00bb4.16&Prime; global_colors_info=\u00a0\u00bb{}\u00a0\u00bb][et_pb_row module_class=\u00a0\u00bbk-txt-hdr-u-img\u00a0\u00bb _builder_version=\u00a0\u00bb4.16&Prime; global_colors_info=\u00a0\u00bb{}\u00a0\u00bb][et_pb_column type=\u00a0\u00bb4_4&Prime; _builder_version=\u00a0\u00bb4.16&Prime; global_colors_info=\u00a0\u00bb{}\u00a0\u00bb][et_pb_text _builder_version=\u00a0\u00bb4.16&Prime; global_colors_info=\u00a0\u00bb{}\u00a0\u00bb]<\/p>\n<h1 class=\"custom-page-title\">\u00c0 PROPOS DE NOUS<\/h1>\n<p class=\"custom-page-sub\">Kundel Industries Inc.<\/p>\n<p>[\/et_pb_text][\/et_pb_column][\/et_pb_row][et_pb_row module_class=\u00a0\u00bbk-top-img\u00a0\u00bb _builder_version=\u00a0\u00bb4.16&Prime; global_colors_info=\u00a0\u00bb{}\u00a0\u00bb][et_pb_column type=\u00a0\u00bb4_4&Prime; _builder_version=\u00a0\u00bb4.16&Prime; global_colors_info=\u00a0\u00bb{}\u00a0\u00bb][et_pb_video src=\u00a0\u00bbhttps:\/\/youtu.be\/PfhrPHlDfjM\u00a0\u00bb _builder_version=\u00a0\u00bb4.19.0&Prime; _module_preset=\u00a0\u00bbdefault\u00a0\u00bb global_colors_info=\u00a0\u00bb{}\u00a0\u00bb][\/et_pb_video][\/et_pb_column][\/et_pb_row][et_pb_row _builder_version=\u00a0\u00bb4.16&Prime; global_colors_info=\u00a0\u00bb{}\u00a0\u00bb][et_pb_column type=\u00a0\u00bb4_4&Prime; _builder_version=\u00a0\u00bb4.16&Prime; global_colors_info=\u00a0\u00bb{}\u00a0\u00bb][et_pb_text _builder_version=\u00a0\u00bb4.25.0&Prime; global_colors_info=\u00a0\u00bb{}\u00a0\u00bb]<\/p>\n<p>Kundel est fier de faire les choses diff\u00e9remment et selon les normes les plus \u00e9lev\u00e9es. Nous sommes non seulement une entreprise familiale avec tous nos produits fabriqu\u00e9s aux \u00c9tats-Unis, mais nous fabriquons des ponts roulants \u00e0 rail ferm\u00e9 de haute qualit\u00e9 offrant des capacit\u00e9s de premier ordre et un facteur de s\u00e9curit\u00e9 de 10:1 leader dans l&rsquo;industrie. En plus de notre technologie de grue avanc\u00e9e, nous nous engageons \u00e0 soutenir quotidiennement les missions de sauvetage en milieu urbain. Certaines de nos caract\u00e9ristiques les plus recherch\u00e9es comprennent des barres \u00e9lectriques internes et des poteaux de support en porte-\u00e0-faux, offrant une couverture en pieds carr\u00e9s sup\u00e9rieure et des port\u00e9es \u00e9tendues, m\u00eame \u00e0 une capacit\u00e9 de 3 tonnes.<\/p>\n<p>1,5 % de chaque vente de grue b\u00e9n\u00e9ficie directement \u00e0 des missions telles que la <a href=\"https:\/\/warrenfamilymission.com\/\" target=\"_blank\" rel=\"noopener noreferrer\">Warren Family Mission<\/a>, qui fournit un soutien essentiel comme de la nourriture, des v\u00eatements et un abri aux personnes et familles sans-abri. Les contributions aident \u00e9galement Hannah&rsquo;s House, un refuge aidant les femmes maltrait\u00e9es luttant contre la toxicomanie et l&rsquo;alcoolisme, en leur offrant de l&rsquo;espoir pour un lendemain meilleur, le tout sans frais.<\/p>\n<p>Vous pouvez faire une diff\u00e9rence dans la r\u00e9gion de la vall\u00e9e de l&rsquo;Ohio en faisant un don pour soutenir la Warren Family Mission, garantissant que les enfants re\u00e7oivent des ressources vitales telles que de la nourriture, un abri et des v\u00eatements.<\/p>\n<p>Veuillez visiter leur site web \u00e0 l&rsquo;adresse <a href=\"https:\/\/www.warrenfamilymission.com\" target=\"_blank\" rel=\"noopener noreferrer\">www.warrenfamilymission.com<\/a><\/p>\n<p><a href=\"https:\/\/warrenfamilymission.com\/\" target=\"_blank\" rel=\"noopener noreferrer\"><img decoding=\"async\" alt=\"\" src=\"\/wp-content\/uploads\/2024\/05\/WFM-Logo.webp\" style=\"width: 196px; height: 75px;\"><\/a><\/p>\n<p>[\/et_pb_text][\/et_pb_column][\/et_pb_row][et_pb_row module_class=\u00a0\u00bbk-txt-hdr-u-img\u00a0\u00bb _builder_version=\u00a0\u00bb4.16&Prime; global_colors_info=\u00a0\u00bb{}\u00a0\u00bb][et_pb_column type=\u00a0\u00bb4_4&Prime; _builder_version=\u00a0\u00bb4.16&Prime; global_colors_info=\u00a0\u00bb{}\u00a0\u00bb][et_pb_text _builder_version=\u00a0\u00bb4.16&Prime; global_colors_info=\u00a0\u00bb{}\u00a0\u00bb]<\/p>\n<h2 class=\"custom-page-title\">NOTRE HISTOIRE<\/h2>\n<p class=\"custom-page-sub\">Une famille d&rsquo;innovateurs<\/p>\n<p>[\/et_pb_text][\/et_pb_column][\/et_pb_row][et_pb_row _builder_version=\u00a0\u00bb4.16&Prime; global_colors_info=\u00a0\u00bb{}\u00a0\u00bb][et_pb_column type=\u00a0\u00bb4_4&Prime; _builder_version=\u00a0\u00bb4.16&Prime; global_colors_info=\u00a0\u00bb{}\u00a0\u00bb][et_pb_text _builder_version=\u00a0\u00bb4.25.0&Prime; global_colors_info=\u00a0\u00bb{}\u00a0\u00bb]Kundel Industries a commenc\u00e9 dans la salle \u00e0 manger du foyer de la famille Kundel, fond\u00e9e par l&rsquo;entrepreneur Robert Kundel Sr. Avec plus de 30 ans d&rsquo;exp\u00e9rience dans le secteur de l&rsquo;excavation et de profondes racines familiales dans la construction, Robert s&rsquo;est retrouv\u00e9 \u00e0 r\u00e9\u00e9valuer sa position dans l&rsquo;industrie au milieu de la baisse du march\u00e9 de la construction \u00e0 la fin des ann\u00e9es 1980.<\/p>\n<p>En collaborant avec un ing\u00e9nieur local, Robert a exploit\u00e9 son exp\u00e9rience dans la construction pour d\u00e9velopper des caissons de tranch\u00e9e adapt\u00e9s aux besoins des entrepreneurs. Ces bo\u00eetes ont \u00e9t\u00e9 m\u00e9ticuleusement con\u00e7ues en tenant compte de facteurs pratiques tels que la longueur des tuyaux, les capacit\u00e9s de l&rsquo;excavatrice, les conditions du sol et l&rsquo;usure habituelle des entrepreneurs.<\/p>\n<p>Le d\u00e9fi de construire des caissons de tranch\u00e9e sup\u00e9rieurs a incit\u00e9 Kundel \u00e0 am\u00e9liorer les capacit\u00e9s de manutention des mat\u00e9riaux. La complexit\u00e9 de la t\u00e2che demandait plus qu&rsquo;une seule grande grue suspendue. Au lieu de cela, Kundel Industries a install\u00e9 un r\u00e9seau de voies parall\u00e8les orn\u00e9es de plusieurs ponts, incorporant des concepts d&rsquo;ing\u00e9nierie innovants datant d&rsquo;\u00e9poques r\u00e9volues comme les voies oscillantes et les ponts articul\u00e9s. Ces avanc\u00e9es ont assur\u00e9 un d\u00e9placement exceptionnellement fluide et minimis\u00e9 le stress sur la structure de support.<\/p>\n<p>Kundel Industries reste une entreprise familiale et s&rsquo;engage non seulement \u00e0 fabriquer des \u00e9quipements de premier ordre dans l&rsquo;industrie, mais aussi \u00e0 am\u00e9liorer continuellement et \u00e0 perfectionner la qualit\u00e9 de nos produits.[\/et_pb_text][\/et_pb_column][\/et_pb_row][et_pb_row module_class=\u00a0\u00bbk-txt-hdr-u-img\u00a0\u00bb _builder_version=\u00a0\u00bb4.16&Prime; global_colors_info=\u00a0\u00bb{}\u00a0\u00bb][et_pb_column type=\u00a0\u00bb4_4&Prime; _builder_version=\u00a0\u00bb4.16&Prime; global_colors_info=\u00a0\u00bb{}\u00a0\u00bb][et_pb_text _builder_version=\u00a0\u00bb4.16&Prime; global_colors_info=\u00a0\u00bb{}\u00a0\u00bb]<\/p>\n<h2 class=\"custom-page-title\">D\u00c9CLARATION DE MISSION<\/h2>\n<p class=\"custom-page-sub\">Appliquer l&rsquo;amour de Dieu<\/p>\n<p>[\/et_pb_text][\/et_pb_column][\/et_pb_row][et_pb_row _builder_version=\u00a0\u00bb4.16&Prime; global_colors_info=\u00a0\u00bb{}\u00a0\u00bb][et_pb_column type=\u00a0\u00bb4_4&Prime; _builder_version=\u00a0\u00bb4.16&Prime; global_colors_info=\u00a0\u00bb{}\u00a0\u00bb][et_pb_text _builder_version=\u00a0\u00bb4.25.0&Prime; global_colors_info=\u00a0\u00bb{}\u00a0\u00bb]Chez Kundel Industries, nous nous engageons \u00e0 honorer la foi chr\u00e9tienne en servant nos clients et employ\u00e9s avec int\u00e9grit\u00e9, honn\u00eatet\u00e9 et respect. En tant qu&rsquo;entreprise familiale, nos employ\u00e9s sont une extension de notre famille.<\/p>\n<p>Nous nous effor\u00e7ons toujours de donner la priorit\u00e9 aux meilleurs int\u00e9r\u00eats de nos clients et de nos employ\u00e9s.<\/p>\n<p>Nous favorisons un travail artisanal disciplin\u00e9 et productif dans tous les aspects de nos op\u00e9rations, de la conception et de la fabrication \u00e0 la distribution et au service.<\/p>\n<p>Nous croyons en la formation de partenariats avec des fournisseurs qui nous fournissent des mat\u00e9riaux de qualit\u00e9 en temps opportun \u00e0 un co\u00fbt raisonnable.<\/p>\n<p>Chez Kundel Industries, nous nous consid\u00e9rons comme les gardiens d&rsquo;un don inspir\u00e9 : offrir les meilleurs produits et services. Nous vous invitons \u00e0 nous rejoindre dans cette aventure commerciale et \u00e0 vivre les r\u00e9compenses d&rsquo;exploiter une entreprise bas\u00e9e sur le don et le service.[\/et_pb_text][et_pb_text _builder_version=\u00a0\u00bb4.25.0&Prime; _module_preset=\u00a0\u00bbdefault\u00a0\u00bb global_colors_info=\u00a0\u00bb{}\u00a0\u00bb]<\/p>\n<p><strong>Avez-vous des doutes ou des questions ?<\/strong><br \/><a href=\"https:\/\/kundel.com\/fr\/contactez-nous\/\">Contactez-nous<\/a> et nous serons heureux de les r\u00e9soudre.<\/p>\n<p>[\/et_pb_text][\/et_pb_column][\/et_pb_row][et_pb_row module_class=\u00a0\u00bbmarkcode\u00a0\u00bb _builder_version=\u00a0\u00bb4.16&Prime; custom_margin=\u00a0\u00bb0px||0px||false|false\u00a0\u00bb custom_padding=\u00a0\u00bb0px||0px||false|false\u00a0\u00bb locked=\u00a0\u00bboff\u00a0\u00bb global_colors_info=\u00a0\u00bb{}\u00a0\u00bb][et_pb_column type=\u00a0\u00bb4_4&Prime; _builder_version=\u00a0\u00bb4.16&Prime; global_colors_info=\u00a0\u00bb{}\u00a0\u00bb][et_pb_code _builder_version=\u00a0\u00bb4.16&Prime; custom_margin=\u00a0\u00bb0px||0px||false|false\u00a0\u00bb custom_padding=\u00a0\u00bb0px||0px||false|false\u00a0\u00bb global_colors_info=\u00a0\u00bb{}\u00a0\u00bb]<script type=\"text\/javascript\" src=\"https:\/\/a.remarketstats.com\/px\/smart\/?c=2353db4fd4b715e&#038;seg=About%20Us\"><\/script>[\/et_pb_code][\/et_pb_column][\/et_pb_row][\/et_pb_section]<\/p>\n<script language='javascript' type='text\/javascript'>function getWR360PopupSkin(){return 'light_clean';}<\/script>","protected":false},"excerpt":{"rendered":"<p>\u00c0 PROPOS DE NOUS Kundel Industries Inc.Kundel est fier de faire les choses diff\u00e9remment et selon les normes les plus \u00e9lev\u00e9es. Nous sommes non seulement une entreprise familiale avec tous nos produits fabriqu\u00e9s aux \u00c9tats-Unis, mais nous fabriquons des ponts roulants \u00e0 rail ferm\u00e9 de haute qualit\u00e9 offrant des capacit\u00e9s de premier ordre et un [&hellip;]<\/p>\n","protected":false},"author":1,"featured_media":0,"parent":0,"menu_order":0,"comment_status":"closed","ping_status":"closed","template":"","meta":{"_acf_changed":false,"_et_pb_use_builder":"on","_et_pb_old_content":"<!-- wp:divi\/placeholder \/-->","_et_gb_content_width":"","footnotes":""},"class_list":["post-16105","page","type-page","status-publish","hentry"],"acf":[],"yoast_head":"<!-- This site is optimized with the Yoast SEO plugin v27.3 - https:\/\/yoast.com\/product\/yoast-seo-wordpress\/ -->\n<title>\u00c0 propos de Nous | KUNDEL \/ Family Owned &amp; Made in the U.S.A.<\/title>\n<meta name=\"description\" content=\"D\u00e9couvrez-en davantage sur nous ici, chez Kundel Industries, et comment cette entreprise familiale a commenc\u00e9 dans la salle \u00e0 manger par l&#039;entrepreneur Robert Kundel Sr.\" \/>\n<meta name=\"robots\" content=\"index, follow, max-snippet:-1, max-image-preview:large, max-video-preview:-1\" \/>\n<link rel=\"canonical\" href=\"https:\/\/kundel.com\/fr\/a-propos-de-nous\/\" \/>\n<meta property=\"og:locale\" content=\"fr_FR\" \/>\n<meta property=\"og:type\" content=\"article\" \/>\n<meta property=\"og:title\" content=\"\u00c0 propos de Nous | KUNDEL \/ Family Owned &amp; Made in the U.S.A.\" \/>\n<meta property=\"og:description\" content=\"D\u00e9couvrez-en davantage sur nous ici, chez Kundel Industries, et comment cette entreprise familiale a commenc\u00e9 dans la salle \u00e0 manger par l&#039;entrepreneur Robert Kundel Sr.\" \/>\n<meta property=\"og:url\" content=\"https:\/\/kundel.com\/fr\/a-propos-de-nous\/\" \/>\n<meta property=\"og:site_name\" content=\"KUNDEL\" \/>\n<meta property=\"article:publisher\" content=\"https:\/\/www.facebook.com\/profile.php?id=100064046048542\" \/>\n<meta property=\"article:modified_time\" content=\"2024-05-03T09:35:27+00:00\" \/>\n<meta property=\"og:image\" content=\"https:\/\/kundel.com\/wp-content\/uploads\/2020\/02\/Kundel-Footer-USA.png\" \/>\n<meta name=\"twitter:card\" content=\"summary_large_image\" \/>\n<meta name=\"twitter:image\" content=\"https:\/\/kundel.com\/wp-content\/uploads\/2020\/02\/Kundel-Footer-USA.png\" \/>\n<meta name=\"twitter:site\" content=\"@KundelBoxes\" \/>\n<meta name=\"twitter:label1\" content=\"Dur\u00e9e de lecture estim\u00e9e\" \/>\n\t<meta name=\"twitter:data1\" content=\"5 minutes\" \/>\n<script type=\"application\/ld+json\" class=\"yoast-schema-graph\">{\"@context\":\"https:\\\/\\\/schema.org\",\"@graph\":[{\"@type\":\"WebPage\",\"@id\":\"https:\\\/\\\/kundel.com\\\/fr\\\/a-propos-de-nous\\\/\",\"url\":\"https:\\\/\\\/kundel.com\\\/fr\\\/a-propos-de-nous\\\/\",\"name\":\"\u00c0 propos de Nous | KUNDEL \\\/ Family Owned & Made in the U.S.A.\",\"isPartOf\":{\"@id\":\"https:\\\/\\\/kundel.com\\\/fr\\\/#website\"},\"datePublished\":\"2020-02-07T21:57:42+00:00\",\"dateModified\":\"2024-05-03T09:35:27+00:00\",\"description\":\"D\u00e9couvrez-en davantage sur nous ici, chez Kundel Industries, et comment cette entreprise familiale a commenc\u00e9 dans la salle \u00e0 manger par l'entrepreneur Robert Kundel Sr.\",\"breadcrumb\":{\"@id\":\"https:\\\/\\\/kundel.com\\\/fr\\\/a-propos-de-nous\\\/#breadcrumb\"},\"inLanguage\":\"fr-FR\",\"potentialAction\":[{\"@type\":\"ReadAction\",\"target\":[\"https:\\\/\\\/kundel.com\\\/fr\\\/a-propos-de-nous\\\/\"]}]},{\"@type\":\"BreadcrumbList\",\"@id\":\"https:\\\/\\\/kundel.com\\\/fr\\\/a-propos-de-nous\\\/#breadcrumb\",\"itemListElement\":[{\"@type\":\"ListItem\",\"position\":1,\"name\":\"Home\",\"item\":\"https:\\\/\\\/kundel.com\\\/fr\\\/\"},{\"@type\":\"ListItem\",\"position\":2,\"name\":\"\u00c0 propos de Nous\"}]},{\"@type\":\"WebSite\",\"@id\":\"https:\\\/\\\/kundel.com\\\/fr\\\/#website\",\"url\":\"https:\\\/\\\/kundel.com\\\/fr\\\/\",\"name\":\"KUNDEL\",\"description\":\"Manufacturer of Production Safety Equipment including Overhead cranes, Jib Cranes, Trench Shoring and Bedding Boxes\",\"publisher\":{\"@id\":\"https:\\\/\\\/kundel.com\\\/fr\\\/#organization\"},\"potentialAction\":[{\"@type\":\"SearchAction\",\"target\":{\"@type\":\"EntryPoint\",\"urlTemplate\":\"https:\\\/\\\/kundel.com\\\/fr\\\/?s={search_term_string}\"},\"query-input\":{\"@type\":\"PropertyValueSpecification\",\"valueRequired\":true,\"valueName\":\"search_term_string\"}}],\"inLanguage\":\"fr-FR\"},{\"@type\":\"Organization\",\"@id\":\"https:\\\/\\\/kundel.com\\\/fr\\\/#organization\",\"name\":\"Kundel Industries Inc.\",\"alternateName\":\"Kundel\",\"url\":\"https:\\\/\\\/kundel.com\\\/fr\\\/\",\"logo\":{\"@type\":\"ImageObject\",\"inLanguage\":\"fr-FR\",\"@id\":\"https:\\\/\\\/kundel.com\\\/fr\\\/#\\\/schema\\\/logo\\\/image\\\/\",\"url\":\"https:\\\/\\\/kundel.com\\\/wp-content\\\/uploads\\\/2023\\\/02\\\/Schema-Kundel-Logo.jpg\",\"contentUrl\":\"https:\\\/\\\/kundel.com\\\/wp-content\\\/uploads\\\/2023\\\/02\\\/Schema-Kundel-Logo.jpg\",\"width\":696,\"height\":696,\"caption\":\"Kundel Industries Inc.\"},\"image\":{\"@id\":\"https:\\\/\\\/kundel.com\\\/fr\\\/#\\\/schema\\\/logo\\\/image\\\/\"},\"sameAs\":[\"https:\\\/\\\/www.facebook.com\\\/profile.php?id=100064046048542\",\"https:\\\/\\\/x.com\\\/KundelBoxes\",\"https:\\\/\\\/www.instagram.com\\\/kundelindustries\\\/\",\"https:\\\/\\\/www.linkedin.com\\\/company\\\/kundelindustries\\\/\",\"https:\\\/\\\/www.youtube.com\\\/channel\\\/UCaTKXbyOyIQwt89ySWg1VMw\"]}]}<\/script>\n<!-- \/ Yoast SEO plugin. -->","yoast_head_json":{"title":"\u00c0 propos de Nous | KUNDEL \/ Family Owned & Made in the U.S.A.","description":"D\u00e9couvrez-en davantage sur nous ici, chez Kundel Industries, et comment cette entreprise familiale a commenc\u00e9 dans la salle \u00e0 manger par l'entrepreneur Robert Kundel Sr.","robots":{"index":"index","follow":"follow","max-snippet":"max-snippet:-1","max-image-preview":"max-image-preview:large","max-video-preview":"max-video-preview:-1"},"canonical":"https:\/\/kundel.com\/fr\/a-propos-de-nous\/","og_locale":"fr_FR","og_type":"article","og_title":"\u00c0 propos de Nous | KUNDEL \/ Family Owned & Made in the U.S.A.","og_description":"D\u00e9couvrez-en davantage sur nous ici, chez Kundel Industries, et comment cette entreprise familiale a commenc\u00e9 dans la salle \u00e0 manger par l'entrepreneur Robert Kundel Sr.","og_url":"https:\/\/kundel.com\/fr\/a-propos-de-nous\/","og_site_name":"KUNDEL","article_publisher":"https:\/\/www.facebook.com\/profile.php?id=100064046048542","article_modified_time":"2024-05-03T09:35:27+00:00","og_image":[{"url":"https:\/\/kundel.com\/wp-content\/uploads\/2020\/02\/Kundel-Footer-USA.png","type":"","width":"","height":""}],"twitter_card":"summary_large_image","twitter_image":"https:\/\/kundel.com\/wp-content\/uploads\/2020\/02\/Kundel-Footer-USA.png","twitter_site":"@KundelBoxes","twitter_misc":{"Dur\u00e9e de lecture estim\u00e9e":"5 minutes"},"schema":{"@context":"https:\/\/schema.org","@graph":[{"@type":"WebPage","@id":"https:\/\/kundel.com\/fr\/a-propos-de-nous\/","url":"https:\/\/kundel.com\/fr\/a-propos-de-nous\/","name":"\u00c0 propos de Nous | KUNDEL \/ Family Owned & Made in the U.S.A.","isPartOf":{"@id":"https:\/\/kundel.com\/fr\/#website"},"datePublished":"2020-02-07T21:57:42+00:00","dateModified":"2024-05-03T09:35:27+00:00","description":"D\u00e9couvrez-en davantage sur nous ici, chez Kundel Industries, et comment cette entreprise familiale a commenc\u00e9 dans la salle \u00e0 manger par l'entrepreneur Robert Kundel Sr.","breadcrumb":{"@id":"https:\/\/kundel.com\/fr\/a-propos-de-nous\/#breadcrumb"},"inLanguage":"fr-FR","potentialAction":[{"@type":"ReadAction","target":["https:\/\/kundel.com\/fr\/a-propos-de-nous\/"]}]},{"@type":"BreadcrumbList","@id":"https:\/\/kundel.com\/fr\/a-propos-de-nous\/#breadcrumb","itemListElement":[{"@type":"ListItem","position":1,"name":"Home","item":"https:\/\/kundel.com\/fr\/"},{"@type":"ListItem","position":2,"name":"\u00c0 propos de Nous"}]},{"@type":"WebSite","@id":"https:\/\/kundel.com\/fr\/#website","url":"https:\/\/kundel.com\/fr\/","name":"KUNDEL","description":"Manufacturer of Production Safety Equipment including Overhead cranes, Jib Cranes, Trench Shoring and Bedding Boxes","publisher":{"@id":"https:\/\/kundel.com\/fr\/#organization"},"potentialAction":[{"@type":"SearchAction","target":{"@type":"EntryPoint","urlTemplate":"https:\/\/kundel.com\/fr\/?s={search_term_string}"},"query-input":{"@type":"PropertyValueSpecification","valueRequired":true,"valueName":"search_term_string"}}],"inLanguage":"fr-FR"},{"@type":"Organization","@id":"https:\/\/kundel.com\/fr\/#organization","name":"Kundel Industries Inc.","alternateName":"Kundel","url":"https:\/\/kundel.com\/fr\/","logo":{"@type":"ImageObject","inLanguage":"fr-FR","@id":"https:\/\/kundel.com\/fr\/#\/schema\/logo\/image\/","url":"https:\/\/kundel.com\/wp-content\/uploads\/2023\/02\/Schema-Kundel-Logo.jpg","contentUrl":"https:\/\/kundel.com\/wp-content\/uploads\/2023\/02\/Schema-Kundel-Logo.jpg","width":696,"height":696,"caption":"Kundel Industries Inc."},"image":{"@id":"https:\/\/kundel.com\/fr\/#\/schema\/logo\/image\/"},"sameAs":["https:\/\/www.facebook.com\/profile.php?id=100064046048542","https:\/\/x.com\/KundelBoxes","https:\/\/www.instagram.com\/kundelindustries\/","https:\/\/www.linkedin.com\/company\/kundelindustries\/","https:\/\/www.youtube.com\/channel\/UCaTKXbyOyIQwt89ySWg1VMw"]}]}},"_links":{"self":[{"href":"https:\/\/kundel.com\/fr\/wp-json\/wp\/v2\/pages\/16105","targetHints":{"allow":["GET"]}}],"collection":[{"href":"https:\/\/kundel.com\/fr\/wp-json\/wp\/v2\/pages"}],"about":[{"href":"https:\/\/kundel.com\/fr\/wp-json\/wp\/v2\/types\/page"}],"author":[{"embeddable":true,"href":"https:\/\/kundel.com\/fr\/wp-json\/wp\/v2\/users\/1"}],"replies":[{"embeddable":true,"href":"https:\/\/kundel.com\/fr\/wp-json\/wp\/v2\/comments?post=16105"}],"version-history":[{"count":7,"href":"https:\/\/kundel.com\/fr\/wp-json\/wp\/v2\/pages\/16105\/revisions"}],"predecessor-version":[{"id":17687,"href":"https:\/\/kundel.com\/fr\/wp-json\/wp\/v2\/pages\/16105\/revisions\/17687"}],"wp:attachment":[{"href":"https:\/\/kundel.com\/fr\/wp-json\/wp\/v2\/media?parent=16105"}],"curies":[{"name":"wp","href":"https:\/\/api.w.org\/{rel}","templated":true}]}}