{"id":16121,"date":"2020-11-10T07:31:17","date_gmt":"2020-11-10T12:31:17","guid":{"rendered":"https:\/\/kundel.com\/confidentialite\/"},"modified":"2024-02-20T10:52:45","modified_gmt":"2024-02-20T15:52:45","slug":"confidentialite","status":"publish","type":"page","link":"https:\/\/kundel.com\/fr\/confidentialite\/","title":{"rendered":"Confidentialit\u00e9"},"content":{"rendered":"<p>[et_pb_section fb_built=\u00a0\u00bb1&Prime; _builder_version=\u00a0\u00bb4.16&Prime; global_colors_info=\u00a0\u00bb{}\u00a0\u00bb][et_pb_row module_class=\u00a0\u00bbpagestoppad\u00a0\u00bb _builder_version=\u00a0\u00bb4.16&Prime; custom_margin=\u00a0\u00bb||||false|false\u00a0\u00bb custom_padding=\u00a0\u00bb||||false|false\u00a0\u00bb global_colors_info=\u00a0\u00bb{}\u00a0\u00bb][et_pb_column type=\u00a0\u00bb4_4&Prime; _builder_version=\u00a0\u00bb4.16&Prime; global_colors_info=\u00a0\u00bb{}\u00a0\u00bb][et_pb_text module_class=\u00a0\u00bbk-txt-hdr-mod\u00a0\u00bb _builder_version=\u00a0\u00bb4.19.5&Prime; locked=\u00a0\u00bboff\u00a0\u00bb global_colors_info=\u00a0\u00bb{}\u00a0\u00bb]<\/p>\n<div class=\"pane-content\">\n<h1 class=\"custom-page-title\">AVIS DE CONFIDENTIALIT\u00c9<\/h1>\n<p class=\"custom-page-sub\">Kundel Industries Inc.<\/p>\n<\/div>\n<p>[\/et_pb_text][et_pb_text module_class=\u00a0\u00bbk-txt-hdr-mod\u00a0\u00bb _builder_version=\u00a0\u00bb4.16&Prime; custom_margin=\u00a0\u00bb||||false|false\u00a0\u00bb custom_padding=\u00a0\u00bb||||false|false\u00a0\u00bb global_colors_info=\u00a0\u00bb{}\u00a0\u00bb]<\/p>\n<p><em><strong>Collecte de Donn\u00e9es<\/strong><span style=\"font-weight: 400;\"><br \/> <\/span><span style=\"font-weight: 400;\">Notre<\/span><span style=\"font-weight: 400;\">site utilise<\/span><span style=\"font-weight: 400;\"> technologies de partenaires tiers pour nous aider \u00e0 reconna\u00eetre votre appareil et comprendre comment vous utilisez notre ou nos sites, afin que nous puissions am\u00e9liorer nos services pour refl\u00e9ter vos int\u00e9r\u00eats et vous servir des publicit\u00e9s sur les produits et\/ou services qui sont susceptibles de vous int\u00e9resser davantage. Plus pr\u00e9cis\u00e9ment, ces partenaires collectent des informations sur votre activit\u00e9 sur notre <\/span><span style=\"font-weight: 400;\">site(s)<\/span><span style=\"font-weight: 400;\">afin de nous permettre de:<\/span><\/em><\/p>\n<ul>\n<li><em><span style=\"font-weight: 400;\">mesurer et analyser le trafic et l&rsquo;activit\u00e9 de navigation sur notre ou nos site(s) ;<\/span><\/em><\/li>\n<li><em><span style=\"font-weight: 400;\">afficher des publicit\u00e9s pour nos produits et\/ou services sur des sites tiers ;<\/span><\/em><\/li>\n<li><em><span style=\"font-weight: 400;\">mesurer et analyser la performance de nos campagnes publicitaires ;<\/span><\/em><\/li>\n<\/ul>\n<p><em><strong>Multi-appareils<\/strong><span style=\"font-weight: 400;\"><br \/> Nous pouvons partager des donn\u00e9es, telles que des adresses e-mail hach\u00e9es d\u00e9riv\u00e9es d&rsquo;e-mails ou d&rsquo;autres identifiants en ligne collect\u00e9s sur notre ou nos site(s), avec NextRoll. Cela permet \u00e0 nos partenaires de vous reconna\u00eetre et de vous diffuser des publicit\u00e9s sur diff\u00e9rents appareils et navigateurs. Pour en savoir plus sur les technologies utilis\u00e9es par NextRoll et leurs capacit\u00e9s multi-appareils, veuillez vous r\u00e9f\u00e9rer \u00e0 <\/span><a href=\"https:\/\/www.nextroll.com\/privacy\" target=\"_blank\" rel=\"noopener noreferrer\">Avis de confidentialit\u00e9 de NextRoll. <\/a><span style=\"font-weight: 400;\"> <\/span><\/em><\/p>\n<p><em><strong>Refus <br \/> <\/strong><span style=\"font-weight: 400;\">Nos partenaires tels que NextRoll peuvent utiliser des technologies non bas\u00e9es sur les cookies qui peuvent ne pas \u00eatre affect\u00e9es par les param\u00e8tres du navigateur qui bloquent les cookies. Votre navigateur peut ne pas vous permettre de bloquer de telles technologies. Pour cette raison, vous pouvez utiliser les outils tiers suivants pour refuser la collecte et l&rsquo;utilisation d&rsquo;informations dans le but de vous servir une publicit\u00e9 bas\u00e9e sur vos int\u00e9r\u00eats :<\/span><\/em><\/p>\n<ul>\n<li><em><span style=\"font-weight: 400;\">La plateforme de refus de la NAI : <\/span><span style=\"font-weight: 400;\"><a href=\"http:\/\/www.networkadvertising.org\/choices\/\" target=\"_blank\" rel=\"noopener noreferrer\">http:\/\/www.networkadvertising.org\/choices\/<\/a><\/span> <\/em><\/li>\n<li><em><span style=\"font-weight: 400;\">La plateforme de refus de l&rsquo;EDAA :<\/span> <span style=\"font-family: -apple-system, BlinkMacSystemFont, 'Segoe UI', Helvetica, Arial, sans-serif;\"><a href=\"http:\/\/www.youronlinechoices.com\/\" target=\"_blank\" rel=\"noopener noreferrer\">http:\/\/www.youronlinechoices.com\/<\/a><\/span><\/em><\/li>\n<li><em><span style=\"font-weight: 400;\">La plateforme de refus de la DAA : <\/span><span style=\"font-weight: 400;\"><a href=\"http:\/\/optout.aboutads.info\/?c=2&amp;lang=EN\" target=\"_blank\" rel=\"noopener noreferrer\">http:\/\/optout.aboutads.info\/?c=2&amp;lang=EN<\/a><\/span><\/em><\/li>\n<\/ul>\n<p>[\/et_pb_text][\/et_pb_column][\/et_pb_row][\/et_pb_section]<\/p>\n<script language='javascript' type='text\/javascript'>function getWR360PopupSkin(){return 'light_clean';}<\/script>","protected":false},"excerpt":{"rendered":"<p>AVIS DE CONFIDENTIALIT\u00c9 Kundel Industries Inc. Collecte de Donn\u00e9es Notresite utilise technologies de partenaires tiers pour nous aider \u00e0 reconna\u00eetre votre appareil et comprendre comment vous utilisez notre ou nos sites, afin que nous puissions am\u00e9liorer nos services pour refl\u00e9ter vos int\u00e9r\u00eats et vous servir des publicit\u00e9s sur les produits et\/ou services qui sont susceptibles [&hellip;]<\/p>\n","protected":false},"author":1,"featured_media":0,"parent":0,"menu_order":0,"comment_status":"closed","ping_status":"closed","template":"","meta":{"_acf_changed":false,"_et_pb_use_builder":"on","_et_pb_old_content":"","_et_gb_content_width":"","footnotes":""},"class_list":["post-16121","page","type-page","status-publish","hentry"],"acf":[],"yoast_head":"<!-- This site is optimized with the Yoast SEO plugin v27.3 - https:\/\/yoast.com\/product\/yoast-seo-wordpress\/ -->\n<title>Confidentialit\u00e9 | KUNDEL<\/title>\n<meta name=\"robots\" content=\"index, follow, max-snippet:-1, max-image-preview:large, max-video-preview:-1\" \/>\n<link rel=\"canonical\" href=\"https:\/\/kundel.com\/fr\/confidentialite\/\" \/>\n<meta property=\"og:locale\" content=\"fr_FR\" \/>\n<meta property=\"og:type\" content=\"article\" \/>\n<meta property=\"og:title\" content=\"Confidentialit\u00e9 | KUNDEL\" \/>\n<meta property=\"og:description\" content=\"AVIS DE CONFIDENTIALIT\u00c9 Kundel Industries Inc. Collecte de Donn\u00e9es Notresite utilise technologies de partenaires tiers pour nous aider \u00e0 reconna\u00eetre votre appareil et comprendre comment vous utilisez notre ou nos sites, afin que nous puissions am\u00e9liorer nos services pour refl\u00e9ter vos int\u00e9r\u00eats et vous servir des publicit\u00e9s sur les produits et\/ou services qui sont susceptibles [&hellip;]\" \/>\n<meta property=\"og:url\" content=\"https:\/\/kundel.com\/fr\/confidentialite\/\" \/>\n<meta property=\"og:site_name\" content=\"KUNDEL\" \/>\n<meta property=\"article:publisher\" content=\"https:\/\/www.facebook.com\/profile.php?id=100064046048542\" \/>\n<meta property=\"article:modified_time\" content=\"2024-02-20T15:52:45+00:00\" \/>\n<meta name=\"twitter:card\" content=\"summary_large_image\" \/>\n<meta name=\"twitter:site\" content=\"@KundelBoxes\" \/>\n<meta name=\"twitter:label1\" content=\"Dur\u00e9e de lecture estim\u00e9e\" \/>\n\t<meta name=\"twitter:data1\" content=\"2 minutes\" \/>\n<script type=\"application\/ld+json\" class=\"yoast-schema-graph\">{\"@context\":\"https:\\\/\\\/schema.org\",\"@graph\":[{\"@type\":\"WebPage\",\"@id\":\"https:\\\/\\\/kundel.com\\\/fr\\\/confidentialite\\\/\",\"url\":\"https:\\\/\\\/kundel.com\\\/fr\\\/confidentialite\\\/\",\"name\":\"Confidentialit\u00e9 | KUNDEL\",\"isPartOf\":{\"@id\":\"https:\\\/\\\/kundel.com\\\/fr\\\/#website\"},\"datePublished\":\"2020-11-10T12:31:17+00:00\",\"dateModified\":\"2024-02-20T15:52:45+00:00\",\"breadcrumb\":{\"@id\":\"https:\\\/\\\/kundel.com\\\/fr\\\/confidentialite\\\/#breadcrumb\"},\"inLanguage\":\"fr-FR\",\"potentialAction\":[{\"@type\":\"ReadAction\",\"target\":[\"https:\\\/\\\/kundel.com\\\/fr\\\/confidentialite\\\/\"]}]},{\"@type\":\"BreadcrumbList\",\"@id\":\"https:\\\/\\\/kundel.com\\\/fr\\\/confidentialite\\\/#breadcrumb\",\"itemListElement\":[{\"@type\":\"ListItem\",\"position\":1,\"name\":\"Home\",\"item\":\"https:\\\/\\\/kundel.com\\\/fr\\\/\"},{\"@type\":\"ListItem\",\"position\":2,\"name\":\"Confidentialit\u00e9\"}]},{\"@type\":\"WebSite\",\"@id\":\"https:\\\/\\\/kundel.com\\\/fr\\\/#website\",\"url\":\"https:\\\/\\\/kundel.com\\\/fr\\\/\",\"name\":\"KUNDEL\",\"description\":\"Manufacturer of Production Safety Equipment including Overhead cranes, Jib Cranes, Trench Shoring and Bedding Boxes\",\"publisher\":{\"@id\":\"https:\\\/\\\/kundel.com\\\/fr\\\/#organization\"},\"potentialAction\":[{\"@type\":\"SearchAction\",\"target\":{\"@type\":\"EntryPoint\",\"urlTemplate\":\"https:\\\/\\\/kundel.com\\\/fr\\\/?s={search_term_string}\"},\"query-input\":{\"@type\":\"PropertyValueSpecification\",\"valueRequired\":true,\"valueName\":\"search_term_string\"}}],\"inLanguage\":\"fr-FR\"},{\"@type\":\"Organization\",\"@id\":\"https:\\\/\\\/kundel.com\\\/fr\\\/#organization\",\"name\":\"Kundel Industries Inc.\",\"alternateName\":\"Kundel\",\"url\":\"https:\\\/\\\/kundel.com\\\/fr\\\/\",\"logo\":{\"@type\":\"ImageObject\",\"inLanguage\":\"fr-FR\",\"@id\":\"https:\\\/\\\/kundel.com\\\/fr\\\/#\\\/schema\\\/logo\\\/image\\\/\",\"url\":\"https:\\\/\\\/kundel.com\\\/wp-content\\\/uploads\\\/2023\\\/02\\\/Schema-Kundel-Logo.jpg\",\"contentUrl\":\"https:\\\/\\\/kundel.com\\\/wp-content\\\/uploads\\\/2023\\\/02\\\/Schema-Kundel-Logo.jpg\",\"width\":696,\"height\":696,\"caption\":\"Kundel Industries Inc.\"},\"image\":{\"@id\":\"https:\\\/\\\/kundel.com\\\/fr\\\/#\\\/schema\\\/logo\\\/image\\\/\"},\"sameAs\":[\"https:\\\/\\\/www.facebook.com\\\/profile.php?id=100064046048542\",\"https:\\\/\\\/x.com\\\/KundelBoxes\",\"https:\\\/\\\/www.instagram.com\\\/kundelindustries\\\/\",\"https:\\\/\\\/www.linkedin.com\\\/company\\\/kundelindustries\\\/\",\"https:\\\/\\\/www.youtube.com\\\/channel\\\/UCaTKXbyOyIQwt89ySWg1VMw\"]}]}<\/script>\n<!-- \/ Yoast SEO plugin. -->","yoast_head_json":{"title":"Confidentialit\u00e9 | KUNDEL","robots":{"index":"index","follow":"follow","max-snippet":"max-snippet:-1","max-image-preview":"max-image-preview:large","max-video-preview":"max-video-preview:-1"},"canonical":"https:\/\/kundel.com\/fr\/confidentialite\/","og_locale":"fr_FR","og_type":"article","og_title":"Confidentialit\u00e9 | KUNDEL","og_description":"AVIS DE CONFIDENTIALIT\u00c9 Kundel Industries Inc. Collecte de Donn\u00e9es Notresite utilise technologies de partenaires tiers pour nous aider \u00e0 reconna\u00eetre votre appareil et comprendre comment vous utilisez notre ou nos sites, afin que nous puissions am\u00e9liorer nos services pour refl\u00e9ter vos int\u00e9r\u00eats et vous servir des publicit\u00e9s sur les produits et\/ou services qui sont susceptibles [&hellip;]","og_url":"https:\/\/kundel.com\/fr\/confidentialite\/","og_site_name":"KUNDEL","article_publisher":"https:\/\/www.facebook.com\/profile.php?id=100064046048542","article_modified_time":"2024-02-20T15:52:45+00:00","twitter_card":"summary_large_image","twitter_site":"@KundelBoxes","twitter_misc":{"Dur\u00e9e de lecture estim\u00e9e":"2 minutes"},"schema":{"@context":"https:\/\/schema.org","@graph":[{"@type":"WebPage","@id":"https:\/\/kundel.com\/fr\/confidentialite\/","url":"https:\/\/kundel.com\/fr\/confidentialite\/","name":"Confidentialit\u00e9 | KUNDEL","isPartOf":{"@id":"https:\/\/kundel.com\/fr\/#website"},"datePublished":"2020-11-10T12:31:17+00:00","dateModified":"2024-02-20T15:52:45+00:00","breadcrumb":{"@id":"https:\/\/kundel.com\/fr\/confidentialite\/#breadcrumb"},"inLanguage":"fr-FR","potentialAction":[{"@type":"ReadAction","target":["https:\/\/kundel.com\/fr\/confidentialite\/"]}]},{"@type":"BreadcrumbList","@id":"https:\/\/kundel.com\/fr\/confidentialite\/#breadcrumb","itemListElement":[{"@type":"ListItem","position":1,"name":"Home","item":"https:\/\/kundel.com\/fr\/"},{"@type":"ListItem","position":2,"name":"Confidentialit\u00e9"}]},{"@type":"WebSite","@id":"https:\/\/kundel.com\/fr\/#website","url":"https:\/\/kundel.com\/fr\/","name":"KUNDEL","description":"Manufacturer of Production Safety Equipment including Overhead cranes, Jib Cranes, Trench Shoring and Bedding Boxes","publisher":{"@id":"https:\/\/kundel.com\/fr\/#organization"},"potentialAction":[{"@type":"SearchAction","target":{"@type":"EntryPoint","urlTemplate":"https:\/\/kundel.com\/fr\/?s={search_term_string}"},"query-input":{"@type":"PropertyValueSpecification","valueRequired":true,"valueName":"search_term_string"}}],"inLanguage":"fr-FR"},{"@type":"Organization","@id":"https:\/\/kundel.com\/fr\/#organization","name":"Kundel Industries Inc.","alternateName":"Kundel","url":"https:\/\/kundel.com\/fr\/","logo":{"@type":"ImageObject","inLanguage":"fr-FR","@id":"https:\/\/kundel.com\/fr\/#\/schema\/logo\/image\/","url":"https:\/\/kundel.com\/wp-content\/uploads\/2023\/02\/Schema-Kundel-Logo.jpg","contentUrl":"https:\/\/kundel.com\/wp-content\/uploads\/2023\/02\/Schema-Kundel-Logo.jpg","width":696,"height":696,"caption":"Kundel Industries Inc."},"image":{"@id":"https:\/\/kundel.com\/fr\/#\/schema\/logo\/image\/"},"sameAs":["https:\/\/www.facebook.com\/profile.php?id=100064046048542","https:\/\/x.com\/KundelBoxes","https:\/\/www.instagram.com\/kundelindustries\/","https:\/\/www.linkedin.com\/company\/kundelindustries\/","https:\/\/www.youtube.com\/channel\/UCaTKXbyOyIQwt89ySWg1VMw"]}]}},"_links":{"self":[{"href":"https:\/\/kundel.com\/fr\/wp-json\/wp\/v2\/pages\/16121","targetHints":{"allow":["GET"]}}],"collection":[{"href":"https:\/\/kundel.com\/fr\/wp-json\/wp\/v2\/pages"}],"about":[{"href":"https:\/\/kundel.com\/fr\/wp-json\/wp\/v2\/types\/page"}],"author":[{"embeddable":true,"href":"https:\/\/kundel.com\/fr\/wp-json\/wp\/v2\/users\/1"}],"replies":[{"embeddable":true,"href":"https:\/\/kundel.com\/fr\/wp-json\/wp\/v2\/comments?post=16121"}],"version-history":[{"count":3,"href":"https:\/\/kundel.com\/fr\/wp-json\/wp\/v2\/pages\/16121\/revisions"}],"predecessor-version":[{"id":16129,"href":"https:\/\/kundel.com\/fr\/wp-json\/wp\/v2\/pages\/16121\/revisions\/16129"}],"wp:attachment":[{"href":"https:\/\/kundel.com\/fr\/wp-json\/wp\/v2\/media?parent=16121"}],"curies":[{"name":"wp","href":"https:\/\/api.w.org\/{rel}","templated":true}]}}